{"id":985,"date":"2024-09-09T16:44:38","date_gmt":"2024-09-09T14:44:38","guid":{"rendered":"https:\/\/www.hotel-harvey.com\/reservation-en-ligne\/"},"modified":"2024-09-27T16:20:09","modified_gmt":"2024-09-27T14:20:09","slug":"reservar-una-habitacion","status":"publish","type":"page","link":"https:\/\/www.hotel-harvey.com\/es\/reservar-una-habitacion\/","title":{"rendered":"reservation en ligne"},"content":{"rendered":"\n\t<section class=\"section\" id=\"section_1654367376\">\n\t\t<div class=\"bg section-bg fill bg-fill  bg-loaded\" >\n\n\t\t\t\n\t\t\t\n\t\t\t\n\n\t\t<\/div>\n\n\t\t\n\n\t\t<div class=\"section-content relative\">\n\t\t\t\n\n<div class=\"row\"  id=\"row-308203556\">\n\n\n\t<div id=\"col-1398121019\" class=\"col small-12 large-12\"  >\n\t\t\t\t<div class=\"col-inner\"  >\n\t\t\t\n\t\t\t\n\n<div id=\"fb-widget-1\" class=\"fb-widget\" data-fbConfig=\"0\"><\/div>\r\n\r\n    <script class=\"fb-widget-config\" data-fbConfig=\"0\" type=\"application\/json\">\r\n\r\n        {\r\n\r\n            \"params\": [\r\n\r\n                {\r\n\r\n                    \"calendar\": {\r\n\r\n                        \"firstDayOfWeek\": 1,\r\n\r\n                        \"nbMonths2display\": 2,\r\n\r\n                        \"title\": \"RESERVAR UNA HABITACI\u00d3N\",\r\n\r\n                        \"showBestPrice\": true,\r\n\r\n                        \"showLastRoom\": false,\r\n\r\n                        \"showLastRoomThreshold\": 3,\r\n\r\n\t\t\t\t\t\t\"showMinStayDepartureDates\":true,\r\n\r\n\t\t\t\t\t\t\"hideControls\":false,\r\n\r\n                        \"showChildrenAges\": false,\r\n\r\n                        \"themeDark\": false,\r\n\r\n                        \"layoutNum\": 1,\r\n\r\n                        \"roomRateFiltering\": 0,\r\n\r\n                        \"rateFilter\": [],\r\n\r\n                        \"roomFilter\": [],\r\n\r\n                        \"useLoyalty\": false,\r\n\r\n                        \"loyalty\": \"\",\r\n\r\n                        \"loyaltyParams\": {},\r\n\r\n\t\t\t\t\t\t\"useRedirectUrlFromApi\" : true,\r\n\r\n                        \"daysLookAhead\" : 365\r\n\r\n                    },\r\n\r\n                    \"currency\": \"EUR\",\r\n\r\n                    \"locale\": \"es_ES\",\r\n\r\n                    \"maxAdults\": 10,\r\n\r\n                    \"maxChildren\": 2,\r\n\r\n                    \"mainColor\": \"#b0a06c\",\r\n\r\n                    \"themeDark\": false,\r\n\r\n                    \"openFrontInNewTab\": true,\r\n\r\n\t\t\t\t\t\"property\": \"2969-1136\",\r\n\r\n                    \"title\": \"Hotel Harvey\",\r\n\r\n                    \"childrenMaxAge\": 12,\r\n\r\n                    \"fbWidget\": \"Calendar\"\r\n\r\n                }\r\n\r\n            ],\r\n\r\n            \"commonParams\": {\r\n\r\n                \"redirectUrl\": \"https:\/\/www.secure-hotel-booking.com\",\r\n\r\n                \"showPropertiesList\": true,\r\n\r\n                \"demoMode\": false,\r\n\r\n                \"frontUrl\": \"https:\/\/www.secure-hotel-booking.com\"\r\n\r\n            },\r\n\r\n            \"_authCode\": \"eyJhbGciOiJIUzUxMiIsInR5cCI6IkpXVCJ9.eyJib29raW5nRW5naW5lUmVmZXJlbmNlIjoiMjk2OSIsImhvdGVsSWQiOiIxMTM2IiwiZ3JvdXBJZCI6IjM0OSIsInJlZmVyZW5jZVJhdGVDb2RlIjoiRUFSTFkiLCJkaXNwbGF5TmFtZSI6IkhvdGVsLUhhcnZleSIsIm5iZiI6MTcyNDY3OTE1MCwiZXhwIjoyNTM0MDIzMDA4MDAsImlhdCI6MTcyNDY3OTE1MCwiaXNzIjoiQXZhaWxwcm8gQVBJIE1hbmFnZXIiLCJhdWQiOiJkLWVkZ2UifQ.DU-Mbsm9_b3_GMS51VdD8dhzeR2tiKl5S_jo1nU2okTJSJgHdRGfFYd6e-ZvQsBxo-3CmcHaYhquwgTfImfg8A\",\r\n\r\n            \"propertyIndex\": 0,\r\n\r\n            \"version\": \"1.35.0\",\r\n\r\n            \"baseHost\": \"https:\/\/websdk.d-edge.com\"\r\n\r\n        }\r\n\r\n    <\/script>\r\n\r\n    <link rel=\"stylesheet\" property=\"stylesheet\" href=\"https:\/\/websdk.d-edge.com\/widgets\/app.css\">\r\n\r\n    <script type=\"text\/javascript\" src=\"https:\/\/websdk.d-edge.com\/widgets\/app.js\"><\/script>\n\n\n\t\t<\/div>\n\t\t\t\t\t<\/div>\n\n\t\n\n<\/div>\n\n\t\t<\/div>\n\n\t\t\n<style>\n#section_1654367376 {\n  padding-top: 30px;\n  padding-bottom: 30px;\n}\n#section_1654367376 .ux-shape-divider--top svg {\n  height: 150px;\n  --divider-top-width: 100%;\n}\n#section_1654367376 .ux-shape-divider--bottom svg {\n  height: 150px;\n  --divider-width: 100%;\n}\n<\/style>\n\t<\/section>\n\t\n\n","protected":false},"excerpt":{"rendered":"","protected":false},"author":1,"featured_media":0,"parent":0,"menu_order":0,"comment_status":"closed","ping_status":"closed","template":"","meta":{"footnotes":""},"class_list":["post-985","page","type-page","status-publish","hentry"],"yoast_head":"<!-- This site is optimized with the Yoast SEO plugin v24.3 - https:\/\/yoast.com\/wordpress\/plugins\/seo\/ -->\n<title>reservation en ligne - H\u00f4tel Harvey Paris<\/title>\n<meta name=\"robots\" content=\"index, follow, max-snippet:-1, max-image-preview:large, max-video-preview:-1\" \/>\n<link rel=\"canonical\" href=\"https:\/\/www.hotel-harvey.com\/es\/reservar-una-habitacion\/\" \/>\n<meta property=\"og:locale\" content=\"es_ES\" \/>\n<meta property=\"og:type\" content=\"article\" \/>\n<meta property=\"og:title\" content=\"reservation en ligne - H\u00f4tel Harvey Paris\" \/>\n<meta property=\"og:url\" content=\"https:\/\/www.hotel-harvey.com\/es\/reservar-una-habitacion\/\" \/>\n<meta property=\"og:site_name\" content=\"H\u00f4tel Harvey Paris\" \/>\n<meta property=\"article:publisher\" content=\"https:\/\/www.facebook.com\/hotelharveyparis\/\" \/>\n<meta property=\"article:modified_time\" content=\"2024-09-27T14:20:09+00:00\" \/>\n<meta name=\"twitter:card\" content=\"summary_large_image\" \/>\n<meta name=\"twitter:label1\" content=\"Tiempo de lectura\" \/>\n\t<meta name=\"twitter:data1\" content=\"1 minuto\" \/>\n<script type=\"application\/ld+json\" class=\"yoast-schema-graph\">{\"@context\":\"https:\/\/schema.org\",\"@graph\":[{\"@type\":\"WebPage\",\"@id\":\"https:\/\/www.hotel-harvey.com\/es\/reservar-una-habitacion\/\",\"url\":\"https:\/\/www.hotel-harvey.com\/es\/reservar-una-habitacion\/\",\"name\":\"reservation en ligne - H\u00f4tel Harvey Paris\",\"isPartOf\":{\"@id\":\"https:\/\/www.hotel-harvey.com\/#website\"},\"datePublished\":\"2024-09-09T14:44:38+00:00\",\"dateModified\":\"2024-09-27T14:20:09+00:00\",\"breadcrumb\":{\"@id\":\"https:\/\/www.hotel-harvey.com\/es\/reservar-una-habitacion\/#breadcrumb\"},\"inLanguage\":\"es\",\"potentialAction\":[{\"@type\":\"ReadAction\",\"target\":[\"https:\/\/www.hotel-harvey.com\/es\/reservar-una-habitacion\/\"]}]},{\"@type\":\"BreadcrumbList\",\"@id\":\"https:\/\/www.hotel-harvey.com\/es\/reservar-una-habitacion\/#breadcrumb\",\"itemListElement\":[{\"@type\":\"ListItem\",\"position\":1,\"name\":\"Accueil\",\"item\":\"https:\/\/www.hotel-harvey.com\/es\/\"},{\"@type\":\"ListItem\",\"position\":2,\"name\":\"reservation en ligne\"}]},{\"@type\":\"WebSite\",\"@id\":\"https:\/\/www.hotel-harvey.com\/#website\",\"url\":\"https:\/\/www.hotel-harvey.com\/\",\"name\":\"H\u00f4tel Harvey Paris\",\"description\":\"H\u00f4tel de charme \u00e0 Porte Maillot\",\"publisher\":{\"@id\":\"https:\/\/www.hotel-harvey.com\/#organization\"},\"potentialAction\":[{\"@type\":\"SearchAction\",\"target\":{\"@type\":\"EntryPoint\",\"urlTemplate\":\"https:\/\/www.hotel-harvey.com\/?s={search_term_string}\"},\"query-input\":{\"@type\":\"PropertyValueSpecification\",\"valueRequired\":true,\"valueName\":\"search_term_string\"}}],\"inLanguage\":\"es\"},{\"@type\":\"Organization\",\"@id\":\"https:\/\/www.hotel-harvey.com\/#organization\",\"name\":\"H\u00f4tel Harvey Paris\",\"url\":\"https:\/\/www.hotel-harvey.com\/\",\"logo\":{\"@type\":\"ImageObject\",\"inLanguage\":\"es\",\"@id\":\"https:\/\/www.hotel-harvey.com\/#\/schema\/logo\/image\/\",\"url\":\"https:\/\/www.hotel-harvey.com\/wp-content\/uploads\/2022\/10\/logo-hotel-harvey-paris-1.jpg\",\"contentUrl\":\"https:\/\/www.hotel-harvey.com\/wp-content\/uploads\/2022\/10\/logo-hotel-harvey-paris-1.jpg\",\"width\":295,\"height\":295,\"caption\":\"H\u00f4tel Harvey Paris\"},\"image\":{\"@id\":\"https:\/\/www.hotel-harvey.com\/#\/schema\/logo\/image\/\"},\"sameAs\":[\"https:\/\/www.facebook.com\/hotelharveyparis\/\",\"https:\/\/www.instagram.com\/hotelharveyparis\/\"]}]}<\/script>\n<!-- \/ Yoast SEO plugin. -->","yoast_head_json":{"title":"reservation en ligne - H\u00f4tel Harvey Paris","robots":{"index":"index","follow":"follow","max-snippet":"max-snippet:-1","max-image-preview":"max-image-preview:large","max-video-preview":"max-video-preview:-1"},"canonical":"https:\/\/www.hotel-harvey.com\/es\/reservar-una-habitacion\/","og_locale":"es_ES","og_type":"article","og_title":"reservation en ligne - H\u00f4tel Harvey Paris","og_url":"https:\/\/www.hotel-harvey.com\/es\/reservar-una-habitacion\/","og_site_name":"H\u00f4tel Harvey Paris","article_publisher":"https:\/\/www.facebook.com\/hotelharveyparis\/","article_modified_time":"2024-09-27T14:20:09+00:00","twitter_card":"summary_large_image","twitter_misc":{"Tiempo de lectura":"1 minuto"},"schema":{"@context":"https:\/\/schema.org","@graph":[{"@type":"WebPage","@id":"https:\/\/www.hotel-harvey.com\/es\/reservar-una-habitacion\/","url":"https:\/\/www.hotel-harvey.com\/es\/reservar-una-habitacion\/","name":"reservation en ligne - H\u00f4tel Harvey Paris","isPartOf":{"@id":"https:\/\/www.hotel-harvey.com\/#website"},"datePublished":"2024-09-09T14:44:38+00:00","dateModified":"2024-09-27T14:20:09+00:00","breadcrumb":{"@id":"https:\/\/www.hotel-harvey.com\/es\/reservar-una-habitacion\/#breadcrumb"},"inLanguage":"es","potentialAction":[{"@type":"ReadAction","target":["https:\/\/www.hotel-harvey.com\/es\/reservar-una-habitacion\/"]}]},{"@type":"BreadcrumbList","@id":"https:\/\/www.hotel-harvey.com\/es\/reservar-una-habitacion\/#breadcrumb","itemListElement":[{"@type":"ListItem","position":1,"name":"Accueil","item":"https:\/\/www.hotel-harvey.com\/es\/"},{"@type":"ListItem","position":2,"name":"reservation en ligne"}]},{"@type":"WebSite","@id":"https:\/\/www.hotel-harvey.com\/#website","url":"https:\/\/www.hotel-harvey.com\/","name":"H\u00f4tel Harvey Paris","description":"H\u00f4tel de charme \u00e0 Porte Maillot","publisher":{"@id":"https:\/\/www.hotel-harvey.com\/#organization"},"potentialAction":[{"@type":"SearchAction","target":{"@type":"EntryPoint","urlTemplate":"https:\/\/www.hotel-harvey.com\/?s={search_term_string}"},"query-input":{"@type":"PropertyValueSpecification","valueRequired":true,"valueName":"search_term_string"}}],"inLanguage":"es"},{"@type":"Organization","@id":"https:\/\/www.hotel-harvey.com\/#organization","name":"H\u00f4tel Harvey Paris","url":"https:\/\/www.hotel-harvey.com\/","logo":{"@type":"ImageObject","inLanguage":"es","@id":"https:\/\/www.hotel-harvey.com\/#\/schema\/logo\/image\/","url":"https:\/\/www.hotel-harvey.com\/wp-content\/uploads\/2022\/10\/logo-hotel-harvey-paris-1.jpg","contentUrl":"https:\/\/www.hotel-harvey.com\/wp-content\/uploads\/2022\/10\/logo-hotel-harvey-paris-1.jpg","width":295,"height":295,"caption":"H\u00f4tel Harvey Paris"},"image":{"@id":"https:\/\/www.hotel-harvey.com\/#\/schema\/logo\/image\/"},"sameAs":["https:\/\/www.facebook.com\/hotelharveyparis\/","https:\/\/www.instagram.com\/hotelharveyparis\/"]}]}},"_links":{"self":[{"href":"https:\/\/www.hotel-harvey.com\/es\/wp-json\/wp\/v2\/pages\/985","targetHints":{"allow":["GET"]}}],"collection":[{"href":"https:\/\/www.hotel-harvey.com\/es\/wp-json\/wp\/v2\/pages"}],"about":[{"href":"https:\/\/www.hotel-harvey.com\/es\/wp-json\/wp\/v2\/types\/page"}],"author":[{"embeddable":true,"href":"https:\/\/www.hotel-harvey.com\/es\/wp-json\/wp\/v2\/users\/1"}],"replies":[{"embeddable":true,"href":"https:\/\/www.hotel-harvey.com\/es\/wp-json\/wp\/v2\/comments?post=985"}],"version-history":[{"count":1,"href":"https:\/\/www.hotel-harvey.com\/es\/wp-json\/wp\/v2\/pages\/985\/revisions"}],"predecessor-version":[{"id":987,"href":"https:\/\/www.hotel-harvey.com\/es\/wp-json\/wp\/v2\/pages\/985\/revisions\/987"}],"wp:attachment":[{"href":"https:\/\/www.hotel-harvey.com\/es\/wp-json\/wp\/v2\/media?parent=985"}],"curies":[{"name":"wp","href":"https:\/\/api.w.org\/{rel}","templated":true}]}}