{"id":578,"date":"2022-09-13T11:40:36","date_gmt":"2022-09-13T09:40:36","guid":{"rendered":"https:\/\/hotel-harvey.com\/new\/situation-hotel-harvey-paris\/"},"modified":"2024-09-22T23:01:52","modified_gmt":"2024-09-22T21:01:52","slug":"ubicacion-hotel-harvey-paris","status":"publish","type":"page","link":"https:\/\/www.hotel-harvey.com\/es\/ubicacion-hotel-harvey-paris\/","title":{"rendered":"Situation"},"content":{"rendered":"\n\t<section class=\"section\" id=\"section_1855673398\">\n\t\t<div class=\"bg section-bg fill bg-fill  bg-loaded\" >\n\n\t\t\t\n\t\t\t\n\t\t\t\n\n\t\t<\/div>\n\n\t\t\n\n\t\t<div class=\"section-content relative\">\n\t\t\t\n\n\n\n<iframe src=\"https:\/\/www.google.com\/maps\/embed?pb=!1m18!1m12!1m3!1d13223.75358522529!2d2.2841379665795425!3d48.87870268990398!2m3!1f0!2f0!3f0!3m2!1i1024!2i768!4f13.1!3m3!1m2!1s0x47e66f8cd162a1a9%3A0x9a6c6d257824a66e!2s7%20Rue%20du%20D%C3%A9barcad%C3%A8re%2C%2075017%20Paris!5e0!3m2!1sfr!2sfr!4v1660032513171!5m2!1sfr!2sfr\" width=\"100%\" height=\"350\" style=\"border:0;\" allowfullscreen=\"\" loading=\"lazy\" referrerpolicy=\"no-referrer-when-downgrade\"><\/iframe>\n\n\n\t\t<\/div>\n\n\t\t\n<style>\n#section_1855673398 {\n  padding-top: 0px;\n  padding-bottom: 0px;\n}\n#section_1855673398 .ux-shape-divider--top svg {\n  height: 150px;\n  --divider-top-width: 100%;\n}\n#section_1855673398 .ux-shape-divider--bottom svg {\n  height: 150px;\n  --divider-width: 100%;\n}\n<\/style>\n\t<\/section>\n\t\n\t<section class=\"section\" id=\"section_115980010\">\n\t\t<div class=\"bg section-bg fill bg-fill  bg-loaded\" >\n\n\t\t\t\n\t\t\t\n\t\t\t\n\n\t\t<\/div>\n\n\t\t\n\n\t\t<div class=\"section-content relative\">\n\t\t\t\n\n<div class=\"row\"  id=\"row-1992898828\">\n\n\n\t<div id=\"col-1041194494\" class=\"col small-12 large-12\"  data-animate=\"fadeInUp\">\n\t\t\t\t<div class=\"col-inner\"  >\n\t\t\t\n\t\t\t\n\n<h1 class=\"uppercase\" style=\"text-align: center;\">Ubicaci\u00f3n del hotel Harvey Par\u00eds Porte Maillot<\/h1>\n<div class=\"text-center\"><div class=\"is-divider divider clearfix\" style=\"max-width:150px;\"><\/div><\/div>\n\n\n\t\t<\/div>\n\t\t\t\t\t<\/div>\n\n\t\n\n\t<div id=\"col-928961837\" class=\"col medium-6 small-12 large-6\"  data-animate=\"fadeInLeft\">\n\t\t\t\t<div class=\"col-inner\"  >\n\t\t\t\n\t\t\t\n\n<p>(Coord. GPS : Lat 48.87781242 Long. : 2.285928726)<br \/>Ubicado a dos pasos de la Porte Maillot, nuestro Hotel tiene acceso a numerosos medios de transporte:<\/p>\n<p><strong>Aparcamientos :<\/strong>\u00a0Palais des Congr\u00e8s \u2013 Porte Maillot: a 2 min del Hotel<br \/>Rue Brunel (tarifa preferente): a 2 min del Hotel<\/p>\n<p><strong>Taxis :<\/strong>\u00a0Hay una parada de taxis a 3 min del Hotel<\/p>\n<p><strong>M\u00e9tro :<\/strong>\u00a0L\u00ednea 1 \u2013 Estaci\u00f3n Porte Maillot<\/p>\n<p><strong>RER :<\/strong>\u00a0L\u00ednea C \u2013 Estaci\u00f3n Porte Maillot<\/p>\n<p><strong>Autob\u00fas :<\/strong><br \/>Parada \u00abPorte Maillot\u00bb situada en el Bd Gouvion Saint Cyr (73 \u2013 43 \u2013 82 \u2013 PC1 \u2013 PC3)<\/p>\n\n\t\t<\/div>\n\t\t\t\t\t<\/div>\n\n\t\n\n\t<div id=\"col-10168026\" class=\"col medium-6 small-12 large-6\"  data-animate=\"fadeInRight\">\n\t\t\t\t<div class=\"col-inner\"  >\n\t\t\t\n\t\t\t\n\n\t<div class=\"img has-hover x md-x lg-x y md-y lg-y\" id=\"image_703873554\">\n\t\t\t\t\t\t\t\t<div class=\"img-inner image-cover dark\" style=\"padding-top:86%;\">\n\t\t\t<img decoding=\"async\" width=\"1020\" height=\"680\" src=\"https:\/\/www.hotel-harvey.com\/wp-content\/uploads\/2022\/09\/facade-hotel-harvey-paris-3-1024x683.jpg\" class=\"attachment-large size-large\" alt=\"H\u00f4tel Harvey Paris Porte Maillot\" srcset=\"https:\/\/www.hotel-harvey.com\/wp-content\/uploads\/2022\/09\/facade-hotel-harvey-paris-3-1024x683.jpg 1024w, https:\/\/www.hotel-harvey.com\/wp-content\/uploads\/2022\/09\/facade-hotel-harvey-paris-3-300x200.jpg 300w, https:\/\/www.hotel-harvey.com\/wp-content\/uploads\/2022\/09\/facade-hotel-harvey-paris-3-768x512.jpg 768w, https:\/\/www.hotel-harvey.com\/wp-content\/uploads\/2022\/09\/facade-hotel-harvey-paris-3.jpg 1200w\" sizes=\"(max-width: 1020px) 100vw, 1020px\" \/>\t\t\t\t\t\t\n\t\t\t\t\t<\/div>\n\t\t\t\t\t\t\t\t\n<style>\n#image_703873554 {\n  width: 100%;\n}\n<\/style>\n\t<\/div>\n\t\n\n\n\t\t<\/div>\n\t\t\t\t\t<\/div>\n\n\t\n\n<\/div>\n<div class=\"row align-center\"  id=\"row-2090714551\">\n\n\n\t<div id=\"col-744239114\" class=\"col small-12 large-12\"  data-animate=\"fadeInUp\">\n\t\t\t\t<div class=\"col-inner\"  >\n\t\t\t\n\t\t\t\n\n<p><em>\u2013 Autob\u00fas desde Porte Maillot<\/em><\/p>\n<ul>\n<li>73 : (De lunes a s\u00e1bado)<br \/>&lt;= La D\u00e9fense<br \/>=&gt;Porte Maillot =&gt;Campos El\u00edseos =&gt; Concordia =&gt; Museo de Orsay<\/li>\n<li>43: (Todos los d\u00edas Hasta las 22.00)<br \/>&lt;= Neuilly-Bagatelle &lt;= Bosque de Boulogne &lt;= Porte Maillot<br \/>=&gt; Avenue des Ternes =&gt; Bd Haussmann =&gt; Saint-Lazare y grandes almacenes =&gt; Estaci\u00f3n del Norte<\/li>\n<li>82: (Todos los d\u00edas)<br \/>&lt;= Hospital Americano de Neuilly &lt;= Porte Maillot<br \/>=&gt; Porte Maillot =&gt; Victor Hugo =&gt; Trocadero =&gt; Torre Eiffel =&gt; Inv\u00e1lidos =&gt; Montparnasse =&gt; Jardines de Luxemburgo<\/li>\n<li>PC1: (Todos los d\u00edas, incluso por la noche)<br \/>Porte Maillot =&gt; Porte d\u2019Auteuil Rolland Garros =&gt; Porte de Saint-Cloud =&gt; Pont du Garigliano =&gt; Tramway =&gt; Porte de Versailles<\/li>\n<li>PC3: (Todos los d\u00edas, incluso por la noche)<br \/>Porte Maillot =&gt; Porte Champerret =&gt; Porte de Saint-Ouen (Puces) =&gt; Porte de la Villette (Cit\u00e9 des sciences)<\/li>\n<\/ul>\n<p><em>\u2013 Desde l\u2019Etoile :<\/em><\/p>\n<ul>\n<li>92: (Todos los d\u00edas Hasta las 22.00)<br \/>Porte Champerret &lt;= Etoile =&gt; Avenue Marceau =&gt; Inv\u00e1lidos =&gt; Montparnasse<\/li>\n<\/ul>\n<p><strong>Velib :<\/strong>\u00a0Hay bicicletas disponibles en un estacionamiento a 2 min del Hotel<\/p>\n<p><strong>Avi\u00f3n :<\/strong><\/p>\n<ul>\n<li>Aeropuerto de Beauvais:<br \/>Coger el autob\u00fas lanzadera hasta la parada Bd Pershing, situada a 7 min a pie del Hotel<\/li>\n<\/ul>\n<p><strong>Tren :<\/strong><\/p>\n<ul>\n<li>Estaci\u00f3n de Austerlitz TGV a 7 km, 40 min en taxi<\/li>\n<li>Estaci\u00f3n Saint Lazare a 3 km, 20 min en taxi<\/li>\n<li>Estaci\u00f3n de Montparnasse TGV a 5 km, 30 min en taxi<\/li>\n<li>Estaci\u00f3n de Lyon TGV a 6 km, 30 min en taxi<\/li>\n<li>Estaci\u00f3n del Norte TGV a 6 km, 30 min en taxi<\/li>\n<\/ul>\n\n\t\t<\/div>\n\t\t\t\t\t<\/div>\n\n\t\n\n<\/div>\n\n\t\t<\/div>\n\n\t\t\n<style>\n#section_115980010 {\n  padding-top: 30px;\n  padding-bottom: 30px;\n}\n#section_115980010 .ux-shape-divider--top svg {\n  height: 150px;\n  --divider-top-width: 100%;\n}\n#section_115980010 .ux-shape-divider--bottom svg {\n  height: 150px;\n  --divider-width: 100%;\n}\n<\/style>\n\t<\/section>\n\t\n\n","protected":false},"excerpt":{"rendered":"","protected":false},"author":1,"featured_media":0,"parent":0,"menu_order":0,"comment_status":"closed","ping_status":"closed","template":"page-blank.php","meta":{"footnotes":""},"class_list":["post-578","page","type-page","status-publish","hentry"],"yoast_head":"<!-- This site is optimized with the Yoast SEO plugin v24.3 - https:\/\/yoast.com\/wordpress\/plugins\/seo\/ -->\n<title>Ubicado a dos pasos de la Porte Maillot - Hotel Harvey Paris - Porte Maillot<\/title>\n<meta name=\"description\" content=\"Ubicado a dos pasos de la Porte Maillot, nuestro Hotel tiene acceso a numerosos medios de transporte publicos\" \/>\n<meta name=\"robots\" content=\"index, follow, max-snippet:-1, max-image-preview:large, max-video-preview:-1\" \/>\n<link rel=\"canonical\" href=\"https:\/\/www.hotel-harvey.com\/es\/ubicacion-hotel-harvey-paris\/\" \/>\n<meta property=\"og:locale\" content=\"es_ES\" \/>\n<meta property=\"og:type\" content=\"article\" \/>\n<meta property=\"og:title\" content=\"Ubicado a dos pasos de la Porte Maillot - Hotel Harvey Paris - Porte Maillot\" \/>\n<meta property=\"og:description\" content=\"Ubicado a dos pasos de la Porte Maillot, nuestro Hotel tiene acceso a numerosos medios de transporte publicos\" \/>\n<meta property=\"og:url\" content=\"https:\/\/www.hotel-harvey.com\/es\/ubicacion-hotel-harvey-paris\/\" \/>\n<meta property=\"og:site_name\" content=\"H\u00f4tel Harvey Paris\" \/>\n<meta property=\"article:publisher\" content=\"https:\/\/www.facebook.com\/hotelharveyparis\/\" \/>\n<meta property=\"article:modified_time\" content=\"2024-09-22T21:01:52+00:00\" \/>\n<meta name=\"twitter:card\" content=\"summary_large_image\" \/>\n<meta name=\"twitter:label1\" content=\"Tiempo de lectura\" \/>\n\t<meta name=\"twitter:data1\" content=\"2 minutos\" \/>\n<script type=\"application\/ld+json\" class=\"yoast-schema-graph\">{\"@context\":\"https:\/\/schema.org\",\"@graph\":[{\"@type\":\"WebPage\",\"@id\":\"https:\/\/www.hotel-harvey.com\/es\/ubicacion-hotel-harvey-paris\/\",\"url\":\"https:\/\/www.hotel-harvey.com\/es\/ubicacion-hotel-harvey-paris\/\",\"name\":\"Ubicado a dos pasos de la Porte Maillot - Hotel Harvey Paris - Porte Maillot\",\"isPartOf\":{\"@id\":\"https:\/\/www.hotel-harvey.com\/#website\"},\"datePublished\":\"2022-09-13T09:40:36+00:00\",\"dateModified\":\"2024-09-22T21:01:52+00:00\",\"description\":\"Ubicado a dos pasos de la Porte Maillot, nuestro Hotel tiene acceso a numerosos medios de transporte publicos\",\"breadcrumb\":{\"@id\":\"https:\/\/www.hotel-harvey.com\/es\/ubicacion-hotel-harvey-paris\/#breadcrumb\"},\"inLanguage\":\"es\",\"potentialAction\":[{\"@type\":\"ReadAction\",\"target\":[\"https:\/\/www.hotel-harvey.com\/es\/ubicacion-hotel-harvey-paris\/\"]}]},{\"@type\":\"BreadcrumbList\",\"@id\":\"https:\/\/www.hotel-harvey.com\/es\/ubicacion-hotel-harvey-paris\/#breadcrumb\",\"itemListElement\":[{\"@type\":\"ListItem\",\"position\":1,\"name\":\"Accueil\",\"item\":\"https:\/\/www.hotel-harvey.com\/es\/\"},{\"@type\":\"ListItem\",\"position\":2,\"name\":\"Situation\"}]},{\"@type\":\"WebSite\",\"@id\":\"https:\/\/www.hotel-harvey.com\/#website\",\"url\":\"https:\/\/www.hotel-harvey.com\/\",\"name\":\"H\u00f4tel Harvey Paris\",\"description\":\"H\u00f4tel de charme \u00e0 Porte Maillot\",\"publisher\":{\"@id\":\"https:\/\/www.hotel-harvey.com\/#organization\"},\"potentialAction\":[{\"@type\":\"SearchAction\",\"target\":{\"@type\":\"EntryPoint\",\"urlTemplate\":\"https:\/\/www.hotel-harvey.com\/?s={search_term_string}\"},\"query-input\":{\"@type\":\"PropertyValueSpecification\",\"valueRequired\":true,\"valueName\":\"search_term_string\"}}],\"inLanguage\":\"es\"},{\"@type\":\"Organization\",\"@id\":\"https:\/\/www.hotel-harvey.com\/#organization\",\"name\":\"H\u00f4tel Harvey Paris\",\"url\":\"https:\/\/www.hotel-harvey.com\/\",\"logo\":{\"@type\":\"ImageObject\",\"inLanguage\":\"es\",\"@id\":\"https:\/\/www.hotel-harvey.com\/#\/schema\/logo\/image\/\",\"url\":\"https:\/\/www.hotel-harvey.com\/wp-content\/uploads\/2022\/10\/logo-hotel-harvey-paris-1.jpg\",\"contentUrl\":\"https:\/\/www.hotel-harvey.com\/wp-content\/uploads\/2022\/10\/logo-hotel-harvey-paris-1.jpg\",\"width\":295,\"height\":295,\"caption\":\"H\u00f4tel Harvey Paris\"},\"image\":{\"@id\":\"https:\/\/www.hotel-harvey.com\/#\/schema\/logo\/image\/\"},\"sameAs\":[\"https:\/\/www.facebook.com\/hotelharveyparis\/\",\"https:\/\/www.instagram.com\/hotelharveyparis\/\"]}]}<\/script>\n<!-- \/ Yoast SEO plugin. -->","yoast_head_json":{"title":"Ubicado a dos pasos de la Porte Maillot - Hotel Harvey Paris - Porte Maillot","description":"Ubicado a dos pasos de la Porte Maillot, nuestro Hotel tiene acceso a numerosos medios de transporte publicos","robots":{"index":"index","follow":"follow","max-snippet":"max-snippet:-1","max-image-preview":"max-image-preview:large","max-video-preview":"max-video-preview:-1"},"canonical":"https:\/\/www.hotel-harvey.com\/es\/ubicacion-hotel-harvey-paris\/","og_locale":"es_ES","og_type":"article","og_title":"Ubicado a dos pasos de la Porte Maillot - Hotel Harvey Paris - Porte Maillot","og_description":"Ubicado a dos pasos de la Porte Maillot, nuestro Hotel tiene acceso a numerosos medios de transporte publicos","og_url":"https:\/\/www.hotel-harvey.com\/es\/ubicacion-hotel-harvey-paris\/","og_site_name":"H\u00f4tel Harvey Paris","article_publisher":"https:\/\/www.facebook.com\/hotelharveyparis\/","article_modified_time":"2024-09-22T21:01:52+00:00","twitter_card":"summary_large_image","twitter_misc":{"Tiempo de lectura":"2 minutos"},"schema":{"@context":"https:\/\/schema.org","@graph":[{"@type":"WebPage","@id":"https:\/\/www.hotel-harvey.com\/es\/ubicacion-hotel-harvey-paris\/","url":"https:\/\/www.hotel-harvey.com\/es\/ubicacion-hotel-harvey-paris\/","name":"Ubicado a dos pasos de la Porte Maillot - Hotel Harvey Paris - Porte Maillot","isPartOf":{"@id":"https:\/\/www.hotel-harvey.com\/#website"},"datePublished":"2022-09-13T09:40:36+00:00","dateModified":"2024-09-22T21:01:52+00:00","description":"Ubicado a dos pasos de la Porte Maillot, nuestro Hotel tiene acceso a numerosos medios de transporte publicos","breadcrumb":{"@id":"https:\/\/www.hotel-harvey.com\/es\/ubicacion-hotel-harvey-paris\/#breadcrumb"},"inLanguage":"es","potentialAction":[{"@type":"ReadAction","target":["https:\/\/www.hotel-harvey.com\/es\/ubicacion-hotel-harvey-paris\/"]}]},{"@type":"BreadcrumbList","@id":"https:\/\/www.hotel-harvey.com\/es\/ubicacion-hotel-harvey-paris\/#breadcrumb","itemListElement":[{"@type":"ListItem","position":1,"name":"Accueil","item":"https:\/\/www.hotel-harvey.com\/es\/"},{"@type":"ListItem","position":2,"name":"Situation"}]},{"@type":"WebSite","@id":"https:\/\/www.hotel-harvey.com\/#website","url":"https:\/\/www.hotel-harvey.com\/","name":"H\u00f4tel Harvey Paris","description":"H\u00f4tel de charme \u00e0 Porte Maillot","publisher":{"@id":"https:\/\/www.hotel-harvey.com\/#organization"},"potentialAction":[{"@type":"SearchAction","target":{"@type":"EntryPoint","urlTemplate":"https:\/\/www.hotel-harvey.com\/?s={search_term_string}"},"query-input":{"@type":"PropertyValueSpecification","valueRequired":true,"valueName":"search_term_string"}}],"inLanguage":"es"},{"@type":"Organization","@id":"https:\/\/www.hotel-harvey.com\/#organization","name":"H\u00f4tel Harvey Paris","url":"https:\/\/www.hotel-harvey.com\/","logo":{"@type":"ImageObject","inLanguage":"es","@id":"https:\/\/www.hotel-harvey.com\/#\/schema\/logo\/image\/","url":"https:\/\/www.hotel-harvey.com\/wp-content\/uploads\/2022\/10\/logo-hotel-harvey-paris-1.jpg","contentUrl":"https:\/\/www.hotel-harvey.com\/wp-content\/uploads\/2022\/10\/logo-hotel-harvey-paris-1.jpg","width":295,"height":295,"caption":"H\u00f4tel Harvey Paris"},"image":{"@id":"https:\/\/www.hotel-harvey.com\/#\/schema\/logo\/image\/"},"sameAs":["https:\/\/www.facebook.com\/hotelharveyparis\/","https:\/\/www.instagram.com\/hotelharveyparis\/"]}]}},"_links":{"self":[{"href":"https:\/\/www.hotel-harvey.com\/es\/wp-json\/wp\/v2\/pages\/578","targetHints":{"allow":["GET"]}}],"collection":[{"href":"https:\/\/www.hotel-harvey.com\/es\/wp-json\/wp\/v2\/pages"}],"about":[{"href":"https:\/\/www.hotel-harvey.com\/es\/wp-json\/wp\/v2\/types\/page"}],"author":[{"embeddable":true,"href":"https:\/\/www.hotel-harvey.com\/es\/wp-json\/wp\/v2\/users\/1"}],"replies":[{"embeddable":true,"href":"https:\/\/www.hotel-harvey.com\/es\/wp-json\/wp\/v2\/comments?post=578"}],"version-history":[{"count":3,"href":"https:\/\/www.hotel-harvey.com\/es\/wp-json\/wp\/v2\/pages\/578\/revisions"}],"predecessor-version":[{"id":966,"href":"https:\/\/www.hotel-harvey.com\/es\/wp-json\/wp\/v2\/pages\/578\/revisions\/966"}],"wp:attachment":[{"href":"https:\/\/www.hotel-harvey.com\/es\/wp-json\/wp\/v2\/media?parent=578"}],"curies":[{"name":"wp","href":"https:\/\/api.w.org\/{rel}","templated":true}]}}