{"id":570,"date":"2022-09-13T16:56:23","date_gmt":"2022-09-13T14:56:23","guid":{"rendered":"https:\/\/hotel-harvey.com\/new\/quartier-hotel-harvey-paris\/"},"modified":"2024-09-22T22:59:47","modified_gmt":"2024-09-22T20:59:47","slug":"barrio-porte-maillot-hotel-harvey-paris","status":"publish","type":"page","link":"https:\/\/www.hotel-harvey.com\/es\/barrio-porte-maillot-hotel-harvey-paris\/","title":{"rendered":"Le quartier"},"content":{"rendered":"\n\t<section class=\"section\" id=\"section_2088502010\">\n\t\t<div class=\"bg section-bg fill bg-fill  bg-loaded\" >\n\n\t\t\t\n\t\t\t\n\t\t\t\n\n\t\t<\/div>\n\n\t\t\n\n\t\t<div class=\"section-content relative\">\n\t\t\t\n\n\n\n<iframe src=\"https:\/\/www.google.com\/maps\/embed?pb=!1m18!1m12!1m3!1d13223.75358522529!2d2.2841379665795425!3d48.87870268990398!2m3!1f0!2f0!3f0!3m2!1i1024!2i768!4f13.1!3m3!1m2!1s0x47e66f8cd162a1a9%3A0x9a6c6d257824a66e!2s7%20Rue%20du%20D%C3%A9barcad%C3%A8re%2C%2075017%20Paris!5e0!3m2!1sfr!2sfr!4v1660032513171!5m2!1sfr!2sfr\" width=\"100%\" height=\"350\" style=\"border:0;\" allowfullscreen=\"\" loading=\"lazy\" referrerpolicy=\"no-referrer-when-downgrade\"><\/iframe>\n\n\n\t\t<\/div>\n\n\t\t\n<style>\n#section_2088502010 {\n  padding-top: 0px;\n  padding-bottom: 0px;\n}\n#section_2088502010 .ux-shape-divider--top svg {\n  height: 150px;\n  --divider-top-width: 100%;\n}\n#section_2088502010 .ux-shape-divider--bottom svg {\n  height: 150px;\n  --divider-width: 100%;\n}\n<\/style>\n\t<\/section>\n\t\n\t<section class=\"section\" id=\"section_1913552203\">\n\t\t<div class=\"bg section-bg fill bg-fill  bg-loaded\" >\n\n\t\t\t\n\t\t\t\n\t\t\t\n\n\t\t<\/div>\n\n\t\t\n\n\t\t<div class=\"section-content relative\">\n\t\t\t\n\n<div class=\"row row-large\"  id=\"row-105653726\">\n\n\n\t<div id=\"col-2122169692\" class=\"col small-12 large-12\"  data-animate=\"fadeInUp\">\n\t\t\t\t<div class=\"col-inner\"  >\n\t\t\t\n\t\t\t\n\n<h1 class=\"uppercase\" style=\"text-align: center;\">Ubicaci\u00f3n del hotel Harvey Par\u00eds Porte Maillot<\/h1>\n\t<div id=\"gap-465249785\" class=\"gap-element clearfix\" style=\"display:block; height:auto;\">\n\t\t\n<style>\n#gap-465249785 {\n  padding-top: 28px;\n}\n<\/style>\n\t<\/div>\n\t\n\n<div class=\"text-center\"><div class=\"is-divider divider clearfix\" style=\"max-width:150px;\"><\/div><\/div>\n\n\n\t\t<\/div>\n\t\t\t\t\t<\/div>\n\n\t\n\n\t<div id=\"col-325769972\" class=\"col medium-12 small-12 large-6\"  data-animate=\"fadeInLeft\">\n\t\t\t\t<div class=\"col-inner\"  >\n\t\t\t\n\t\t\t\n\n<h2>EL BARRIO<\/h2>\n<p>El barrio de\u00a0<strong>Porte Maillot<\/strong>\u00a0se encuentra en el l\u00edmite oeste de Par\u00eds, en el eje que une el\u00a0<strong>Arco del Triunfo<\/strong>\u00a0y los\u00a0<strong>Campos El\u00edseos<\/strong>\u00a0con el distrito financiero de\u00a0<strong>Paris La D\u00e9fense<\/strong>.<\/p>\n<p>El barrio ofrece unas posibilidades muy interesantes:<\/p>\n<ul>\n<li>El\u00a0<strong>Palacio de Congresos<\/strong>\u00a0de Par\u00eds es un centro econ\u00f3mico y cultural importante de la capital.<br \/>Acoge ferias y congresos nacionales e internacionales, as\u00ed como 80 tiendas para ir de compras, salones de t\u00e9 y 4 salas de cine.<\/li>\n<\/ul>\n<ul>\n<li><strong>Barrio de Ternes:<\/strong>\u00a0la Avenue des Ternes, situada a 5 min del Hotel, te permitir\u00e1 disfrutar de las rebajas gracias a sus numerosas tiendas de moda, de deporte, de cultura y de decoraci\u00f3n de marcas nacionales e internacionales.<\/li>\n<\/ul>\n<p>Numerosos\u00a0<strong>caf\u00e9s Parisinos o \u00abde moda\u00bb<\/strong>\u00a0te ofrecen un momento de descanso o una pausa para comer.<\/p>\n<p>Del mismo modo, los\u00a0<strong>restaurantes del barrio<\/strong>\u00a0te ofrecen una selecci\u00f3n de cocinas tradicionales Francesas e internacionales. Muchos de ellos abren todos los d\u00edas de la semana y algunos sirven hasta la 1.00 de la madrugada.<\/p>\n<p>Los deportistas encontrar\u00e1n a 2 pasos del hotel una\u00a0<strong>sala de fitness y spas : Club Med gym\u00a0<\/strong>con cartas al dia<strong>.\u00a0<\/strong><\/p>\n<p>El\u00a0<strong>Bosque de Boulogne<\/strong>, un aut\u00e9ntico pulm\u00f3n verde de Par\u00eds, te permitir\u00e1 hacer jogging o darte un sencillo paseo en un buc\u00f3lico marco de verdor.<\/p>\n<p>Lavander\u00eda p\u00fablica a 5 minutos.<\/p>\n\n\t\t<\/div>\n\t\t\t\t\t<\/div>\n\n\t\n\n\t<div id=\"col-620775860\" class=\"col medium-12 small-12 large-6\"  data-animate=\"fadeInRight\">\n\t\t\t\t<div class=\"col-inner\"  >\n\t\t\t\n\t\t\t\n\n<h2>NUESTROS SITIOS FAVORITOS CERCA DEL HOTEL:<\/h2>\n<p><strong>Sala de fitness y spa:<\/strong><br \/>Club Med Gym Maillot : 17 Rue du D\u00e9barcad\u00e8re \u2013 75017 Paris \u2013 t\u00e9l : 01 45 74 14 04<\/p>\n<p>Restaurantes \u2013 Cafeter\u00edas \u2013 Braser\u00edas a 2 pasos:<\/p>\n<ul>\n<li>Brasserie \u00ab\u00a0Le Saint Ferdinand\u00a0\u00bb<br \/>34 place Saint-Ferdinand, 75017 Paris<br \/>Tel : 01 45 74 50 74<br \/>Cocina tradicional francesa servida en un ambiente elegante y moderno, con azulejos de damero o en la terraza.<\/li>\n<li>\u00abLe Congr\u00e8s\u00bb<br \/>80 Avenue de la Grande Arm\u00e9e 75017<br \/>Braser\u00eda tradicional en la que se sirve marisco.<br \/>Tel.: 01 45 74 17 24.<br \/>Abierto todos los d\u00edas.<\/li>\n<li>\u00abLe Relais de Venise\u00bb<br \/>271 Bd P\u00e9reire 75017 \u2013<br \/>Tel.: 01 45 74 27 97.<br \/>No admite reservas.<br \/>\u00a1Para degustar un entrecot con su c\u00e9lebre salsa verde \u00abbrevet\u00e9e\u00bb!<\/li>\n<li>\u00abLe Mandarin\u00bb<br \/>47 Boulevard Gouvion Saint Cyr 75017 \u2013<br \/>Tel.: 01 45 74 34 34.<br \/>Restaurante chino tradicional. Muy buena relaci\u00f3n calidad-precio.<\/li>\n<li>\u00abTimgad\u00bb<br \/>2 rue Brunel 75017 \u2013<br \/>Tel.: 01 45 74 23 70.<br \/>Cusc\u00fas marroqu\u00ed. Local acogedor y refinado.<br \/>El cusc\u00fas tiene reputaci\u00f3n de ser excelente.<\/li>\n<\/ul>\n<p>\u00a0<\/p>\n<p>\u00a0<\/p>\n\n\t\t<\/div>\n\t\t\t\t\t<\/div>\n\n\t\n\n<\/div>\n<div class=\"row align-center\"  id=\"row-1662029684\">\n\n\n\t<div id=\"col-155190020\" class=\"col small-12 large-12\"  data-animate=\"fadeInUp\">\n\t\t\t\t<div class=\"col-inner\"  >\n\t\t\t\n\t\t\t\n\n\t<div class=\"img has-hover x md-x lg-x y md-y lg-y\" id=\"image_1585222023\">\n\t\t\t\t\t\t\t\t<div class=\"img-inner image-cover dark\" style=\"padding-top:56.25%;\">\n\t\t\t<img decoding=\"async\" width=\"1020\" height=\"680\" src=\"https:\/\/www.hotel-harvey.com\/wp-content\/uploads\/2022\/08\/situation-hotel-harvey-paris-1-1024x683.jpg\" class=\"attachment-large size-large\" alt=\"H\u00f4tel Harvey Paris orte Maillot\" srcset=\"https:\/\/www.hotel-harvey.com\/wp-content\/uploads\/2022\/08\/situation-hotel-harvey-paris-1-1024x683.jpg 1024w, https:\/\/www.hotel-harvey.com\/wp-content\/uploads\/2022\/08\/situation-hotel-harvey-paris-1-300x200.jpg 300w, https:\/\/www.hotel-harvey.com\/wp-content\/uploads\/2022\/08\/situation-hotel-harvey-paris-1-768x512.jpg 768w, https:\/\/www.hotel-harvey.com\/wp-content\/uploads\/2022\/08\/situation-hotel-harvey-paris-1.jpg 1500w\" sizes=\"(max-width: 1020px) 100vw, 1020px\" \/>\t\t\t\t\t\t\n\t\t\t\t\t<\/div>\n\t\t\t\t\t\t\t\t\n<style>\n#image_1585222023 {\n  width: 100%;\n}\n<\/style>\n\t<\/div>\n\t\n\n\n\t\t<\/div>\n\t\t\t\t\t<\/div>\n\n\t\n\n<\/div>\n\n\t\t<\/div>\n\n\t\t\n<style>\n#section_1913552203 {\n  padding-top: 30px;\n  padding-bottom: 30px;\n}\n#section_1913552203 .ux-shape-divider--top svg {\n  height: 150px;\n  --divider-top-width: 100%;\n}\n#section_1913552203 .ux-shape-divider--bottom svg {\n  height: 150px;\n  --divider-width: 100%;\n}\n<\/style>\n\t<\/section>\n\t\n\n","protected":false},"excerpt":{"rendered":"","protected":false},"author":1,"featured_media":0,"parent":0,"menu_order":0,"comment_status":"closed","ping_status":"closed","template":"page-blank.php","meta":{"footnotes":""},"class_list":["post-570","page","type-page","status-publish","hentry"],"yoast_head":"<!-- This site is optimized with the Yoast SEO plugin v24.3 - https:\/\/yoast.com\/wordpress\/plugins\/seo\/ -->\n<title>Ubicacion - Hotel Harvey Paris - Porte Maillot - Palacio de Congresos<\/title>\n<meta name=\"description\" content=\"Ubicaci\u00f3n - Hotel Harvey Paris - Porte Maillot - Centro de convenciones - Ubicado entre el Arco de Triunfo y los Campos El\u00edseos, cerca de Paris-La Defense.\" \/>\n<meta name=\"robots\" content=\"index, follow, max-snippet:-1, max-image-preview:large, max-video-preview:-1\" \/>\n<link rel=\"canonical\" href=\"https:\/\/www.hotel-harvey.com\/es\/barrio-porte-maillot-hotel-harvey-paris\/\" \/>\n<meta property=\"og:locale\" content=\"es_ES\" \/>\n<meta property=\"og:type\" content=\"article\" \/>\n<meta property=\"og:title\" content=\"Ubicacion - Hotel Harvey Paris - Porte Maillot - Palacio de Congresos\" \/>\n<meta property=\"og:description\" content=\"Ubicaci\u00f3n - Hotel Harvey Paris - Porte Maillot - Centro de convenciones - Ubicado entre el Arco de Triunfo y los Campos El\u00edseos, cerca de Paris-La Defense.\" \/>\n<meta property=\"og:url\" content=\"https:\/\/www.hotel-harvey.com\/es\/barrio-porte-maillot-hotel-harvey-paris\/\" \/>\n<meta property=\"og:site_name\" content=\"H\u00f4tel Harvey Paris\" \/>\n<meta property=\"article:publisher\" content=\"https:\/\/www.facebook.com\/hotelharveyparis\/\" \/>\n<meta property=\"article:modified_time\" content=\"2024-09-22T20:59:47+00:00\" \/>\n<meta name=\"twitter:card\" content=\"summary_large_image\" \/>\n<meta name=\"twitter:label1\" content=\"Tiempo de lectura\" \/>\n\t<meta name=\"twitter:data1\" content=\"3 minutos\" \/>\n<script type=\"application\/ld+json\" class=\"yoast-schema-graph\">{\"@context\":\"https:\/\/schema.org\",\"@graph\":[{\"@type\":\"WebPage\",\"@id\":\"https:\/\/www.hotel-harvey.com\/es\/barrio-porte-maillot-hotel-harvey-paris\/\",\"url\":\"https:\/\/www.hotel-harvey.com\/es\/barrio-porte-maillot-hotel-harvey-paris\/\",\"name\":\"Ubicacion - Hotel Harvey Paris - Porte Maillot - Palacio de Congresos\",\"isPartOf\":{\"@id\":\"https:\/\/www.hotel-harvey.com\/#website\"},\"datePublished\":\"2022-09-13T14:56:23+00:00\",\"dateModified\":\"2024-09-22T20:59:47+00:00\",\"description\":\"Ubicaci\u00f3n - Hotel Harvey Paris - Porte Maillot - Centro de convenciones - Ubicado entre el Arco de Triunfo y los Campos El\u00edseos, cerca de Paris-La Defense.\",\"breadcrumb\":{\"@id\":\"https:\/\/www.hotel-harvey.com\/es\/barrio-porte-maillot-hotel-harvey-paris\/#breadcrumb\"},\"inLanguage\":\"es\",\"potentialAction\":[{\"@type\":\"ReadAction\",\"target\":[\"https:\/\/www.hotel-harvey.com\/es\/barrio-porte-maillot-hotel-harvey-paris\/\"]}]},{\"@type\":\"BreadcrumbList\",\"@id\":\"https:\/\/www.hotel-harvey.com\/es\/barrio-porte-maillot-hotel-harvey-paris\/#breadcrumb\",\"itemListElement\":[{\"@type\":\"ListItem\",\"position\":1,\"name\":\"Accueil\",\"item\":\"https:\/\/www.hotel-harvey.com\/es\/\"},{\"@type\":\"ListItem\",\"position\":2,\"name\":\"Le quartier\"}]},{\"@type\":\"WebSite\",\"@id\":\"https:\/\/www.hotel-harvey.com\/#website\",\"url\":\"https:\/\/www.hotel-harvey.com\/\",\"name\":\"H\u00f4tel Harvey Paris\",\"description\":\"H\u00f4tel de charme \u00e0 Porte Maillot\",\"publisher\":{\"@id\":\"https:\/\/www.hotel-harvey.com\/#organization\"},\"potentialAction\":[{\"@type\":\"SearchAction\",\"target\":{\"@type\":\"EntryPoint\",\"urlTemplate\":\"https:\/\/www.hotel-harvey.com\/?s={search_term_string}\"},\"query-input\":{\"@type\":\"PropertyValueSpecification\",\"valueRequired\":true,\"valueName\":\"search_term_string\"}}],\"inLanguage\":\"es\"},{\"@type\":\"Organization\",\"@id\":\"https:\/\/www.hotel-harvey.com\/#organization\",\"name\":\"H\u00f4tel Harvey Paris\",\"url\":\"https:\/\/www.hotel-harvey.com\/\",\"logo\":{\"@type\":\"ImageObject\",\"inLanguage\":\"es\",\"@id\":\"https:\/\/www.hotel-harvey.com\/#\/schema\/logo\/image\/\",\"url\":\"https:\/\/www.hotel-harvey.com\/wp-content\/uploads\/2022\/10\/logo-hotel-harvey-paris-1.jpg\",\"contentUrl\":\"https:\/\/www.hotel-harvey.com\/wp-content\/uploads\/2022\/10\/logo-hotel-harvey-paris-1.jpg\",\"width\":295,\"height\":295,\"caption\":\"H\u00f4tel Harvey Paris\"},\"image\":{\"@id\":\"https:\/\/www.hotel-harvey.com\/#\/schema\/logo\/image\/\"},\"sameAs\":[\"https:\/\/www.facebook.com\/hotelharveyparis\/\",\"https:\/\/www.instagram.com\/hotelharveyparis\/\"]}]}<\/script>\n<!-- \/ Yoast SEO plugin. -->","yoast_head_json":{"title":"Ubicacion - Hotel Harvey Paris - Porte Maillot - Palacio de Congresos","description":"Ubicaci\u00f3n - Hotel Harvey Paris - Porte Maillot - Centro de convenciones - Ubicado entre el Arco de Triunfo y los Campos El\u00edseos, cerca de Paris-La Defense.","robots":{"index":"index","follow":"follow","max-snippet":"max-snippet:-1","max-image-preview":"max-image-preview:large","max-video-preview":"max-video-preview:-1"},"canonical":"https:\/\/www.hotel-harvey.com\/es\/barrio-porte-maillot-hotel-harvey-paris\/","og_locale":"es_ES","og_type":"article","og_title":"Ubicacion - Hotel Harvey Paris - Porte Maillot - Palacio de Congresos","og_description":"Ubicaci\u00f3n - Hotel Harvey Paris - Porte Maillot - Centro de convenciones - Ubicado entre el Arco de Triunfo y los Campos El\u00edseos, cerca de Paris-La Defense.","og_url":"https:\/\/www.hotel-harvey.com\/es\/barrio-porte-maillot-hotel-harvey-paris\/","og_site_name":"H\u00f4tel Harvey Paris","article_publisher":"https:\/\/www.facebook.com\/hotelharveyparis\/","article_modified_time":"2024-09-22T20:59:47+00:00","twitter_card":"summary_large_image","twitter_misc":{"Tiempo de lectura":"3 minutos"},"schema":{"@context":"https:\/\/schema.org","@graph":[{"@type":"WebPage","@id":"https:\/\/www.hotel-harvey.com\/es\/barrio-porte-maillot-hotel-harvey-paris\/","url":"https:\/\/www.hotel-harvey.com\/es\/barrio-porte-maillot-hotel-harvey-paris\/","name":"Ubicacion - Hotel Harvey Paris - Porte Maillot - Palacio de Congresos","isPartOf":{"@id":"https:\/\/www.hotel-harvey.com\/#website"},"datePublished":"2022-09-13T14:56:23+00:00","dateModified":"2024-09-22T20:59:47+00:00","description":"Ubicaci\u00f3n - Hotel Harvey Paris - Porte Maillot - Centro de convenciones - Ubicado entre el Arco de Triunfo y los Campos El\u00edseos, cerca de Paris-La Defense.","breadcrumb":{"@id":"https:\/\/www.hotel-harvey.com\/es\/barrio-porte-maillot-hotel-harvey-paris\/#breadcrumb"},"inLanguage":"es","potentialAction":[{"@type":"ReadAction","target":["https:\/\/www.hotel-harvey.com\/es\/barrio-porte-maillot-hotel-harvey-paris\/"]}]},{"@type":"BreadcrumbList","@id":"https:\/\/www.hotel-harvey.com\/es\/barrio-porte-maillot-hotel-harvey-paris\/#breadcrumb","itemListElement":[{"@type":"ListItem","position":1,"name":"Accueil","item":"https:\/\/www.hotel-harvey.com\/es\/"},{"@type":"ListItem","position":2,"name":"Le quartier"}]},{"@type":"WebSite","@id":"https:\/\/www.hotel-harvey.com\/#website","url":"https:\/\/www.hotel-harvey.com\/","name":"H\u00f4tel Harvey Paris","description":"H\u00f4tel de charme \u00e0 Porte Maillot","publisher":{"@id":"https:\/\/www.hotel-harvey.com\/#organization"},"potentialAction":[{"@type":"SearchAction","target":{"@type":"EntryPoint","urlTemplate":"https:\/\/www.hotel-harvey.com\/?s={search_term_string}"},"query-input":{"@type":"PropertyValueSpecification","valueRequired":true,"valueName":"search_term_string"}}],"inLanguage":"es"},{"@type":"Organization","@id":"https:\/\/www.hotel-harvey.com\/#organization","name":"H\u00f4tel Harvey Paris","url":"https:\/\/www.hotel-harvey.com\/","logo":{"@type":"ImageObject","inLanguage":"es","@id":"https:\/\/www.hotel-harvey.com\/#\/schema\/logo\/image\/","url":"https:\/\/www.hotel-harvey.com\/wp-content\/uploads\/2022\/10\/logo-hotel-harvey-paris-1.jpg","contentUrl":"https:\/\/www.hotel-harvey.com\/wp-content\/uploads\/2022\/10\/logo-hotel-harvey-paris-1.jpg","width":295,"height":295,"caption":"H\u00f4tel Harvey Paris"},"image":{"@id":"https:\/\/www.hotel-harvey.com\/#\/schema\/logo\/image\/"},"sameAs":["https:\/\/www.facebook.com\/hotelharveyparis\/","https:\/\/www.instagram.com\/hotelharveyparis\/"]}]}},"_links":{"self":[{"href":"https:\/\/www.hotel-harvey.com\/es\/wp-json\/wp\/v2\/pages\/570","targetHints":{"allow":["GET"]}}],"collection":[{"href":"https:\/\/www.hotel-harvey.com\/es\/wp-json\/wp\/v2\/pages"}],"about":[{"href":"https:\/\/www.hotel-harvey.com\/es\/wp-json\/wp\/v2\/types\/page"}],"author":[{"embeddable":true,"href":"https:\/\/www.hotel-harvey.com\/es\/wp-json\/wp\/v2\/users\/1"}],"replies":[{"embeddable":true,"href":"https:\/\/www.hotel-harvey.com\/es\/wp-json\/wp\/v2\/comments?post=570"}],"version-history":[{"count":3,"href":"https:\/\/www.hotel-harvey.com\/es\/wp-json\/wp\/v2\/pages\/570\/revisions"}],"predecessor-version":[{"id":962,"href":"https:\/\/www.hotel-harvey.com\/es\/wp-json\/wp\/v2\/pages\/570\/revisions\/962"}],"wp:attachment":[{"href":"https:\/\/www.hotel-harvey.com\/es\/wp-json\/wp\/v2\/media?parent=570"}],"curies":[{"name":"wp","href":"https:\/\/api.w.org\/{rel}","templated":true}]}}