{"id":566,"date":"2022-09-13T08:50:45","date_gmt":"2022-09-13T06:50:45","guid":{"rendered":"https:\/\/hotel-harvey.com\/new\/services-hotel-harvey-paris\/"},"modified":"2024-09-22T22:58:55","modified_gmt":"2024-09-22T20:58:55","slug":"servicios-hotel-harvey-paris","status":"publish","type":"page","link":"https:\/\/www.hotel-harvey.com\/es\/servicios-hotel-harvey-paris\/","title":{"rendered":"Equipements et services"},"content":{"rendered":"\n\t<section class=\"section\" id=\"section_987097039\">\n\t\t<div class=\"bg section-bg fill bg-fill  bg-loaded\" >\n\n\t\t\t\n\t\t\t\n\t\t\t\n\n\t\t<\/div>\n\n\t\t\n\n\t\t<div class=\"section-content relative\">\n\t\t\t\n\n<div class=\"slider-wrapper relative\" id=\"slider-1744542809\" >\n    <div class=\"slider slider-nav-circle slider-nav-large slider-nav-light slider-style-normal\"\n        data-flickity-options='{\n            \"cellAlign\": \"center\",\n            \"imagesLoaded\": true,\n            \"lazyLoad\": 1,\n            \"freeScroll\": false,\n            \"wrapAround\": true,\n            \"autoPlay\": 6000,\n            \"pauseAutoPlayOnHover\" : true,\n            \"prevNextButtons\": true,\n            \"contain\" : true,\n            \"adaptiveHeight\" : true,\n            \"dragThreshold\" : 10,\n            \"percentPosition\": true,\n            \"pageDots\": true,\n            \"rightToLeft\": false,\n            \"draggable\": true,\n            \"selectedAttraction\": 0.1,\n            \"parallax\" : 0,\n            \"friction\": 0.6        }'\n        >\n        \n\n\n  <div class=\"banner has-hover\" id=\"banner-171304937\">\n          <div class=\"banner-inner fill\">\n        <div class=\"banner-bg fill\" >\n            <div class=\"bg fill bg-fill \"><\/div>\n                                    \n                    <\/div>\n\t\t\n        <div class=\"banner-layers container\">\n            <div class=\"fill banner-link\"><\/div>            \n\n   <div id=\"text-box-866012564\" class=\"text-box banner-layer hide-for-small x50 md-x50 lg-x50 y90 md-y90 lg-y50 res-text\">\n                     <div data-animate=\"flipInY\">           <div class=\"text-box-content text dark\">\n              \n              <div class=\"text-inner text-center\">\n                  \n\n<h3 class=\"alt-font\">Desayuno, amenidades&#8230;<\/h3>\n<div class=\"is-divider divider clearfix\" ><\/div>\n\n<h1 class=\"h-large uppercase\"><strong><span style=\"font-size: 120%;\">NUESTROS SERVICIOS<\/span><\/strong><\/h1>\n<div class=\"is-divider divider clearfix\" ><\/div>\n\n<a rel=\"noopener noreferrer\" href=\"https:\/\/www.secure-hotel-booking.com\/hotel-harvey\/2969\/dateselection?language=es\" target=\"_blank\" class=\"button success\"  >\n    <span>Reserva tu habitaci\u00f3n<\/span>\n  <\/a>\n\n\n\n              <\/div>\n           <\/div>\n       <\/div>                     \n<style>\n#text-box-866012564 {\n  width: 67%;\n}\n#text-box-866012564 .text-box-content {\n  font-size: 100%;\n}\n<\/style>\n    <\/div>\n \n\n        <\/div>\n      <\/div>\n\n            \n<style>\n#banner-171304937 {\n  padding-top: 56.25%;\n}\n#banner-171304937 .bg.bg-loaded {\n  background-image: url(https:\/\/www.hotel-harvey.com\/wp-content\/uploads\/2022\/09\/hotel-harvey-paris-salle-pdj-6.jpg);\n}\n#banner-171304937 .ux-shape-divider--top svg {\n  height: 150px;\n  --divider-top-width: 100%;\n}\n#banner-171304937 .ux-shape-divider--bottom svg {\n  height: 150px;\n  --divider-width: 100%;\n}\n<\/style>\n  <\/div>\n\n\n\n  <div class=\"banner has-hover\" id=\"banner-1443293855\">\n          <div class=\"banner-inner fill\">\n        <div class=\"banner-bg fill\" >\n            <div class=\"bg fill bg-fill \"><\/div>\n                                    \n                    <\/div>\n\t\t\n        <div class=\"banner-layers container\">\n            <div class=\"fill banner-link\"><\/div>            \n\n   <div id=\"text-box-1019831604\" class=\"text-box banner-layer hide-for-small x50 md-x50 lg-x50 y90 md-y90 lg-y50 res-text\">\n                     <div data-animate=\"flipInY\">           <div class=\"text-box-content text dark\">\n              \n              <div class=\"text-inner text-center\">\n                  \n\n<h3 class=\"alt-font\">Petit-d\u00e9jeuner, \u00e9quipements&#8230;<\/h3>\n<div class=\"is-divider divider clearfix\" ><\/div>\n\n<h1 class=\"h-large uppercase\"><strong><span style=\"font-size: 120%;\">NOS SERVICES<\/span><\/strong><\/h1>\n<div class=\"is-divider divider clearfix\" ><\/div>\n\n<a rel=\"noopener noreferrer\" href=\"https:\/\/www.secure-hotel-booking.com\/hotel-harvey\/2969\/dateselection?language=fr\" target=\"_blank\" class=\"button success\"  >\n    <span>R\u00e9server une chambre<\/span>\n  <\/a>\n\n\n\n              <\/div>\n           <\/div>\n       <\/div>                     \n<style>\n#text-box-1019831604 {\n  width: 67%;\n}\n#text-box-1019831604 .text-box-content {\n  font-size: 100%;\n}\n<\/style>\n    <\/div>\n \n\n        <\/div>\n      <\/div>\n\n            \n<style>\n#banner-1443293855 {\n  padding-top: 56.25%;\n}\n#banner-1443293855 .bg.bg-loaded {\n  background-image: url(https:\/\/www.hotel-harvey.com\/wp-content\/uploads\/2023\/01\/Harvey_3_HD.jpg);\n}\n#banner-1443293855 .ux-shape-divider--top svg {\n  height: 150px;\n  --divider-top-width: 100%;\n}\n#banner-1443293855 .ux-shape-divider--bottom svg {\n  height: 150px;\n  --divider-width: 100%;\n}\n<\/style>\n  <\/div>\n\n\n\n  <div class=\"banner has-hover\" id=\"banner-477211295\">\n          <div class=\"banner-inner fill\">\n        <div class=\"banner-bg fill\" >\n            <div class=\"bg fill bg-fill \"><\/div>\n                                    \n                    <\/div>\n\t\t\n        <div class=\"banner-layers container\">\n            <div class=\"fill banner-link\"><\/div>            \n\n   <div id=\"text-box-212618878\" class=\"text-box banner-layer hide-for-small x50 md-x50 lg-x50 y90 md-y90 lg-y50 res-text\">\n                     <div data-animate=\"flipInY\">           <div class=\"text-box-content text dark\">\n              \n              <div class=\"text-inner text-center\">\n                  \n\n<h3 class=\"alt-font\">Petit-d\u00e9jeuner, \u00e9quipements&#8230;<\/h3>\n<div class=\"is-divider divider clearfix\" ><\/div>\n\n<h1 class=\"h-large uppercase\"><strong><span style=\"font-size: 120%;\">NOS SERVICES<\/span><\/strong><\/h1>\n<div class=\"is-divider divider clearfix\" ><\/div>\n\n<a rel=\"noopener noreferrer\" href=\"https:\/\/www.secure-hotel-booking.com\/hotel-harvey\/2969\/dateselection?language=fr\" target=\"_blank\" class=\"button success\"  >\n    <span>R\u00e9server une chambre<\/span>\n  <\/a>\n\n\n\n              <\/div>\n           <\/div>\n       <\/div>                     \n<style>\n#text-box-212618878 {\n  width: 67%;\n}\n#text-box-212618878 .text-box-content {\n  font-size: 100%;\n}\n<\/style>\n    <\/div>\n \n\n        <\/div>\n      <\/div>\n\n            \n<style>\n#banner-477211295 {\n  padding-top: 56.25%;\n}\n#banner-477211295 .bg.bg-loaded {\n  background-image: url(https:\/\/www.hotel-harvey.com\/wp-content\/uploads\/2023\/01\/Harvey_1_HD.jpg);\n}\n#banner-477211295 .ux-shape-divider--top svg {\n  height: 150px;\n  --divider-top-width: 100%;\n}\n#banner-477211295 .ux-shape-divider--bottom svg {\n  height: 150px;\n  --divider-width: 100%;\n}\n<\/style>\n  <\/div>\n\n\n\n     <\/div>\n\n     <div class=\"loading-spin dark large centered\"><\/div>\n\n     \t<\/div>\n\n\n\t<div id=\"gap-1763863155\" class=\"gap-element clearfix\" style=\"display:block; height:auto;\">\n\t\t\n<style>\n#gap-1763863155 {\n  padding-top: 30px;\n}\n<\/style>\n\t<\/div>\n\t\n\n\n\t\t<\/div>\n\n\t\t\n<style>\n#section_987097039 {\n  padding-top: 0px;\n  padding-bottom: 0px;\n}\n#section_987097039 .ux-shape-divider--top svg {\n  height: 150px;\n  --divider-top-width: 100%;\n}\n#section_987097039 .ux-shape-divider--bottom svg {\n  height: 150px;\n  --divider-width: 100%;\n}\n<\/style>\n\t<\/section>\n\t\n\t<section class=\"section\" id=\"section_1005102476\">\n\t\t<div class=\"bg section-bg fill bg-fill  bg-loaded\" >\n\n\t\t\t\n\t\t\t\n\t\t\t\n\n\t\t<\/div>\n\n\t\t\n\n\t\t<div class=\"section-content relative\">\n\t\t\t\n\n<div class=\"row align-middle align-center\"  id=\"row-174039169\">\n\n\n\t<div id=\"col-575134928\" class=\"col medium-10 small-12 large-10\"  data-animate=\"fadeInUp\">\n\t\t\t\t<div class=\"col-inner\"  >\n\t\t\t\n\t\t\t\n\n<h1 class=\"uppercase\" style=\"text-align: center;\">Instalaciones y servicios:<\/h1>\n\t<div id=\"gap-2091140220\" class=\"gap-element clearfix\" style=\"display:block; height:auto;\">\n\t\t\n<style>\n#gap-2091140220 {\n  padding-top: 30px;\n}\n<\/style>\n\t<\/div>\n\t\n\n<div class=\"text-center\"><div class=\"is-divider divider clearfix\" style=\"max-width:150px;\"><\/div><\/div>\n\n\n\t\t<\/div>\n\t\t\t\t\n<style>\n#col-575134928 > .col-inner {\n  padding: 0px 0px 0px 0px;\n}\n<\/style>\n\t<\/div>\n\n\t\n\n<\/div>\n<div class=\"row row-collapse row-full-width\"  id=\"row-1009334790\">\n\n\n\t<div id=\"col-720989300\" class=\"col medium-12 small-12 large-5\"  data-animate=\"fadeInLeft\">\n\t\t\t\t<div class=\"col-inner box-shadow-3\"  >\n\t\t\t\n\t\t\t\n\n\n  <div class=\"banner has-hover\" id=\"banner-1900741320\">\n          <div class=\"banner-inner fill\">\n        <div class=\"banner-bg fill\" >\n            <div class=\"bg fill bg-fill \"><\/div>\n                                    \n                    <\/div>\n\t\t\n        <div class=\"banner-layers container\">\n            <div class=\"fill banner-link\"><\/div>            \n\n   <div id=\"text-box-866621443\" class=\"text-box banner-layer x50 md-x50 lg-x50 y50 md-y50 lg-y50 res-text\">\n                                <div class=\"text-box-content text dark\">\n              \n              <div class=\"text-inner text-center\">\n                  \n\n\n              <\/div>\n           <\/div>\n                            \n<style>\n#text-box-866621443 {\n  width: 60%;\n}\n#text-box-866621443 .text-box-content {\n  font-size: 100%;\n}\n<\/style>\n    <\/div>\n \n\n        <\/div>\n      <\/div>\n\n            \n<style>\n#banner-1900741320 {\n  padding-top: 65%;\n}\n#banner-1900741320 .bg.bg-loaded {\n  background-image: url(https:\/\/www.hotel-harvey.com\/wp-content\/uploads\/2022\/09\/hotel-harvey-paris-salle-pdj-4-1024x683.jpg);\n}\n#banner-1900741320 .ux-shape-divider--top svg {\n  height: 150px;\n  --divider-top-width: 100%;\n}\n#banner-1900741320 .ux-shape-divider--bottom svg {\n  height: 150px;\n  --divider-width: 100%;\n}\n<\/style>\n  <\/div>\n\n\n\n\t\t<\/div>\n\t\t\t\t\t<\/div>\n\n\t\n\n\t<div id=\"col-953686073\" class=\"col medium-12 small-12 large-7\"  data-animate=\"fadeInRight\">\n\t\t\t\t<div class=\"col-inner\"  >\n\t\t\t\n\t\t\t\n\n<h2>Desayuno<\/h2>\n<div>Desayuno buffet en la planta baja con vistas al exterior con terraza verde.&nbsp;<\/div>\n<div>Precio: 14\u20ac y -50% para ni\u00f1os hasta 12 a\u00f1os.<\/div>\n<div>Servido de 7 a. m. a 11 a. m.<\/div>\n<div>(Posibilidad de instalaci\u00f3n m\u00e1s temprano por la ma\u00f1ana en caso de limitaciones de tiempo, y dieta especial sin gluten\/lactosa &#8211; bajo petici\u00f3n el d\u00eda anterior)<\/div>\n<div>Composici\u00f3n: desayuno gourmet con buffet dulce y salado; amplia variedad de delicias para todos los gustos:<\/div>\n<div>Bebidas calientes: caf\u00e9, a base de granos de caf\u00e9, capuchino, latte macchiato, caf\u00e9 americano,\u2026 t\u00e9s de varias calidades, chocolate con leche, tisanas.<\/div>\n<div>Baguettes y boller\u00eda variada: croissants de mantequilla, croissants de chocolate, brioches, etc., cereales (corn flakes, copos de chocolate, mueslis, etc.), mantequilla, mermeladas, miel, Nutella, zumos de frutas, macedonia de frutas frescas, surtido de yogures de granja, quesos franceses y embutidos: jam\u00f3n seco, jam\u00f3n cocido, pollo&#8230;<\/div>\n\n\t\t<\/div>\n\t\t\t\t\n<style>\n#col-953686073 > .col-inner {\n  padding: 20px 50px 20px 50px;\n}\n<\/style>\n\t<\/div>\n\n\t\n\n<\/div>\n<div class=\"text-center\"><div class=\"is-divider divider clearfix\" style=\"max-width:150px;\"><\/div><\/div>\n\n<div class=\"row row-collapse row-full-width\"  id=\"row-95114283\">\n\n\n\t<div id=\"col-1785563500\" class=\"col medium-12 small-12 large-7\"  data-animate=\"fadeInRight\">\n\t\t\t\t<div class=\"col-inner\"  >\n\t\t\t\n\t\t\t\n\n<h2>Servicios de habitaciones<\/h2>\n<ul>\n<li>Wi-Fi gratis<\/li>\n<li>Escritorio con l\u00e1mpara<\/li>\n<li>Bandeja de cortes\u00eda: tetera, tazas, t\u00e9s, tisanas, caf\u00e9.<\/li>\n<li>Amenities sin parabenos en el ba\u00f1o.<\/li>\n<li>TV Satelital con min 24 canales internacionales \/ Radio \/ Despertador&nbsp; \u2013 talla 28\u2019 en habitaciones Etoile.<\/li>\n<li>Tel\u00e9fono Directo<\/li>\n<li>Mesitas de noche con luz de lectura LED<\/li>\n<li>Minibar<\/li>\n<li>Aire acondicionado con ajuste individual<\/li>\n<li>Guardarropa y caja fuerte individual<\/li>\n<\/ul>\n\n\t\t<\/div>\n\t\t\t\t\n<style>\n#col-1785563500 > .col-inner {\n  padding: 20px 50px 20px 50px;\n}\n<\/style>\n\t<\/div>\n\n\t\n\n\t<div id=\"col-1628987506\" class=\"col medium-12 small-12 large-5 medium-col-first\"  data-animate=\"fadeInLeft\">\n\t\t\t\t<div class=\"col-inner box-shadow-3\"  >\n\t\t\t\n\t\t\t\n\n\n  <div class=\"banner has-hover\" id=\"banner-1495569362\">\n          <div class=\"banner-inner fill\">\n        <div class=\"banner-bg fill\" >\n            <div class=\"bg fill bg-fill \"><\/div>\n                                    \n                    <\/div>\n\t\t\n        <div class=\"banner-layers container\">\n            <div class=\"fill banner-link\"><\/div>            \n\n   <div id=\"text-box-830746538\" class=\"text-box banner-layer x50 md-x50 lg-x50 y50 md-y50 lg-y50 res-text\">\n                                <div class=\"text-box-content text dark\">\n              \n              <div class=\"text-inner text-center\">\n                  \n\n\n              <\/div>\n           <\/div>\n                            \n<style>\n#text-box-830746538 {\n  width: 60%;\n}\n#text-box-830746538 .text-box-content {\n  font-size: 100%;\n}\n<\/style>\n    <\/div>\n \n\n        <\/div>\n      <\/div>\n\n            \n<style>\n#banner-1495569362 {\n  padding-top: 71%;\n}\n#banner-1495569362 .bg.bg-loaded {\n  background-image: url(https:\/\/www.hotel-harvey.com\/wp-content\/uploads\/2022\/09\/chambre-superieure-hotel-harvey-4-1024x683.jpg);\n}\n#banner-1495569362 .ux-shape-divider--top svg {\n  height: 150px;\n  --divider-top-width: 100%;\n}\n#banner-1495569362 .ux-shape-divider--bottom svg {\n  height: 150px;\n  --divider-width: 100%;\n}\n<\/style>\n  <\/div>\n\n\n\n\t\t<\/div>\n\t\t\t\t\t<\/div>\n\n\t\n\n<\/div>\n<div class=\"text-center\"><div class=\"is-divider divider clearfix\" style=\"max-width:150px;\"><\/div><\/div>\n\n<div class=\"row row-collapse row-full-width\"  id=\"row-896581190\">\n\n\n\t<div id=\"col-1076767538\" class=\"col medium-12 small-12 large-5 medium-col-first\"  data-animate=\"fadeInLeft\">\n\t\t\t\t<div class=\"col-inner box-shadow-3\"  >\n\t\t\t\n\t\t\t\n\n\n  <div class=\"banner has-hover\" id=\"banner-402793286\">\n          <div class=\"banner-inner fill\">\n        <div class=\"banner-bg fill\" >\n            <div class=\"bg fill bg-fill \"><\/div>\n                                    \n                    <\/div>\n\t\t\n        <div class=\"banner-layers container\">\n            <div class=\"fill banner-link\"><\/div>            \n\n   <div id=\"text-box-1621743304\" class=\"text-box banner-layer x50 md-x50 lg-x50 y50 md-y50 lg-y50 res-text\">\n                                <div class=\"text-box-content text dark\">\n              \n              <div class=\"text-inner text-center\">\n                  \n\n\n              <\/div>\n           <\/div>\n                            \n<style>\n#text-box-1621743304 {\n  width: 60%;\n}\n#text-box-1621743304 .text-box-content {\n  font-size: 100%;\n}\n<\/style>\n    <\/div>\n \n\n        <\/div>\n      <\/div>\n\n            \n<style>\n#banner-402793286 {\n  padding-top: 96%;\n}\n#banner-402793286 .bg.bg-loaded {\n  background-image: url(https:\/\/www.hotel-harvey.com\/wp-content\/uploads\/2022\/08\/reception-hotel-harvey-paris-1-1024x683.jpg);\n}\n#banner-402793286 .ux-shape-divider--top svg {\n  height: 150px;\n  --divider-top-width: 100%;\n}\n#banner-402793286 .ux-shape-divider--bottom svg {\n  height: 150px;\n  --divider-width: 100%;\n}\n<\/style>\n  <\/div>\n\n\n\n\t\t<\/div>\n\t\t\t\t\t<\/div>\n\n\t\n\n\t<div id=\"col-2041524656\" class=\"col medium-12 small-12 large-7\"  data-animate=\"fadeInRight\">\n\t\t\t\t<div class=\"col-inner\"  >\n\t\t\t\n\t\t\t\n\n<h2>Servicios<\/h2>\n<ul>\n<li>Provisi\u00f3n de un horno de microondas en el comedor: posibilidad de sentarse all\u00ed en un ambiente agradable por la noche para cenar.<\/li>\n<li>Wifi en todo el hotel (Fibra)<\/li>\n<li>Estaci\u00f3n de Internet con impresora en el sal\u00f3n\/bar. Fax, esc\u00e1ner y fotocopias en recepci\u00f3n.<\/li>\n<li>Licencia de bar IV alcoholes<\/li>\n<li>\u00c1rea lounge \u2013 sal\u00f3n con biblioteca de gu\u00edas tur\u00edsticas y libros;&nbsp;<\/li>\n<li>Prensa: Le Parisien, New York Times, Le Figaro.<\/li>\n<li>Terraza exterior con muro verde para descansar o tomar una copa tranquilamente<\/li>\n<li>Servicio de lavander\u00eda (excepto domingos y festivos) para la misma noche.<\/li>\n<li>Cuarto de planchado disponible (plancha de vapor)<\/li>\n<li>Equipaje: habitaci\u00f3n segura cerca de la recepci\u00f3n<\/li>\n<li>Servicio de conserjer\u00eda: reserva de taxis, restaurantes, teatros, ni\u00f1eras\u2026)<\/li>\n<li>Ascensor (que da servicio a la mitad del piso &#8211; sexto piso al que se accede por una peque\u00f1a escalera desde el rellano del quinto piso)<\/li>\n<li>Equipamiento familiar disponible (a especificar en la reserva): cochecito bast\u00f3n, calienta biberones, cambiador, cuna (gratis).<\/li>\n<\/ul>\n\n\t\t<\/div>\n\t\t\t\t\n<style>\n#col-2041524656 > .col-inner {\n  padding: 20px 50px 20px 50px;\n}\n<\/style>\n\t<\/div>\n\n\t\n\n<\/div>\n\n\t\t<\/div>\n\n\t\t\n<style>\n#section_1005102476 {\n  padding-top: 30px;\n  padding-bottom: 30px;\n}\n#section_1005102476 .ux-shape-divider--top svg {\n  height: 150px;\n  --divider-top-width: 100%;\n}\n#section_1005102476 .ux-shape-divider--bottom svg {\n  height: 150px;\n  --divider-width: 100%;\n}\n<\/style>\n\t<\/section>\n\t\n\n","protected":false},"excerpt":{"rendered":"","protected":false},"author":1,"featured_media":0,"parent":0,"menu_order":0,"comment_status":"closed","ping_status":"closed","template":"page-transparent-header.php","meta":{"footnotes":""},"class_list":["post-566","page","type-page","status-publish","hentry"],"yoast_head":"<!-- This site is optimized with the Yoast SEO plugin v24.3 - https:\/\/yoast.com\/wordpress\/plugins\/seo\/ -->\n<title>Servicios - Hotel Harvey Paris - unos servicios totalmente \u00aba la carta\u00bb<\/title>\n<meta name=\"description\" content=\"Servicios - Hotel Harvey Paris - El Hotel Harvey te ofrece unos servicios totalmente \u00aba la carta\u00bb para amenizar tu estancia en Par\u00eds.\" \/>\n<meta name=\"robots\" content=\"index, follow, max-snippet:-1, max-image-preview:large, max-video-preview:-1\" \/>\n<link rel=\"canonical\" href=\"https:\/\/www.hotel-harvey.com\/es\/servicios-hotel-harvey-paris\/\" \/>\n<meta property=\"og:locale\" content=\"es_ES\" \/>\n<meta property=\"og:type\" content=\"article\" \/>\n<meta property=\"og:title\" content=\"Servicios - Hotel Harvey Paris - unos servicios totalmente \u00aba la carta\u00bb\" \/>\n<meta property=\"og:description\" content=\"Servicios - Hotel Harvey Paris - El Hotel Harvey te ofrece unos servicios totalmente \u00aba la carta\u00bb para amenizar tu estancia en Par\u00eds.\" \/>\n<meta property=\"og:url\" content=\"https:\/\/www.hotel-harvey.com\/es\/servicios-hotel-harvey-paris\/\" \/>\n<meta property=\"og:site_name\" content=\"H\u00f4tel Harvey Paris\" \/>\n<meta property=\"article:publisher\" content=\"https:\/\/www.facebook.com\/hotelharveyparis\/\" \/>\n<meta property=\"article:modified_time\" content=\"2024-09-22T20:58:55+00:00\" \/>\n<meta name=\"twitter:card\" content=\"summary_large_image\" \/>\n<meta name=\"twitter:label1\" content=\"Tiempo de lectura\" \/>\n\t<meta name=\"twitter:data1\" content=\"3 minutos\" \/>\n<script type=\"application\/ld+json\" class=\"yoast-schema-graph\">{\"@context\":\"https:\/\/schema.org\",\"@graph\":[{\"@type\":\"WebPage\",\"@id\":\"https:\/\/www.hotel-harvey.com\/es\/servicios-hotel-harvey-paris\/\",\"url\":\"https:\/\/www.hotel-harvey.com\/es\/servicios-hotel-harvey-paris\/\",\"name\":\"Servicios - Hotel Harvey Paris - unos servicios totalmente \u00aba la carta\u00bb\",\"isPartOf\":{\"@id\":\"https:\/\/www.hotel-harvey.com\/#website\"},\"datePublished\":\"2022-09-13T06:50:45+00:00\",\"dateModified\":\"2024-09-22T20:58:55+00:00\",\"description\":\"Servicios - Hotel Harvey Paris - El Hotel Harvey te ofrece unos servicios totalmente \u00aba la carta\u00bb para amenizar tu estancia en Par\u00eds.\",\"breadcrumb\":{\"@id\":\"https:\/\/www.hotel-harvey.com\/es\/servicios-hotel-harvey-paris\/#breadcrumb\"},\"inLanguage\":\"es\",\"potentialAction\":[{\"@type\":\"ReadAction\",\"target\":[\"https:\/\/www.hotel-harvey.com\/es\/servicios-hotel-harvey-paris\/\"]}]},{\"@type\":\"BreadcrumbList\",\"@id\":\"https:\/\/www.hotel-harvey.com\/es\/servicios-hotel-harvey-paris\/#breadcrumb\",\"itemListElement\":[{\"@type\":\"ListItem\",\"position\":1,\"name\":\"Accueil\",\"item\":\"https:\/\/www.hotel-harvey.com\/es\/\"},{\"@type\":\"ListItem\",\"position\":2,\"name\":\"Equipements et services\"}]},{\"@type\":\"WebSite\",\"@id\":\"https:\/\/www.hotel-harvey.com\/#website\",\"url\":\"https:\/\/www.hotel-harvey.com\/\",\"name\":\"H\u00f4tel Harvey Paris\",\"description\":\"H\u00f4tel de charme \u00e0 Porte Maillot\",\"publisher\":{\"@id\":\"https:\/\/www.hotel-harvey.com\/#organization\"},\"potentialAction\":[{\"@type\":\"SearchAction\",\"target\":{\"@type\":\"EntryPoint\",\"urlTemplate\":\"https:\/\/www.hotel-harvey.com\/?s={search_term_string}\"},\"query-input\":{\"@type\":\"PropertyValueSpecification\",\"valueRequired\":true,\"valueName\":\"search_term_string\"}}],\"inLanguage\":\"es\"},{\"@type\":\"Organization\",\"@id\":\"https:\/\/www.hotel-harvey.com\/#organization\",\"name\":\"H\u00f4tel Harvey Paris\",\"url\":\"https:\/\/www.hotel-harvey.com\/\",\"logo\":{\"@type\":\"ImageObject\",\"inLanguage\":\"es\",\"@id\":\"https:\/\/www.hotel-harvey.com\/#\/schema\/logo\/image\/\",\"url\":\"https:\/\/www.hotel-harvey.com\/wp-content\/uploads\/2022\/10\/logo-hotel-harvey-paris-1.jpg\",\"contentUrl\":\"https:\/\/www.hotel-harvey.com\/wp-content\/uploads\/2022\/10\/logo-hotel-harvey-paris-1.jpg\",\"width\":295,\"height\":295,\"caption\":\"H\u00f4tel Harvey Paris\"},\"image\":{\"@id\":\"https:\/\/www.hotel-harvey.com\/#\/schema\/logo\/image\/\"},\"sameAs\":[\"https:\/\/www.facebook.com\/hotelharveyparis\/\",\"https:\/\/www.instagram.com\/hotelharveyparis\/\"]}]}<\/script>\n<!-- \/ Yoast SEO plugin. -->","yoast_head_json":{"title":"Servicios - Hotel Harvey Paris - unos servicios totalmente \u00aba la carta\u00bb","description":"Servicios - Hotel Harvey Paris - El Hotel Harvey te ofrece unos servicios totalmente \u00aba la carta\u00bb para amenizar tu estancia en Par\u00eds.","robots":{"index":"index","follow":"follow","max-snippet":"max-snippet:-1","max-image-preview":"max-image-preview:large","max-video-preview":"max-video-preview:-1"},"canonical":"https:\/\/www.hotel-harvey.com\/es\/servicios-hotel-harvey-paris\/","og_locale":"es_ES","og_type":"article","og_title":"Servicios - Hotel Harvey Paris - unos servicios totalmente \u00aba la carta\u00bb","og_description":"Servicios - Hotel Harvey Paris - El Hotel Harvey te ofrece unos servicios totalmente \u00aba la carta\u00bb para amenizar tu estancia en Par\u00eds.","og_url":"https:\/\/www.hotel-harvey.com\/es\/servicios-hotel-harvey-paris\/","og_site_name":"H\u00f4tel Harvey Paris","article_publisher":"https:\/\/www.facebook.com\/hotelharveyparis\/","article_modified_time":"2024-09-22T20:58:55+00:00","twitter_card":"summary_large_image","twitter_misc":{"Tiempo de lectura":"3 minutos"},"schema":{"@context":"https:\/\/schema.org","@graph":[{"@type":"WebPage","@id":"https:\/\/www.hotel-harvey.com\/es\/servicios-hotel-harvey-paris\/","url":"https:\/\/www.hotel-harvey.com\/es\/servicios-hotel-harvey-paris\/","name":"Servicios - Hotel Harvey Paris - unos servicios totalmente \u00aba la carta\u00bb","isPartOf":{"@id":"https:\/\/www.hotel-harvey.com\/#website"},"datePublished":"2022-09-13T06:50:45+00:00","dateModified":"2024-09-22T20:58:55+00:00","description":"Servicios - Hotel Harvey Paris - El Hotel Harvey te ofrece unos servicios totalmente \u00aba la carta\u00bb para amenizar tu estancia en Par\u00eds.","breadcrumb":{"@id":"https:\/\/www.hotel-harvey.com\/es\/servicios-hotel-harvey-paris\/#breadcrumb"},"inLanguage":"es","potentialAction":[{"@type":"ReadAction","target":["https:\/\/www.hotel-harvey.com\/es\/servicios-hotel-harvey-paris\/"]}]},{"@type":"BreadcrumbList","@id":"https:\/\/www.hotel-harvey.com\/es\/servicios-hotel-harvey-paris\/#breadcrumb","itemListElement":[{"@type":"ListItem","position":1,"name":"Accueil","item":"https:\/\/www.hotel-harvey.com\/es\/"},{"@type":"ListItem","position":2,"name":"Equipements et services"}]},{"@type":"WebSite","@id":"https:\/\/www.hotel-harvey.com\/#website","url":"https:\/\/www.hotel-harvey.com\/","name":"H\u00f4tel Harvey Paris","description":"H\u00f4tel de charme \u00e0 Porte Maillot","publisher":{"@id":"https:\/\/www.hotel-harvey.com\/#organization"},"potentialAction":[{"@type":"SearchAction","target":{"@type":"EntryPoint","urlTemplate":"https:\/\/www.hotel-harvey.com\/?s={search_term_string}"},"query-input":{"@type":"PropertyValueSpecification","valueRequired":true,"valueName":"search_term_string"}}],"inLanguage":"es"},{"@type":"Organization","@id":"https:\/\/www.hotel-harvey.com\/#organization","name":"H\u00f4tel Harvey Paris","url":"https:\/\/www.hotel-harvey.com\/","logo":{"@type":"ImageObject","inLanguage":"es","@id":"https:\/\/www.hotel-harvey.com\/#\/schema\/logo\/image\/","url":"https:\/\/www.hotel-harvey.com\/wp-content\/uploads\/2022\/10\/logo-hotel-harvey-paris-1.jpg","contentUrl":"https:\/\/www.hotel-harvey.com\/wp-content\/uploads\/2022\/10\/logo-hotel-harvey-paris-1.jpg","width":295,"height":295,"caption":"H\u00f4tel Harvey Paris"},"image":{"@id":"https:\/\/www.hotel-harvey.com\/#\/schema\/logo\/image\/"},"sameAs":["https:\/\/www.facebook.com\/hotelharveyparis\/","https:\/\/www.instagram.com\/hotelharveyparis\/"]}]}},"_links":{"self":[{"href":"https:\/\/www.hotel-harvey.com\/es\/wp-json\/wp\/v2\/pages\/566","targetHints":{"allow":["GET"]}}],"collection":[{"href":"https:\/\/www.hotel-harvey.com\/es\/wp-json\/wp\/v2\/pages"}],"about":[{"href":"https:\/\/www.hotel-harvey.com\/es\/wp-json\/wp\/v2\/types\/page"}],"author":[{"embeddable":true,"href":"https:\/\/www.hotel-harvey.com\/es\/wp-json\/wp\/v2\/users\/1"}],"replies":[{"embeddable":true,"href":"https:\/\/www.hotel-harvey.com\/es\/wp-json\/wp\/v2\/comments?post=566"}],"version-history":[{"count":4,"href":"https:\/\/www.hotel-harvey.com\/es\/wp-json\/wp\/v2\/pages\/566\/revisions"}],"predecessor-version":[{"id":960,"href":"https:\/\/www.hotel-harvey.com\/es\/wp-json\/wp\/v2\/pages\/566\/revisions\/960"}],"wp:attachment":[{"href":"https:\/\/www.hotel-harvey.com\/es\/wp-json\/wp\/v2\/media?parent=566"}],"curies":[{"name":"wp","href":"https:\/\/api.w.org\/{rel}","templated":true}]}}