{"id":564,"date":"2022-09-08T10:20:25","date_gmt":"2022-09-08T08:20:25","guid":{"rendered":"https:\/\/hotel-harvey.com\/new\/chambres-hotel-harvey-paris\/"},"modified":"2024-09-27T16:29:49","modified_gmt":"2024-09-27T14:29:49","slug":"habitaciones-hotel-harvey-paris","status":"publish","type":"page","link":"https:\/\/www.hotel-harvey.com\/es\/habitaciones-hotel-harvey-paris\/","title":{"rendered":"Chambres"},"content":{"rendered":"\n\t<section class=\"section\" id=\"section_1559227459\">\n\t\t<div class=\"bg section-bg fill bg-fill  bg-loaded\" >\n\n\t\t\t\n\t\t\t\n\t\t\t\n\n\t\t<\/div>\n\n\t\t\n\n\t\t<div class=\"section-content relative\">\n\t\t\t\n\n<div class=\"slider-wrapper relative\" id=\"slider-1473629861\" >\n    <div class=\"slider slider-nav-circle slider-nav-large slider-nav-light slider-style-normal\"\n        data-flickity-options='{\n            \"cellAlign\": \"center\",\n            \"imagesLoaded\": true,\n            \"lazyLoad\": 1,\n            \"freeScroll\": false,\n            \"wrapAround\": true,\n            \"autoPlay\": 6000,\n            \"pauseAutoPlayOnHover\" : true,\n            \"prevNextButtons\": true,\n            \"contain\" : true,\n            \"adaptiveHeight\" : true,\n            \"dragThreshold\" : 10,\n            \"percentPosition\": true,\n            \"pageDots\": true,\n            \"rightToLeft\": false,\n            \"draggable\": true,\n            \"selectedAttraction\": 0.1,\n            \"parallax\" : 0,\n            \"friction\": 0.6        }'\n        >\n        \n\n\n  <div class=\"banner has-hover\" id=\"banner-1263422924\">\n          <div class=\"banner-inner fill\">\n        <div class=\"banner-bg fill\" >\n            <div class=\"bg fill bg-fill \"><\/div>\n                                    \n                    <\/div>\n\t\t\n        <div class=\"banner-layers container\">\n            <div class=\"fill banner-link\"><\/div>            \n\n   <div id=\"text-box-770974287\" class=\"text-box banner-layer hide-for-small x50 md-x50 lg-x50 y90 md-y90 lg-y50 res-text\">\n                     <div data-animate=\"flipInY\">           <div class=\"text-box-content text dark\">\n              \n              <div class=\"text-inner text-center\">\n                  \n\n<h3 class=\"alt-font\">Espaciosas y confortables<\/h3>\n<div class=\"is-divider divider clearfix\" ><\/div>\n\n<h1 class=\"h-large uppercase\"><strong><span style=\"font-size: 120%;\">Nuestras habitaciones<\/span><\/strong><\/h1>\n<div class=\"is-divider divider clearfix\" ><\/div>\n\n<a href=\"https:\/\/www.hotel-harvey.com\/es\/reservar-una-habitacion\/\" target=\"_self\" class=\"button success\"  >\n    <span>Reservar una habitacion<\/span>\n  <\/a>\n\n\n\n              <\/div>\n           <\/div>\n       <\/div>                     \n<style>\n#text-box-770974287 {\n  width: 67%;\n}\n#text-box-770974287 .text-box-content {\n  font-size: 100%;\n}\n<\/style>\n    <\/div>\n \n\n        <\/div>\n      <\/div>\n\n            \n<style>\n#banner-1263422924 {\n  padding-top: 56.25%;\n}\n#banner-1263422924 .bg.bg-loaded {\n  background-image: url(https:\/\/www.hotel-harvey.com\/wp-content\/uploads\/2022\/09\/001_david_grimbert.jpg);\n}\n#banner-1263422924 .ux-shape-divider--top svg {\n  height: 150px;\n  --divider-top-width: 100%;\n}\n#banner-1263422924 .ux-shape-divider--bottom svg {\n  height: 150px;\n  --divider-width: 100%;\n}\n<\/style>\n  <\/div>\n\n\n\n     <\/div>\n\n     <div class=\"loading-spin dark large centered\"><\/div>\n\n     \t<\/div>\n\n\n\n\t\t<\/div>\n\n\t\t\n<style>\n#section_1559227459 {\n  padding-top: 0px;\n  padding-bottom: 0px;\n}\n#section_1559227459 .ux-shape-divider--top svg {\n  height: 150px;\n  --divider-top-width: 100%;\n}\n#section_1559227459 .ux-shape-divider--bottom svg {\n  height: 150px;\n  --divider-width: 100%;\n}\n<\/style>\n\t<\/section>\n\t\n\t<section class=\"section\" id=\"section_1467078638\">\n\t\t<div class=\"bg section-bg fill bg-fill  bg-loaded\" >\n\n\t\t\t\n\t\t\t\n\t\t\t\n\n\t\t<\/div>\n\n\t\t\n\n\t\t<div class=\"section-content relative\">\n\t\t\t\n\n<div class=\"row row-collapse align-center\"  id=\"row-1703869570\">\n\n\n\t<div id=\"col-716348504\" class=\"col medium-10 small-12 large-10\"  data-animate=\"fadeInUp\">\n\t\t\t\t<div class=\"col-inner\"  >\n\t\t\t\n\t\t\t\n\n<h1 class=\"uppercase\" style=\"text-align: center;\">Habitaciones en el Hotel Harvey<\/h1>\n<p style=\"text-align: justify;\">Hay 3 categor\u00edas de habitaciones; cada habitaci\u00f3n tiene una decoraci\u00f3n diferente y existe en ocupaci\u00f3n con cama doble o 2 camas individuales<\/p>\n\t<div id=\"gap-1895149624\" class=\"gap-element clearfix\" style=\"display:block; height:auto;\">\n\t\t\n<style>\n#gap-1895149624 {\n  padding-top: 39px;\n}\n<\/style>\n\t<\/div>\n\t\n\n\n\t\t<\/div>\n\t\t\t\t\n<style>\n#col-716348504 > .col-inner {\n  padding: 50px 20px 0px 20px;\n}\n<\/style>\n\t<\/div>\n\n\t\n\n<\/div>\n\n\t\t<\/div>\n\n\t\t\n<style>\n#section_1467078638 {\n  padding-top: 0px;\n  padding-bottom: 0px;\n}\n#section_1467078638 .ux-shape-divider--top svg {\n  height: 150px;\n  --divider-top-width: 100%;\n}\n#section_1467078638 .ux-shape-divider--bottom svg {\n  height: 150px;\n  --divider-width: 100%;\n}\n<\/style>\n\t<\/section>\n\t\n\t<section class=\"section\" id=\"section_1744276344\">\n\t\t<div class=\"bg section-bg fill bg-fill  bg-loaded\" >\n\n\t\t\t\n\t\t\t\n\t\t\t\n\n\t\t<\/div>\n\n\t\t\n\n\t\t<div class=\"section-content relative\">\n\t\t\t\n\n<div class=\"row row-small row-full-width\"  id=\"row-1182379554\">\n\n\n\t<div id=\"col-1896811297\" class=\"col medium-4 small-12 large-4\"  data-animate=\"bounceInUp\">\n\t\t\t\t<div class=\"col-inner\"  >\n\t\t\t\n\t\t\t\n\n\t<div class=\"img has-hover x md-x lg-x y md-y lg-y\" id=\"image_1803785012\">\n\t\t<a class=\"\" href=\"https:\/\/hotel-harvey.com\/new\/chambre-opera\/\"  >\t\t\t\t\t\t<div class=\"img-inner image-cover box-shadow-3 dark\" style=\"padding-top:56.25%;\">\n\t\t\t<img decoding=\"async\" width=\"1020\" height=\"680\" src=\"https:\/\/www.hotel-harvey.com\/wp-content\/uploads\/2022\/08\/chambre-opera-hotel-harvey-paris-3-1024x683.jpg\" class=\"attachment-large size-large\" alt=\"Chambre Op\u00e9ra H\u00f4tel Harvey Paris orte Maillot\" srcset=\"https:\/\/www.hotel-harvey.com\/wp-content\/uploads\/2022\/08\/chambre-opera-hotel-harvey-paris-3-1024x683.jpg 1024w, https:\/\/www.hotel-harvey.com\/wp-content\/uploads\/2022\/08\/chambre-opera-hotel-harvey-paris-3-300x200.jpg 300w, https:\/\/www.hotel-harvey.com\/wp-content\/uploads\/2022\/08\/chambre-opera-hotel-harvey-paris-3-768x512.jpg 768w, https:\/\/www.hotel-harvey.com\/wp-content\/uploads\/2022\/08\/chambre-opera-hotel-harvey-paris-3.jpg 1500w\" sizes=\"(max-width: 1020px) 100vw, 1020px\" \/>\t\t\t\t\t\t\n\t\t\t\t\t<\/div>\n\t\t\t\t\t\t<\/a>\t\t\n<style>\n#image_1803785012 {\n  width: 100%;\n}\n<\/style>\n\t<\/div>\n\t\n\n<h2 style=\"text-align: center;\">\u00d3PERA<\/h2>\n<p style=\"text-align: justify; padding:5px 20px;\">Habitaci\u00f3n para una o dos personas con una gran ventana de doble acristalamiento que da a un tranquilo patio residencial.<\/p>\n<div class=\"row row-small align-center\"  id=\"row-1267815862\">\n\n\n\t<div id=\"col-2130397314\" class=\"col small-12 large-12\"  >\n\t\t\t\t<div class=\"col-inner text-center\"  >\n\t\t\t\n\t\t\t\n\n<a href=\"https:\/\/www.hotel-harvey.com\/es\/habitacion-deluxe-2\/\" target=\"_self\" class=\"button success is-outline\"  >\n    <span>M\u00e1s informaci\u00f3n<\/span>\n  <\/a>\n\n\n<a href=\"https:\/\/www.hotel-harvey.com\/es\/reservar-una-habitacion\/\" target=\"_self\" class=\"button success\"  >\n    <span>Reservar<\/span>\n  <\/a>\n\n\n\n\t\t<\/div>\n\t\t\t\t\t<\/div>\n\n\t\n\n<\/div>\n\n\t\t<\/div>\n\t\t\t\t\t<\/div>\n\n\t\n\n\t<div id=\"col-382920709\" class=\"col medium-4 small-12 large-4\"  data-animate=\"bounceInUp\">\n\t\t\t\t<div class=\"col-inner\"  >\n\t\t\t\n\t\t\t\n\n\t<div class=\"img has-hover x md-x lg-x y md-y lg-y\" id=\"image_354958455\">\n\t\t<a class=\"\" href=\"https:\/\/hotel-harvey.com\/new\/chambre-deluxe\/\"  >\t\t\t\t\t\t<div class=\"img-inner image-cover box-shadow-3 dark\" style=\"padding-top:56.25%;\">\n\t\t\t<img decoding=\"async\" width=\"1020\" height=\"680\" src=\"https:\/\/www.hotel-harvey.com\/wp-content\/uploads\/2022\/09\/008_david_grimbert-1024x683.jpg\" class=\"attachment-large size-large\" alt=\"\" srcset=\"https:\/\/www.hotel-harvey.com\/wp-content\/uploads\/2022\/09\/008_david_grimbert-1024x683.jpg 1024w, https:\/\/www.hotel-harvey.com\/wp-content\/uploads\/2022\/09\/008_david_grimbert-300x200.jpg 300w, https:\/\/www.hotel-harvey.com\/wp-content\/uploads\/2022\/09\/008_david_grimbert-768x512.jpg 768w, https:\/\/www.hotel-harvey.com\/wp-content\/uploads\/2022\/09\/008_david_grimbert.jpg 1500w\" sizes=\"(max-width: 1020px) 100vw, 1020px\" \/>\t\t\t\t\t\t\n\t\t\t\t\t<\/div>\n\t\t\t\t\t\t<\/a>\t\t\n<style>\n#image_354958455 {\n  width: 100%;\n}\n<\/style>\n\t<\/div>\n\t\n\n<h2 style=\"text-align: center;\">DELUXE<\/h2>\n<p style=\"text-align: justify; padding:5px 20px;\">Habitaci\u00f3n para una o dos personas con una gran ventana de doble acristalamiento que da a un tranquilo patio residencial.<\/p>\n<div class=\"row row-small\"  id=\"row-1507356362\">\n\n\n\t<div id=\"col-935419949\" class=\"col small-12 large-12\"  >\n\t\t\t\t<div class=\"col-inner text-center\"  >\n\t\t\t\n\t\t\t\n\n<a href=\"https:\/\/www.hotel-harvey.com\/es\/habitacion-deluxe\/\" target=\"_self\" class=\"button success is-outline\"  >\n    <span>M\u00e1s informaci\u00f3n<\/span>\n  <\/a>\n\n\n<a href=\"https:\/\/www.hotel-harvey.com\/es\/reservar-una-habitacion\/\" target=\"_self\" class=\"button success\"  >\n    <span>Reservar<\/span>\n  <\/a>\n\n\n\n\t\t<\/div>\n\t\t\t\t\t<\/div>\n\n\t\n\n<\/div>\n\n\t\t<\/div>\n\t\t\t\t\t<\/div>\n\n\t\n\n\t<div id=\"col-1655552335\" class=\"col medium-4 small-12 large-4\"  data-animate=\"bounceInUp\">\n\t\t\t\t<div class=\"col-inner\"  >\n\t\t\t\n\t\t\t\n\n\t<div class=\"img has-hover x md-x lg-x y md-y lg-y\" id=\"image_1378549283\">\n\t\t<a class=\"\" href=\"https:\/\/hotel-harvey.com\/new\/chambre-etoile-superieure\/\"  >\t\t\t\t\t\t<div class=\"img-inner image-cover box-shadow-3 dark\" style=\"padding-top:56.25%;\">\n\t\t\t<img decoding=\"async\" width=\"1020\" height=\"680\" src=\"https:\/\/www.hotel-harvey.com\/wp-content\/uploads\/2022\/09\/chhambre-etoile-superieure-1-1024x683.jpg\" class=\"attachment-large size-large\" alt=\"\" srcset=\"https:\/\/www.hotel-harvey.com\/wp-content\/uploads\/2022\/09\/chhambre-etoile-superieure-1-1024x683.jpg 1024w, https:\/\/www.hotel-harvey.com\/wp-content\/uploads\/2022\/09\/chhambre-etoile-superieure-1-300x200.jpg 300w, https:\/\/www.hotel-harvey.com\/wp-content\/uploads\/2022\/09\/chhambre-etoile-superieure-1-768x512.jpg 768w, https:\/\/www.hotel-harvey.com\/wp-content\/uploads\/2022\/09\/chhambre-etoile-superieure-1.jpg 1500w\" sizes=\"(max-width: 1020px) 100vw, 1020px\" \/>\t\t\t\t\t\t\n\t\t\t\t\t<\/div>\n\t\t\t\t\t\t<\/a>\t\t\n<style>\n#image_1378549283 {\n  width: 100%;\n}\n<\/style>\n\t<\/div>\n\t\n\n<h2 style=\"text-align: center;\">ETOILE SUPERIOR<\/h2>\n<p style=\"text-align: justify; padding:5px 20px;\">Habitaci\u00f3n doble, triple o cu\u00e1druple \u2013 2 a 4 personas, particularmente espaciosa: 28 a 30 m2 con su \u00e1rea de \u201cSala de estar\u201d<\/p>\n<div class=\"row row-small\"  id=\"row-774479870\">\n\n\n\t<div id=\"col-1440794147\" class=\"col small-12 large-12\"  >\n\t\t\t\t<div class=\"col-inner text-center\"  >\n\t\t\t\n\t\t\t\n\n<a href=\"https:\/\/www.hotel-harvey.com\/es\/habitacion-etoile-superior-hotel-harvey-paris\/\" target=\"_self\" class=\"button success is-outline\"  >\n    <span>M\u00e1s informaci\u00f3n<\/span>\n  <\/a>\n\n\n<a href=\"https:\/\/www.hotel-harvey.com\/es\/reservar-una-habitacion\/\" target=\"_self\" class=\"button success\"  >\n    <span>Reservar<\/span>\n  <\/a>\n\n\n\n\t\t<\/div>\n\t\t\t\t\t<\/div>\n\n\t\n\n<\/div>\n\n\t\t<\/div>\n\t\t\t\t\t<\/div>\n\n\t\n\n<\/div>\n<div class=\"text-center\"><div class=\"is-divider divider clearfix\" style=\"margin-top:0px;margin-bottom:0px;max-width:200px;\"><\/div><\/div>\n\n\n\t\t<\/div>\n\n\t\t\n<style>\n#section_1744276344 {\n  padding-top: 0px;\n  padding-bottom: 0px;\n}\n#section_1744276344 .ux-shape-divider--top svg {\n  height: 150px;\n  --divider-top-width: 100%;\n}\n#section_1744276344 .ux-shape-divider--bottom svg {\n  height: 150px;\n  --divider-width: 100%;\n}\n<\/style>\n\t<\/section>\n\t\n\t<div id=\"gap-2139703944\" class=\"gap-element clearfix\" style=\"display:block; height:auto;\">\n\t\t\n<style>\n#gap-2139703944 {\n  padding-top: 41px;\n}\n<\/style>\n\t<\/div>\n\t\n\n\t<section class=\"section\" id=\"section_2040122569\">\n\t\t<div class=\"bg section-bg fill bg-fill  bg-loaded\" >\n\n\t\t\t\n\t\t\t\n\t\t\t\n\n\t\t<\/div>\n\n\t\t\n\n\t\t<div class=\"section-content relative\">\n\t\t\t\n\n<div class=\"row align-center\"  id=\"row-1307567008\">\n\n\n\t<div id=\"col-1188110547\" class=\"col medium-10 small-12 large-10\"  data-animate=\"fadeInUp\">\n\t\t\t\t<div class=\"col-inner\"  >\n\t\t\t\n\t\t\t\n\n<p style=\"text-align: allow;\">Las habitaciones Op\u00e9ra dan al jard\u00edn, a un tranquilo patio residencial, y las habitaciones Etoile dan a la calle, (doble acristalamiento) muy luminosas con 2 grandes ventanas francesas, algunas con balcones , o terraza.<\/p>\n<p>Una de las habitaciones Opera Deluxe se encuentra en la planta baja en la planta baja, es accesible para personas con movilidad reducida.<\/p>\n<p style=\"text-align: justify;\"><strong>**Equipamiento en todas las habitaciones:<\/strong> ducha o ba\u00f1era, WC, secador de pelo, minibar, wifi, TV sat\u00e9lite, caja fuerte, climatizaci\u00f3n individual, cortes\u00eda bandeja.<br \/>Ropa de cama de alta gama, c\u00f3modos edredones y almohadas.<\/p>\n\n\t\t<\/div>\n\t\t\t\t\n<style>\n#col-1188110547 > .col-inner {\n  padding: 0px 0px 0px 0px;\n}\n<\/style>\n\t<\/div>\n\n\t\n\n<\/div>\n\n\t\t<\/div>\n\n\t\t\n<style>\n#section_2040122569 {\n  padding-top: 30px;\n  padding-bottom: 30px;\n}\n#section_2040122569 .ux-shape-divider--top svg {\n  height: 150px;\n  --divider-top-width: 100%;\n}\n#section_2040122569 .ux-shape-divider--bottom svg {\n  height: 150px;\n  --divider-width: 100%;\n}\n<\/style>\n\t<\/section>\n\t\n\n","protected":false},"excerpt":{"rendered":"","protected":false},"author":1,"featured_media":0,"parent":0,"menu_order":0,"comment_status":"closed","ping_status":"closed","template":"page-transparent-header.php","meta":{"footnotes":""},"class_list":["post-564","page","type-page","status-publish","hentry"],"yoast_head":"<!-- This site is optimized with the Yoast SEO plugin v24.3 - https:\/\/yoast.com\/wordpress\/plugins\/seo\/ -->\n<title>Habitaciones- Hotel Harvey Paris - climatizaci\u00f3n individual - wifi gratis<\/title>\n<meta name=\"description\" content=\"Las 31 habitaciones del hotel Harvey son espaciosas y confortables y est\u00e1n insonorizadas y equipadas con climatizaci\u00f3n individual.\" \/>\n<meta name=\"robots\" content=\"index, follow, max-snippet:-1, max-image-preview:large, max-video-preview:-1\" \/>\n<link rel=\"canonical\" href=\"https:\/\/www.hotel-harvey.com\/es\/habitaciones-hotel-harvey-paris\/\" \/>\n<meta property=\"og:locale\" content=\"es_ES\" \/>\n<meta property=\"og:type\" content=\"article\" \/>\n<meta property=\"og:title\" content=\"Habitaciones- Hotel Harvey Paris - climatizaci\u00f3n individual - wifi gratis\" \/>\n<meta property=\"og:description\" content=\"Las 31 habitaciones del hotel Harvey son espaciosas y confortables y est\u00e1n insonorizadas y equipadas con climatizaci\u00f3n individual.\" \/>\n<meta property=\"og:url\" content=\"https:\/\/www.hotel-harvey.com\/es\/habitaciones-hotel-harvey-paris\/\" \/>\n<meta property=\"og:site_name\" content=\"H\u00f4tel Harvey Paris\" \/>\n<meta property=\"article:publisher\" content=\"https:\/\/www.facebook.com\/hotelharveyparis\/\" \/>\n<meta property=\"article:modified_time\" content=\"2024-09-27T14:29:49+00:00\" \/>\n<meta name=\"twitter:card\" content=\"summary_large_image\" \/>\n<meta name=\"twitter:label1\" content=\"Tiempo de lectura\" \/>\n\t<meta name=\"twitter:data1\" content=\"2 minutos\" \/>\n<script type=\"application\/ld+json\" class=\"yoast-schema-graph\">{\"@context\":\"https:\/\/schema.org\",\"@graph\":[{\"@type\":\"WebPage\",\"@id\":\"https:\/\/www.hotel-harvey.com\/es\/habitaciones-hotel-harvey-paris\/\",\"url\":\"https:\/\/www.hotel-harvey.com\/es\/habitaciones-hotel-harvey-paris\/\",\"name\":\"Habitaciones- Hotel Harvey Paris - climatizaci\u00f3n individual - wifi gratis\",\"isPartOf\":{\"@id\":\"https:\/\/www.hotel-harvey.com\/#website\"},\"datePublished\":\"2022-09-08T08:20:25+00:00\",\"dateModified\":\"2024-09-27T14:29:49+00:00\",\"description\":\"Las 31 habitaciones del hotel Harvey son espaciosas y confortables y est\u00e1n insonorizadas y equipadas con climatizaci\u00f3n individual.\",\"breadcrumb\":{\"@id\":\"https:\/\/www.hotel-harvey.com\/es\/habitaciones-hotel-harvey-paris\/#breadcrumb\"},\"inLanguage\":\"es\",\"potentialAction\":[{\"@type\":\"ReadAction\",\"target\":[\"https:\/\/www.hotel-harvey.com\/es\/habitaciones-hotel-harvey-paris\/\"]}]},{\"@type\":\"BreadcrumbList\",\"@id\":\"https:\/\/www.hotel-harvey.com\/es\/habitaciones-hotel-harvey-paris\/#breadcrumb\",\"itemListElement\":[{\"@type\":\"ListItem\",\"position\":1,\"name\":\"Accueil\",\"item\":\"https:\/\/www.hotel-harvey.com\/es\/\"},{\"@type\":\"ListItem\",\"position\":2,\"name\":\"Chambres\"}]},{\"@type\":\"WebSite\",\"@id\":\"https:\/\/www.hotel-harvey.com\/#website\",\"url\":\"https:\/\/www.hotel-harvey.com\/\",\"name\":\"H\u00f4tel Harvey Paris\",\"description\":\"H\u00f4tel de charme \u00e0 Porte Maillot\",\"publisher\":{\"@id\":\"https:\/\/www.hotel-harvey.com\/#organization\"},\"potentialAction\":[{\"@type\":\"SearchAction\",\"target\":{\"@type\":\"EntryPoint\",\"urlTemplate\":\"https:\/\/www.hotel-harvey.com\/?s={search_term_string}\"},\"query-input\":{\"@type\":\"PropertyValueSpecification\",\"valueRequired\":true,\"valueName\":\"search_term_string\"}}],\"inLanguage\":\"es\"},{\"@type\":\"Organization\",\"@id\":\"https:\/\/www.hotel-harvey.com\/#organization\",\"name\":\"H\u00f4tel Harvey Paris\",\"url\":\"https:\/\/www.hotel-harvey.com\/\",\"logo\":{\"@type\":\"ImageObject\",\"inLanguage\":\"es\",\"@id\":\"https:\/\/www.hotel-harvey.com\/#\/schema\/logo\/image\/\",\"url\":\"https:\/\/www.hotel-harvey.com\/wp-content\/uploads\/2022\/10\/logo-hotel-harvey-paris-1.jpg\",\"contentUrl\":\"https:\/\/www.hotel-harvey.com\/wp-content\/uploads\/2022\/10\/logo-hotel-harvey-paris-1.jpg\",\"width\":295,\"height\":295,\"caption\":\"H\u00f4tel Harvey Paris\"},\"image\":{\"@id\":\"https:\/\/www.hotel-harvey.com\/#\/schema\/logo\/image\/\"},\"sameAs\":[\"https:\/\/www.facebook.com\/hotelharveyparis\/\",\"https:\/\/www.instagram.com\/hotelharveyparis\/\"]}]}<\/script>\n<!-- \/ Yoast SEO plugin. -->","yoast_head_json":{"title":"Habitaciones- Hotel Harvey Paris - climatizaci\u00f3n individual - wifi gratis","description":"Las 31 habitaciones del hotel Harvey son espaciosas y confortables y est\u00e1n insonorizadas y equipadas con climatizaci\u00f3n individual.","robots":{"index":"index","follow":"follow","max-snippet":"max-snippet:-1","max-image-preview":"max-image-preview:large","max-video-preview":"max-video-preview:-1"},"canonical":"https:\/\/www.hotel-harvey.com\/es\/habitaciones-hotel-harvey-paris\/","og_locale":"es_ES","og_type":"article","og_title":"Habitaciones- Hotel Harvey Paris - climatizaci\u00f3n individual - wifi gratis","og_description":"Las 31 habitaciones del hotel Harvey son espaciosas y confortables y est\u00e1n insonorizadas y equipadas con climatizaci\u00f3n individual.","og_url":"https:\/\/www.hotel-harvey.com\/es\/habitaciones-hotel-harvey-paris\/","og_site_name":"H\u00f4tel Harvey Paris","article_publisher":"https:\/\/www.facebook.com\/hotelharveyparis\/","article_modified_time":"2024-09-27T14:29:49+00:00","twitter_card":"summary_large_image","twitter_misc":{"Tiempo de lectura":"2 minutos"},"schema":{"@context":"https:\/\/schema.org","@graph":[{"@type":"WebPage","@id":"https:\/\/www.hotel-harvey.com\/es\/habitaciones-hotel-harvey-paris\/","url":"https:\/\/www.hotel-harvey.com\/es\/habitaciones-hotel-harvey-paris\/","name":"Habitaciones- Hotel Harvey Paris - climatizaci\u00f3n individual - wifi gratis","isPartOf":{"@id":"https:\/\/www.hotel-harvey.com\/#website"},"datePublished":"2022-09-08T08:20:25+00:00","dateModified":"2024-09-27T14:29:49+00:00","description":"Las 31 habitaciones del hotel Harvey son espaciosas y confortables y est\u00e1n insonorizadas y equipadas con climatizaci\u00f3n individual.","breadcrumb":{"@id":"https:\/\/www.hotel-harvey.com\/es\/habitaciones-hotel-harvey-paris\/#breadcrumb"},"inLanguage":"es","potentialAction":[{"@type":"ReadAction","target":["https:\/\/www.hotel-harvey.com\/es\/habitaciones-hotel-harvey-paris\/"]}]},{"@type":"BreadcrumbList","@id":"https:\/\/www.hotel-harvey.com\/es\/habitaciones-hotel-harvey-paris\/#breadcrumb","itemListElement":[{"@type":"ListItem","position":1,"name":"Accueil","item":"https:\/\/www.hotel-harvey.com\/es\/"},{"@type":"ListItem","position":2,"name":"Chambres"}]},{"@type":"WebSite","@id":"https:\/\/www.hotel-harvey.com\/#website","url":"https:\/\/www.hotel-harvey.com\/","name":"H\u00f4tel Harvey Paris","description":"H\u00f4tel de charme \u00e0 Porte Maillot","publisher":{"@id":"https:\/\/www.hotel-harvey.com\/#organization"},"potentialAction":[{"@type":"SearchAction","target":{"@type":"EntryPoint","urlTemplate":"https:\/\/www.hotel-harvey.com\/?s={search_term_string}"},"query-input":{"@type":"PropertyValueSpecification","valueRequired":true,"valueName":"search_term_string"}}],"inLanguage":"es"},{"@type":"Organization","@id":"https:\/\/www.hotel-harvey.com\/#organization","name":"H\u00f4tel Harvey Paris","url":"https:\/\/www.hotel-harvey.com\/","logo":{"@type":"ImageObject","inLanguage":"es","@id":"https:\/\/www.hotel-harvey.com\/#\/schema\/logo\/image\/","url":"https:\/\/www.hotel-harvey.com\/wp-content\/uploads\/2022\/10\/logo-hotel-harvey-paris-1.jpg","contentUrl":"https:\/\/www.hotel-harvey.com\/wp-content\/uploads\/2022\/10\/logo-hotel-harvey-paris-1.jpg","width":295,"height":295,"caption":"H\u00f4tel Harvey Paris"},"image":{"@id":"https:\/\/www.hotel-harvey.com\/#\/schema\/logo\/image\/"},"sameAs":["https:\/\/www.facebook.com\/hotelharveyparis\/","https:\/\/www.instagram.com\/hotelharveyparis\/"]}]}},"_links":{"self":[{"href":"https:\/\/www.hotel-harvey.com\/es\/wp-json\/wp\/v2\/pages\/564","targetHints":{"allow":["GET"]}}],"collection":[{"href":"https:\/\/www.hotel-harvey.com\/es\/wp-json\/wp\/v2\/pages"}],"about":[{"href":"https:\/\/www.hotel-harvey.com\/es\/wp-json\/wp\/v2\/types\/page"}],"author":[{"embeddable":true,"href":"https:\/\/www.hotel-harvey.com\/es\/wp-json\/wp\/v2\/users\/1"}],"replies":[{"embeddable":true,"href":"https:\/\/www.hotel-harvey.com\/es\/wp-json\/wp\/v2\/comments?post=564"}],"version-history":[{"count":7,"href":"https:\/\/www.hotel-harvey.com\/es\/wp-json\/wp\/v2\/pages\/564\/revisions"}],"predecessor-version":[{"id":1008,"href":"https:\/\/www.hotel-harvey.com\/es\/wp-json\/wp\/v2\/pages\/564\/revisions\/1008"}],"wp:attachment":[{"href":"https:\/\/www.hotel-harvey.com\/es\/wp-json\/wp\/v2\/media?parent=564"}],"curies":[{"name":"wp","href":"https:\/\/api.w.org\/{rel}","templated":true}]}}