{"id":577,"date":"2022-09-13T11:40:36","date_gmt":"2022-09-13T09:40:36","guid":{"rendered":"https:\/\/hotel-harvey.com\/new\/situation-hotel-harvey-paris\/"},"modified":"2024-09-22T22:48:47","modified_gmt":"2024-09-22T20:48:47","slug":"location-hotel-harvey-paris","status":"publish","type":"page","link":"https:\/\/www.hotel-harvey.com\/en\/location-hotel-harvey-paris\/","title":{"rendered":"Situation"},"content":{"rendered":"\n\t<section class=\"section\" id=\"section_2081870510\">\n\t\t<div class=\"bg section-bg fill bg-fill  bg-loaded\" >\n\n\t\t\t\n\t\t\t\n\t\t\t\n\n\t\t<\/div>\n\n\t\t\n\n\t\t<div class=\"section-content relative\">\n\t\t\t\n\n\n\n<iframe src=\"https:\/\/www.google.com\/maps\/embed?pb=!1m18!1m12!1m3!1d13223.75358522529!2d2.2841379665795425!3d48.87870268990398!2m3!1f0!2f0!3f0!3m2!1i1024!2i768!4f13.1!3m3!1m2!1s0x47e66f8cd162a1a9%3A0x9a6c6d257824a66e!2s7%20Rue%20du%20D%C3%A9barcad%C3%A8re%2C%2075017%20Paris!5e0!3m2!1sfr!2sfr!4v1660032513171!5m2!1sfr!2sfr\" width=\"100%\" height=\"350\" style=\"border:0;\" allowfullscreen=\"\" loading=\"lazy\" referrerpolicy=\"no-referrer-when-downgrade\"><\/iframe>\n\n\n\t\t<\/div>\n\n\t\t\n<style>\n#section_2081870510 {\n  padding-top: 0px;\n  padding-bottom: 0px;\n}\n#section_2081870510 .ux-shape-divider--top svg {\n  height: 150px;\n  --divider-top-width: 100%;\n}\n#section_2081870510 .ux-shape-divider--bottom svg {\n  height: 150px;\n  --divider-width: 100%;\n}\n<\/style>\n\t<\/section>\n\t\n\t<section class=\"section\" id=\"section_835208902\">\n\t\t<div class=\"bg section-bg fill bg-fill  bg-loaded\" >\n\n\t\t\t\n\t\t\t\n\t\t\t\n\n\t\t<\/div>\n\n\t\t\n\n\t\t<div class=\"section-content relative\">\n\t\t\t\n\n<div class=\"row\"  id=\"row-1897563209\">\n\n\n\t<div id=\"col-1603854254\" class=\"col small-12 large-12\"  data-animate=\"fadeInUp\">\n\t\t\t\t<div class=\"col-inner\"  >\n\t\t\t\n\t\t\t\n\n<h1 class=\"uppercase\" style=\"text-align: center;\">Location of the hotel Harvey Paris Porte Maillot<\/h1>\n<div class=\"text-center\"><div class=\"is-divider divider clearfix\" style=\"max-width:150px;\"><\/div><\/div>\n\n\n\t\t<\/div>\n\t\t\t\t\t<\/div>\n\n\t\n\n\t<div id=\"col-566233038\" class=\"col medium-6 small-12 large-6\"  data-animate=\"fadeInLeft\">\n\t\t\t\t<div class=\"col-inner\"  >\n\t\t\t\n\t\t\t\n\n<p>(Coord. GPS : Lat 48.87781242 Long. : 2.285928726)<br \/>Ideally located next to Porte Maillot, our hotel is close to many transport links :<\/p>\n<p><strong>Car parks:<\/strong>\u00a0Palais des Congr\u00e8s \u2013 Porte Maillot : 2 minutes from the hotel<br \/>Brunel (discounted rates for guest) : 2 minutes from the hotel<\/p>\n<p><strong>Taxis :<\/strong>\u00a0Taxi rank 3 minutes from the hotel<\/p>\n<p><strong>M\u00e9tro :<\/strong>\u00a0Line 1 \u2013 Porte Maillot and Argentine stations<\/p>\n<p><strong>RER :<\/strong>\u00a0Line C \u2013 Porte Maillot\u00a0Station\u00a0<\/p>\n<p><strong>Bus :<\/strong><br \/>\u201cPorte Maillot\u201d stop (buses 73 \u2013 43 \u2013 82 \u2013 PC1 \u2013 PC3)<\/p>\n\n\t\t<\/div>\n\t\t\t\t\t<\/div>\n\n\t\n\n\t<div id=\"col-1643814815\" class=\"col medium-6 small-12 large-6\"  data-animate=\"fadeInRight\">\n\t\t\t\t<div class=\"col-inner\"  >\n\t\t\t\n\t\t\t\n\n\t<div class=\"img has-hover x md-x lg-x y md-y lg-y\" id=\"image_1824672421\">\n\t\t\t\t\t\t\t\t<div class=\"img-inner dark\" >\n\t\t\t<img decoding=\"async\" width=\"1020\" height=\"680\" src=\"https:\/\/www.hotel-harvey.com\/wp-content\/uploads\/2022\/09\/facade-hotel-harvey-paris-3-1024x683.jpg\" class=\"attachment-large size-large\" alt=\"H\u00f4tel Harvey Paris Porte Maillot\" srcset=\"https:\/\/www.hotel-harvey.com\/wp-content\/uploads\/2022\/09\/facade-hotel-harvey-paris-3-1024x683.jpg 1024w, https:\/\/www.hotel-harvey.com\/wp-content\/uploads\/2022\/09\/facade-hotel-harvey-paris-3-300x200.jpg 300w, https:\/\/www.hotel-harvey.com\/wp-content\/uploads\/2022\/09\/facade-hotel-harvey-paris-3-768x512.jpg 768w, https:\/\/www.hotel-harvey.com\/wp-content\/uploads\/2022\/09\/facade-hotel-harvey-paris-3.jpg 1200w\" sizes=\"(max-width: 1020px) 100vw, 1020px\" \/>\t\t\t\t\t\t\n\t\t\t\t\t<\/div>\n\t\t\t\t\t\t\t\t\n<style>\n#image_1824672421 {\n  width: 100%;\n}\n<\/style>\n\t<\/div>\n\t\n\n\n\t\t<\/div>\n\t\t\t\t\t<\/div>\n\n\t\n\n<\/div>\n<div class=\"row align-center\"  id=\"row-181982148\">\n\n\n\t<div id=\"col-820268788\" class=\"col small-12 large-12\"  data-animate=\"fadeInUp\">\n\t\t\t\t<div class=\"col-inner\"  >\n\t\t\t\n\t\t\t\n\n<p><em>\u2013 Bus routes from Porte Maillot<\/em><\/p>\n<ul>\n<li>73 : (every day)<br \/>&lt;= La D\u00e9fense<br \/>=&gt;Porte Maillot =&gt;Champs-Elys\u00e9es =&gt; Concorde =&gt; Mus\u00e9e d\u2019Orsay<\/li>\n<li>43 : (Every day until 10 pm)<br \/>&lt;= Neuilly-Bagatelle &lt;= Bois de Boulogne &lt;= Porte Maillot<br \/>=&gt; Avenue des Ternes =&gt; Bd Haussmann =&gt; Saint-Lazare et grands Magasins =&gt; Gare du Nord<\/li>\n<li>82 : (every day)<br \/>&lt;= Hospital Am\u00e9ricain de Neuilly &lt;= Porte Maillot<br \/>=&gt; Porte Maillot =&gt; Victor Hugo =&gt; Trocad\u00e9ro =&gt; Tour Eiffel =&gt; Invalides =&gt; Montparnasse =&gt; Jardin du Luxembourg<\/li>\n<li>PC1 : (Every day + in the evenings)<br \/>Porte Maillot =&gt; Porte d\u2019Auteuil Rolland Garros =&gt; Porte de Saint-Cloud =&gt; Pont du Garigliano =&gt; Tramway =&gt; Porte de Versailles<\/li>\n<li>PC3 : (Every day + in the evenings)<br \/>Porte Maillot =&gt; Porte Champerret =&gt; Porte de Saint-Ouen (Puces) =&gt; Porte de la Villette (Science museum)<\/li>\n<\/ul>\n<p><em>\u2013 Bus routes from Etoile :<\/em><\/p>\n<ul>\n<li>92 : (Every day until 10pm)<br \/>Porte Champerret &lt;= Etoile =&gt; avenue Marceau =&gt; Invalides =&gt; Montparnasse<\/li>\n<\/ul>\n<p><strong>Velib :<\/strong> Velib station (bicycle rental service) 2 minutes from the hotel &#8211; Boulevard Pereire<\/p>\n<p><strong>Airports :<\/strong><\/p>\n<ul>\n<li>\n<p>Beauvais :<br \/>The airport shuttle stops at Bd Pershing, 5 minutes from the hotel<\/p>\n<\/li>\n<\/ul>\n<p><strong>Stations :<\/strong><\/p>\n<ul>\n<li>Austerlitz TGV \u2013 7 km, 40 minutes by taxi<\/li>\n<li>Saint Lazare \u2013 3 km, 20 minutes by taxi or direct 43 bus.<\/li>\n<li>Montparnasse TGV \u2013 5 km, 25 minutes by taxi\u00a0<\/li>\n<li>Gare de Lyon TGV \u2013 6 km, 35 minutes by taxi or direct Metro (line 1)<\/li>\n<li>Gare de Nord TGV \u2013 6 km, 30 minutes by taxi or direct 43 bus<\/li>\n<\/ul>\n\n\t\t<\/div>\n\t\t\t\t\t<\/div>\n\n\t\n\n<\/div>\n\n\t\t<\/div>\n\n\t\t\n<style>\n#section_835208902 {\n  padding-top: 30px;\n  padding-bottom: 30px;\n}\n#section_835208902 .ux-shape-divider--top svg {\n  height: 150px;\n  --divider-top-width: 100%;\n}\n#section_835208902 .ux-shape-divider--bottom svg {\n  height: 150px;\n  --divider-width: 100%;\n}\n<\/style>\n\t<\/section>\n\t\n\n","protected":false},"excerpt":{"rendered":"","protected":false},"author":1,"featured_media":0,"parent":0,"menu_order":0,"comment_status":"closed","ping_status":"closed","template":"page-blank.php","meta":{"footnotes":""},"class_list":["post-577","page","type-page","status-publish","hentry"],"yoast_head":"<!-- This site is optimized with the Yoast SEO plugin v24.3 - https:\/\/yoast.com\/wordpress\/plugins\/seo\/ -->\n<title>Location - H\u00f4tel Harvey Paris<\/title>\n<meta name=\"description\" content=\"The Harvey hotel is next to the Palais des Congr\u00e8s, only few minutes away from the Arc de Triomphe and the Champs Elys\u00e9es, and close to the La D\u00e9fense business district.\" \/>\n<meta name=\"robots\" content=\"index, follow, max-snippet:-1, max-image-preview:large, max-video-preview:-1\" \/>\n<link rel=\"canonical\" href=\"https:\/\/www.hotel-harvey.com\/en\/location-hotel-harvey-paris\/\" \/>\n<meta property=\"og:locale\" content=\"en_US\" \/>\n<meta property=\"og:type\" content=\"article\" \/>\n<meta property=\"og:title\" content=\"Location - H\u00f4tel Harvey Paris\" \/>\n<meta property=\"og:description\" content=\"The Harvey hotel is next to the Palais des Congr\u00e8s, only few minutes away from the Arc de Triomphe and the Champs Elys\u00e9es, and close to the La D\u00e9fense business district.\" \/>\n<meta property=\"og:url\" content=\"https:\/\/www.hotel-harvey.com\/en\/location-hotel-harvey-paris\/\" \/>\n<meta property=\"og:site_name\" content=\"H\u00f4tel Harvey Paris\" \/>\n<meta property=\"article:publisher\" content=\"https:\/\/www.facebook.com\/hotelharveyparis\/\" \/>\n<meta property=\"article:modified_time\" content=\"2024-09-22T20:48:47+00:00\" \/>\n<meta name=\"twitter:card\" content=\"summary_large_image\" \/>\n<meta name=\"twitter:label1\" content=\"Est. reading time\" \/>\n\t<meta name=\"twitter:data1\" content=\"2 minutes\" \/>\n<script type=\"application\/ld+json\" class=\"yoast-schema-graph\">{\"@context\":\"https:\/\/schema.org\",\"@graph\":[{\"@type\":\"WebPage\",\"@id\":\"https:\/\/www.hotel-harvey.com\/en\/location-hotel-harvey-paris\/\",\"url\":\"https:\/\/www.hotel-harvey.com\/en\/location-hotel-harvey-paris\/\",\"name\":\"Location - H\u00f4tel Harvey Paris\",\"isPartOf\":{\"@id\":\"https:\/\/www.hotel-harvey.com\/#website\"},\"datePublished\":\"2022-09-13T09:40:36+00:00\",\"dateModified\":\"2024-09-22T20:48:47+00:00\",\"description\":\"The Harvey hotel is next to the Palais des Congr\u00e8s, only few minutes away from the Arc de Triomphe and the Champs Elys\u00e9es, and close to the La D\u00e9fense business district.\",\"breadcrumb\":{\"@id\":\"https:\/\/www.hotel-harvey.com\/en\/location-hotel-harvey-paris\/#breadcrumb\"},\"inLanguage\":\"en-US\",\"potentialAction\":[{\"@type\":\"ReadAction\",\"target\":[\"https:\/\/www.hotel-harvey.com\/en\/location-hotel-harvey-paris\/\"]}]},{\"@type\":\"BreadcrumbList\",\"@id\":\"https:\/\/www.hotel-harvey.com\/en\/location-hotel-harvey-paris\/#breadcrumb\",\"itemListElement\":[{\"@type\":\"ListItem\",\"position\":1,\"name\":\"Accueil\",\"item\":\"https:\/\/www.hotel-harvey.com\/en\/\"},{\"@type\":\"ListItem\",\"position\":2,\"name\":\"Situation\"}]},{\"@type\":\"WebSite\",\"@id\":\"https:\/\/www.hotel-harvey.com\/#website\",\"url\":\"https:\/\/www.hotel-harvey.com\/\",\"name\":\"H\u00f4tel Harvey Paris\",\"description\":\"H\u00f4tel de charme \u00e0 Porte Maillot\",\"publisher\":{\"@id\":\"https:\/\/www.hotel-harvey.com\/#organization\"},\"potentialAction\":[{\"@type\":\"SearchAction\",\"target\":{\"@type\":\"EntryPoint\",\"urlTemplate\":\"https:\/\/www.hotel-harvey.com\/?s={search_term_string}\"},\"query-input\":{\"@type\":\"PropertyValueSpecification\",\"valueRequired\":true,\"valueName\":\"search_term_string\"}}],\"inLanguage\":\"en-US\"},{\"@type\":\"Organization\",\"@id\":\"https:\/\/www.hotel-harvey.com\/#organization\",\"name\":\"H\u00f4tel Harvey Paris\",\"url\":\"https:\/\/www.hotel-harvey.com\/\",\"logo\":{\"@type\":\"ImageObject\",\"inLanguage\":\"en-US\",\"@id\":\"https:\/\/www.hotel-harvey.com\/#\/schema\/logo\/image\/\",\"url\":\"https:\/\/www.hotel-harvey.com\/wp-content\/uploads\/2022\/10\/logo-hotel-harvey-paris-1.jpg\",\"contentUrl\":\"https:\/\/www.hotel-harvey.com\/wp-content\/uploads\/2022\/10\/logo-hotel-harvey-paris-1.jpg\",\"width\":295,\"height\":295,\"caption\":\"H\u00f4tel Harvey Paris\"},\"image\":{\"@id\":\"https:\/\/www.hotel-harvey.com\/#\/schema\/logo\/image\/\"},\"sameAs\":[\"https:\/\/www.facebook.com\/hotelharveyparis\/\",\"https:\/\/www.instagram.com\/hotelharveyparis\/\"]}]}<\/script>\n<!-- \/ Yoast SEO plugin. -->","yoast_head_json":{"title":"Location - H\u00f4tel Harvey Paris","description":"The Harvey hotel is next to the Palais des Congr\u00e8s, only few minutes away from the Arc de Triomphe and the Champs Elys\u00e9es, and close to the La D\u00e9fense business district.","robots":{"index":"index","follow":"follow","max-snippet":"max-snippet:-1","max-image-preview":"max-image-preview:large","max-video-preview":"max-video-preview:-1"},"canonical":"https:\/\/www.hotel-harvey.com\/en\/location-hotel-harvey-paris\/","og_locale":"en_US","og_type":"article","og_title":"Location - H\u00f4tel Harvey Paris","og_description":"The Harvey hotel is next to the Palais des Congr\u00e8s, only few minutes away from the Arc de Triomphe and the Champs Elys\u00e9es, and close to the La D\u00e9fense business district.","og_url":"https:\/\/www.hotel-harvey.com\/en\/location-hotel-harvey-paris\/","og_site_name":"H\u00f4tel Harvey Paris","article_publisher":"https:\/\/www.facebook.com\/hotelharveyparis\/","article_modified_time":"2024-09-22T20:48:47+00:00","twitter_card":"summary_large_image","twitter_misc":{"Est. reading time":"2 minutes"},"schema":{"@context":"https:\/\/schema.org","@graph":[{"@type":"WebPage","@id":"https:\/\/www.hotel-harvey.com\/en\/location-hotel-harvey-paris\/","url":"https:\/\/www.hotel-harvey.com\/en\/location-hotel-harvey-paris\/","name":"Location - H\u00f4tel Harvey Paris","isPartOf":{"@id":"https:\/\/www.hotel-harvey.com\/#website"},"datePublished":"2022-09-13T09:40:36+00:00","dateModified":"2024-09-22T20:48:47+00:00","description":"The Harvey hotel is next to the Palais des Congr\u00e8s, only few minutes away from the Arc de Triomphe and the Champs Elys\u00e9es, and close to the La D\u00e9fense business district.","breadcrumb":{"@id":"https:\/\/www.hotel-harvey.com\/en\/location-hotel-harvey-paris\/#breadcrumb"},"inLanguage":"en-US","potentialAction":[{"@type":"ReadAction","target":["https:\/\/www.hotel-harvey.com\/en\/location-hotel-harvey-paris\/"]}]},{"@type":"BreadcrumbList","@id":"https:\/\/www.hotel-harvey.com\/en\/location-hotel-harvey-paris\/#breadcrumb","itemListElement":[{"@type":"ListItem","position":1,"name":"Accueil","item":"https:\/\/www.hotel-harvey.com\/en\/"},{"@type":"ListItem","position":2,"name":"Situation"}]},{"@type":"WebSite","@id":"https:\/\/www.hotel-harvey.com\/#website","url":"https:\/\/www.hotel-harvey.com\/","name":"H\u00f4tel Harvey Paris","description":"H\u00f4tel de charme \u00e0 Porte Maillot","publisher":{"@id":"https:\/\/www.hotel-harvey.com\/#organization"},"potentialAction":[{"@type":"SearchAction","target":{"@type":"EntryPoint","urlTemplate":"https:\/\/www.hotel-harvey.com\/?s={search_term_string}"},"query-input":{"@type":"PropertyValueSpecification","valueRequired":true,"valueName":"search_term_string"}}],"inLanguage":"en-US"},{"@type":"Organization","@id":"https:\/\/www.hotel-harvey.com\/#organization","name":"H\u00f4tel Harvey Paris","url":"https:\/\/www.hotel-harvey.com\/","logo":{"@type":"ImageObject","inLanguage":"en-US","@id":"https:\/\/www.hotel-harvey.com\/#\/schema\/logo\/image\/","url":"https:\/\/www.hotel-harvey.com\/wp-content\/uploads\/2022\/10\/logo-hotel-harvey-paris-1.jpg","contentUrl":"https:\/\/www.hotel-harvey.com\/wp-content\/uploads\/2022\/10\/logo-hotel-harvey-paris-1.jpg","width":295,"height":295,"caption":"H\u00f4tel Harvey Paris"},"image":{"@id":"https:\/\/www.hotel-harvey.com\/#\/schema\/logo\/image\/"},"sameAs":["https:\/\/www.facebook.com\/hotelharveyparis\/","https:\/\/www.instagram.com\/hotelharveyparis\/"]}]}},"_links":{"self":[{"href":"https:\/\/www.hotel-harvey.com\/en\/wp-json\/wp\/v2\/pages\/577","targetHints":{"allow":["GET"]}}],"collection":[{"href":"https:\/\/www.hotel-harvey.com\/en\/wp-json\/wp\/v2\/pages"}],"about":[{"href":"https:\/\/www.hotel-harvey.com\/en\/wp-json\/wp\/v2\/types\/page"}],"author":[{"embeddable":true,"href":"https:\/\/www.hotel-harvey.com\/en\/wp-json\/wp\/v2\/users\/1"}],"replies":[{"embeddable":true,"href":"https:\/\/www.hotel-harvey.com\/en\/wp-json\/wp\/v2\/comments?post=577"}],"version-history":[{"count":4,"href":"https:\/\/www.hotel-harvey.com\/en\/wp-json\/wp\/v2\/pages\/577\/revisions"}],"predecessor-version":[{"id":953,"href":"https:\/\/www.hotel-harvey.com\/en\/wp-json\/wp\/v2\/pages\/577\/revisions\/953"}],"wp:attachment":[{"href":"https:\/\/www.hotel-harvey.com\/en\/wp-json\/wp\/v2\/media?parent=577"}],"curies":[{"name":"wp","href":"https:\/\/api.w.org\/{rel}","templated":true}]}}