{"id":569,"date":"2022-09-13T16:56:23","date_gmt":"2022-09-13T14:56:23","guid":{"rendered":"https:\/\/hotel-harvey.com\/new\/quartier-hotel-harvey-paris\/"},"modified":"2024-09-22T22:45:07","modified_gmt":"2024-09-22T20:45:07","slug":"district-hotel-harvey-paris","status":"publish","type":"page","link":"https:\/\/www.hotel-harvey.com\/en\/district-hotel-harvey-paris\/","title":{"rendered":"Le quartier"},"content":{"rendered":"\n\t<section class=\"section\" id=\"section_1322411232\">\n\t\t<div class=\"bg section-bg fill bg-fill  bg-loaded\" >\n\n\t\t\t\n\t\t\t\n\t\t\t\n\n\t\t<\/div>\n\n\t\t\n\n\t\t<div class=\"section-content relative\">\n\t\t\t\n\n\n\n<iframe src=\"https:\/\/www.google.com\/maps\/embed?pb=!1m18!1m12!1m3!1d13223.75358522529!2d2.2841379665795425!3d48.87870268990398!2m3!1f0!2f0!3f0!3m2!1i1024!2i768!4f13.1!3m3!1m2!1s0x47e66f8cd162a1a9%3A0x9a6c6d257824a66e!2s7%20Rue%20du%20D%C3%A9barcad%C3%A8re%2C%2075017%20Paris!5e0!3m2!1sfr!2sfr!4v1660032513171!5m2!1sfr!2sfr\" width=\"100%\" height=\"350\" style=\"border:0;\" allowfullscreen=\"\" loading=\"lazy\" referrerpolicy=\"no-referrer-when-downgrade\"><\/iframe>\n\n\n\t\t<\/div>\n\n\t\t\n<style>\n#section_1322411232 {\n  padding-top: 0px;\n  padding-bottom: 0px;\n}\n#section_1322411232 .ux-shape-divider--top svg {\n  height: 150px;\n  --divider-top-width: 100%;\n}\n#section_1322411232 .ux-shape-divider--bottom svg {\n  height: 150px;\n  --divider-width: 100%;\n}\n<\/style>\n\t<\/section>\n\t\n\t<section class=\"section\" id=\"section_628358702\">\n\t\t<div class=\"bg section-bg fill bg-fill  bg-loaded\" >\n\n\t\t\t\n\t\t\t\n\t\t\t\n\n\t\t<\/div>\n\n\t\t\n\n\t\t<div class=\"section-content relative\">\n\t\t\t\n\n<div class=\"row row-large\"  id=\"row-1191323810\">\n\n\n\t<div id=\"col-43663400\" class=\"col small-12 large-12\"  data-animate=\"fadeInUp\">\n\t\t\t\t<div class=\"col-inner\"  >\n\t\t\t\n\t\t\t\n\n<h1 class=\"uppercase\" style=\"text-align: center;\" data-show=\"hide-for-medium\">Location of the hotel Harvey Paris Porte Maillot<\/h1>\n\t<div id=\"gap-21876213\" class=\"gap-element clearfix\" style=\"display:block; height:auto;\">\n\t\t\n<style>\n#gap-21876213 {\n  padding-top: 16px;\n}\n<\/style>\n\t<\/div>\n\t\n\n<div class=\"text-center\"><div class=\"is-divider divider clearfix\" style=\"max-width:150px;\"><\/div><\/div>\n\n\n\t\t<\/div>\n\t\t\t\t\t<\/div>\n\n\t\n\n\t<div id=\"col-1253366767\" class=\"col medium-12 small-12 large-6\"  data-animate=\"fadeInLeft\">\n\t\t\t\t<div class=\"col-inner\"  >\n\t\t\t\n\t\t\t\n\n<h2><span style=\"font-size: 90%;\">The district<\/span><\/h2>\n<p class=\"textemauve14\">Porte Maillot is located in the west of Paris between the\u00a0<strong>Arc de Triomphe<\/strong>\u00a0and the\u00a0<strong>Champ- Elys\u00e9es<\/strong>\u00a0and \u201d\u00a0<strong>La D\u00e9fense \u201c<\/strong>\u00a0business district.<\/p>\n<p class=\"textemauve14\">The district has many attractions for visitors:<\/p>\n<ul>\n<li>Firstly, the\u00a0<strong>Palais des Congr\u00e8s<\/strong>\u00a0which is an important economic and cultural center within Paris.<br \/>It is the venue for national and international trade fairs and congresses but also houses 80 shops, tea rooms and 4 cinemas.<\/li>\n<\/ul>\n<ul>\n<li>Just 5 minutes walk from the hotel you can shop for clothes, sports equipment, cultural products or home accessories in the\u00a0<strong>avenue des Ternes<\/strong>\u00a0area where you will\u00a0find plenty of French shops and international brands.<\/li>\n<\/ul>\n<p class=\"textemauve14\">If you want to stop and have a drink or grab a bite to eat there are lots of traditional Parisian caf\u00e9s and trendy bars.<br \/>And there is also a large choice of traditional French or international restaurants, many of which are open every day.<\/p>\n<p class=\"textemauve14\">If you want to exercise there is a\u00a0<strong>fitness centre and spa Club Med Gym\u00a0<\/strong>close to the hotel.\u00a0<\/p>\n<p class=\"textemauve14\">Or if you want a break from the city you can relax or go jogging in the\u00a0<strong>Bois de Boulogne<\/strong>, a huge park in the west of Paris, 2 mn walk.\u00a0<\/p>\n<p>Public laundry shop 5 minutes away.\u00a0<\/p>\n\n\t\t<\/div>\n\t\t\t\t\t<\/div>\n\n\t\n\n\t<div id=\"col-1055458526\" class=\"col medium-12 small-12 large-6\"  data-animate=\"fadeInRight\">\n\t\t\t\t<div class=\"col-inner\"  >\n\t\t\t\n\t\t\t\n\n<h2><span style=\"font-size: 90%;\">Our favorite addresses near the hotel<\/span><\/h2>\n<p><strong>Fitness room and spa:<\/strong><br \/>Club Med Gym Maillot : 17 Rue du D\u00e9barcad\u00e8re \u2013 75017 Paris \u2013 t\u00e9l : 01 45 74 14 04<\/p>\n<p><strong>Restaurants \u2013 Caf\u00e9s \u2013 Brasseries nearby:<\/strong><\/p>\n<ul>\n<li>Brasserie &#8220;Le Saint Ferdinand&#8221;<br \/>34 place Saint-Ferdinand, 75017 Paris<br \/>Tel : 01 45 74 50 74<\/li>\n<li>Brasserie \u201d La Maison \u201d\u00a0<br \/>28 place Saint-Ferdinand \u2013 T\u00e9l. : 01 45 74 11 24<\/li>\n<li>Le Congr\u00e8s<br \/>80 Avenue de la Grande Arm\u00e9e 75017, Tel. : 01 45 74 17 24\u00a0<\/li>\n<li>Le Relais de Venise\u00a0<br \/>271 Bd P\u00e9reire \u2013 Pas de r\u00e9servation<\/li>\n<li>Le Mandarin<br \/>47 Boulevard Gouvion Saint Cyr, T\u00e9l : 01.45.74.34.34<\/li>\n<li>Timgad<br \/>2 rue Brunel, T\u00e9l : 01.45.74.23.70<\/li>\n<\/ul>\n<p>\u00a0<\/p>\n\n\t\t<\/div>\n\t\t\t\t\t<\/div>\n\n\t\n\n<\/div>\n<div class=\"row align-center\"  id=\"row-286931517\">\n\n\n\t<div id=\"col-1288175760\" class=\"col small-12 large-12\"  data-animate=\"fadeInUp\">\n\t\t\t\t<div class=\"col-inner\"  >\n\t\t\t\n\t\t\t\n\n\t<div class=\"img has-hover x md-x lg-x y md-y lg-y\" id=\"image_894444259\">\n\t\t\t\t\t\t\t\t<div class=\"img-inner image-cover dark\" style=\"padding-top:56.25%;\">\n\t\t\t<img decoding=\"async\" width=\"1020\" height=\"680\" src=\"https:\/\/www.hotel-harvey.com\/wp-content\/uploads\/2022\/08\/situation-hotel-harvey-paris-1-1024x683.jpg\" class=\"attachment-large size-large\" alt=\"H\u00f4tel Harvey Paris orte Maillot\" srcset=\"https:\/\/www.hotel-harvey.com\/wp-content\/uploads\/2022\/08\/situation-hotel-harvey-paris-1-1024x683.jpg 1024w, https:\/\/www.hotel-harvey.com\/wp-content\/uploads\/2022\/08\/situation-hotel-harvey-paris-1-300x200.jpg 300w, https:\/\/www.hotel-harvey.com\/wp-content\/uploads\/2022\/08\/situation-hotel-harvey-paris-1-768x512.jpg 768w, https:\/\/www.hotel-harvey.com\/wp-content\/uploads\/2022\/08\/situation-hotel-harvey-paris-1.jpg 1500w\" sizes=\"(max-width: 1020px) 100vw, 1020px\" \/>\t\t\t\t\t\t\n\t\t\t\t\t<\/div>\n\t\t\t\t\t\t\t\t\n<style>\n#image_894444259 {\n  width: 100%;\n}\n<\/style>\n\t<\/div>\n\t\n\n\n\t\t<\/div>\n\t\t\t\t\t<\/div>\n\n\t\n\n<\/div>\n\n\t\t<\/div>\n\n\t\t\n<style>\n#section_628358702 {\n  padding-top: 30px;\n  padding-bottom: 30px;\n}\n#section_628358702 .ux-shape-divider--top svg {\n  height: 150px;\n  --divider-top-width: 100%;\n}\n#section_628358702 .ux-shape-divider--bottom svg {\n  height: 150px;\n  --divider-width: 100%;\n}\n<\/style>\n\t<\/section>\n\t\n\n","protected":false},"excerpt":{"rendered":"","protected":false},"author":1,"featured_media":0,"parent":0,"menu_order":0,"comment_status":"closed","ping_status":"closed","template":"page-blank.php","meta":{"footnotes":""},"class_list":["post-569","page","type-page","status-publish","hentry"],"yoast_head":"<!-- This site is optimized with the Yoast SEO plugin v24.3 - https:\/\/yoast.com\/wordpress\/plugins\/seo\/ -->\n<title>Location - Hotel Harvey Paris - Porte Maillot - Palais des Congr\u00e8s<\/title>\n<meta name=\"description\" content=\"Location - Hotel Harvey Paris - Porte Maillot - Palais des Congr\u00e8s. Located in the axis that connects Arc de Triomphe, Champs Elysees to Paris La Defense.\" \/>\n<meta name=\"robots\" content=\"index, follow, max-snippet:-1, max-image-preview:large, max-video-preview:-1\" \/>\n<link rel=\"canonical\" href=\"https:\/\/www.hotel-harvey.com\/en\/district-hotel-harvey-paris\/\" \/>\n<meta property=\"og:locale\" content=\"en_US\" \/>\n<meta property=\"og:type\" content=\"article\" \/>\n<meta property=\"og:title\" content=\"Location - Hotel Harvey Paris - Porte Maillot - Palais des Congr\u00e8s\" \/>\n<meta property=\"og:description\" content=\"Location - Hotel Harvey Paris - Porte Maillot - Palais des Congr\u00e8s. Located in the axis that connects Arc de Triomphe, Champs Elysees to Paris La Defense.\" \/>\n<meta property=\"og:url\" content=\"https:\/\/www.hotel-harvey.com\/en\/district-hotel-harvey-paris\/\" \/>\n<meta property=\"og:site_name\" content=\"H\u00f4tel Harvey Paris\" \/>\n<meta property=\"article:publisher\" content=\"https:\/\/www.facebook.com\/hotelharveyparis\/\" \/>\n<meta property=\"article:modified_time\" content=\"2024-09-22T20:45:07+00:00\" \/>\n<meta name=\"twitter:card\" content=\"summary_large_image\" \/>\n<meta name=\"twitter:label1\" content=\"Est. reading time\" \/>\n\t<meta name=\"twitter:data1\" content=\"3 minutes\" \/>\n<script type=\"application\/ld+json\" class=\"yoast-schema-graph\">{\"@context\":\"https:\/\/schema.org\",\"@graph\":[{\"@type\":\"WebPage\",\"@id\":\"https:\/\/www.hotel-harvey.com\/en\/district-hotel-harvey-paris\/\",\"url\":\"https:\/\/www.hotel-harvey.com\/en\/district-hotel-harvey-paris\/\",\"name\":\"Location - Hotel Harvey Paris - Porte Maillot - Palais des Congr\u00e8s\",\"isPartOf\":{\"@id\":\"https:\/\/www.hotel-harvey.com\/#website\"},\"datePublished\":\"2022-09-13T14:56:23+00:00\",\"dateModified\":\"2024-09-22T20:45:07+00:00\",\"description\":\"Location - Hotel Harvey Paris - Porte Maillot - Palais des Congr\u00e8s. Located in the axis that connects Arc de Triomphe, Champs Elysees to Paris La Defense.\",\"breadcrumb\":{\"@id\":\"https:\/\/www.hotel-harvey.com\/en\/district-hotel-harvey-paris\/#breadcrumb\"},\"inLanguage\":\"en-US\",\"potentialAction\":[{\"@type\":\"ReadAction\",\"target\":[\"https:\/\/www.hotel-harvey.com\/en\/district-hotel-harvey-paris\/\"]}]},{\"@type\":\"BreadcrumbList\",\"@id\":\"https:\/\/www.hotel-harvey.com\/en\/district-hotel-harvey-paris\/#breadcrumb\",\"itemListElement\":[{\"@type\":\"ListItem\",\"position\":1,\"name\":\"Accueil\",\"item\":\"https:\/\/www.hotel-harvey.com\/en\/\"},{\"@type\":\"ListItem\",\"position\":2,\"name\":\"Le quartier\"}]},{\"@type\":\"WebSite\",\"@id\":\"https:\/\/www.hotel-harvey.com\/#website\",\"url\":\"https:\/\/www.hotel-harvey.com\/\",\"name\":\"H\u00f4tel Harvey Paris\",\"description\":\"H\u00f4tel de charme \u00e0 Porte Maillot\",\"publisher\":{\"@id\":\"https:\/\/www.hotel-harvey.com\/#organization\"},\"potentialAction\":[{\"@type\":\"SearchAction\",\"target\":{\"@type\":\"EntryPoint\",\"urlTemplate\":\"https:\/\/www.hotel-harvey.com\/?s={search_term_string}\"},\"query-input\":{\"@type\":\"PropertyValueSpecification\",\"valueRequired\":true,\"valueName\":\"search_term_string\"}}],\"inLanguage\":\"en-US\"},{\"@type\":\"Organization\",\"@id\":\"https:\/\/www.hotel-harvey.com\/#organization\",\"name\":\"H\u00f4tel Harvey Paris\",\"url\":\"https:\/\/www.hotel-harvey.com\/\",\"logo\":{\"@type\":\"ImageObject\",\"inLanguage\":\"en-US\",\"@id\":\"https:\/\/www.hotel-harvey.com\/#\/schema\/logo\/image\/\",\"url\":\"https:\/\/www.hotel-harvey.com\/wp-content\/uploads\/2022\/10\/logo-hotel-harvey-paris-1.jpg\",\"contentUrl\":\"https:\/\/www.hotel-harvey.com\/wp-content\/uploads\/2022\/10\/logo-hotel-harvey-paris-1.jpg\",\"width\":295,\"height\":295,\"caption\":\"H\u00f4tel Harvey Paris\"},\"image\":{\"@id\":\"https:\/\/www.hotel-harvey.com\/#\/schema\/logo\/image\/\"},\"sameAs\":[\"https:\/\/www.facebook.com\/hotelharveyparis\/\",\"https:\/\/www.instagram.com\/hotelharveyparis\/\"]}]}<\/script>\n<!-- \/ Yoast SEO plugin. -->","yoast_head_json":{"title":"Location - Hotel Harvey Paris - Porte Maillot - Palais des Congr\u00e8s","description":"Location - Hotel Harvey Paris - Porte Maillot - Palais des Congr\u00e8s. Located in the axis that connects Arc de Triomphe, Champs Elysees to Paris La Defense.","robots":{"index":"index","follow":"follow","max-snippet":"max-snippet:-1","max-image-preview":"max-image-preview:large","max-video-preview":"max-video-preview:-1"},"canonical":"https:\/\/www.hotel-harvey.com\/en\/district-hotel-harvey-paris\/","og_locale":"en_US","og_type":"article","og_title":"Location - Hotel Harvey Paris - Porte Maillot - Palais des Congr\u00e8s","og_description":"Location - Hotel Harvey Paris - Porte Maillot - Palais des Congr\u00e8s. Located in the axis that connects Arc de Triomphe, Champs Elysees to Paris La Defense.","og_url":"https:\/\/www.hotel-harvey.com\/en\/district-hotel-harvey-paris\/","og_site_name":"H\u00f4tel Harvey Paris","article_publisher":"https:\/\/www.facebook.com\/hotelharveyparis\/","article_modified_time":"2024-09-22T20:45:07+00:00","twitter_card":"summary_large_image","twitter_misc":{"Est. reading time":"3 minutes"},"schema":{"@context":"https:\/\/schema.org","@graph":[{"@type":"WebPage","@id":"https:\/\/www.hotel-harvey.com\/en\/district-hotel-harvey-paris\/","url":"https:\/\/www.hotel-harvey.com\/en\/district-hotel-harvey-paris\/","name":"Location - Hotel Harvey Paris - Porte Maillot - Palais des Congr\u00e8s","isPartOf":{"@id":"https:\/\/www.hotel-harvey.com\/#website"},"datePublished":"2022-09-13T14:56:23+00:00","dateModified":"2024-09-22T20:45:07+00:00","description":"Location - Hotel Harvey Paris - Porte Maillot - Palais des Congr\u00e8s. Located in the axis that connects Arc de Triomphe, Champs Elysees to Paris La Defense.","breadcrumb":{"@id":"https:\/\/www.hotel-harvey.com\/en\/district-hotel-harvey-paris\/#breadcrumb"},"inLanguage":"en-US","potentialAction":[{"@type":"ReadAction","target":["https:\/\/www.hotel-harvey.com\/en\/district-hotel-harvey-paris\/"]}]},{"@type":"BreadcrumbList","@id":"https:\/\/www.hotel-harvey.com\/en\/district-hotel-harvey-paris\/#breadcrumb","itemListElement":[{"@type":"ListItem","position":1,"name":"Accueil","item":"https:\/\/www.hotel-harvey.com\/en\/"},{"@type":"ListItem","position":2,"name":"Le quartier"}]},{"@type":"WebSite","@id":"https:\/\/www.hotel-harvey.com\/#website","url":"https:\/\/www.hotel-harvey.com\/","name":"H\u00f4tel Harvey Paris","description":"H\u00f4tel de charme \u00e0 Porte Maillot","publisher":{"@id":"https:\/\/www.hotel-harvey.com\/#organization"},"potentialAction":[{"@type":"SearchAction","target":{"@type":"EntryPoint","urlTemplate":"https:\/\/www.hotel-harvey.com\/?s={search_term_string}"},"query-input":{"@type":"PropertyValueSpecification","valueRequired":true,"valueName":"search_term_string"}}],"inLanguage":"en-US"},{"@type":"Organization","@id":"https:\/\/www.hotel-harvey.com\/#organization","name":"H\u00f4tel Harvey Paris","url":"https:\/\/www.hotel-harvey.com\/","logo":{"@type":"ImageObject","inLanguage":"en-US","@id":"https:\/\/www.hotel-harvey.com\/#\/schema\/logo\/image\/","url":"https:\/\/www.hotel-harvey.com\/wp-content\/uploads\/2022\/10\/logo-hotel-harvey-paris-1.jpg","contentUrl":"https:\/\/www.hotel-harvey.com\/wp-content\/uploads\/2022\/10\/logo-hotel-harvey-paris-1.jpg","width":295,"height":295,"caption":"H\u00f4tel Harvey Paris"},"image":{"@id":"https:\/\/www.hotel-harvey.com\/#\/schema\/logo\/image\/"},"sameAs":["https:\/\/www.facebook.com\/hotelharveyparis\/","https:\/\/www.instagram.com\/hotelharveyparis\/"]}]}},"_links":{"self":[{"href":"https:\/\/www.hotel-harvey.com\/en\/wp-json\/wp\/v2\/pages\/569","targetHints":{"allow":["GET"]}}],"collection":[{"href":"https:\/\/www.hotel-harvey.com\/en\/wp-json\/wp\/v2\/pages"}],"about":[{"href":"https:\/\/www.hotel-harvey.com\/en\/wp-json\/wp\/v2\/types\/page"}],"author":[{"embeddable":true,"href":"https:\/\/www.hotel-harvey.com\/en\/wp-json\/wp\/v2\/users\/1"}],"replies":[{"embeddable":true,"href":"https:\/\/www.hotel-harvey.com\/en\/wp-json\/wp\/v2\/comments?post=569"}],"version-history":[{"count":3,"href":"https:\/\/www.hotel-harvey.com\/en\/wp-json\/wp\/v2\/pages\/569\/revisions"}],"predecessor-version":[{"id":948,"href":"https:\/\/www.hotel-harvey.com\/en\/wp-json\/wp\/v2\/pages\/569\/revisions\/948"}],"wp:attachment":[{"href":"https:\/\/www.hotel-harvey.com\/en\/wp-json\/wp\/v2\/media?parent=569"}],"curies":[{"name":"wp","href":"https:\/\/api.w.org\/{rel}","templated":true}]}}