{"id":565,"date":"2022-09-13T08:50:45","date_gmt":"2022-09-13T06:50:45","guid":{"rendered":"https:\/\/hotel-harvey.com\/new\/services-hotel-harvey-paris\/"},"modified":"2024-09-22T22:41:50","modified_gmt":"2024-09-22T20:41:50","slug":"services-hotel-harvey-paris","status":"publish","type":"page","link":"https:\/\/www.hotel-harvey.com\/en\/services-hotel-harvey-paris\/","title":{"rendered":"Equipements et services"},"content":{"rendered":"\n\t<section class=\"section\" id=\"section_1487789993\">\n\t\t<div class=\"bg section-bg fill bg-fill  bg-loaded\" >\n\n\t\t\t\n\t\t\t\n\t\t\t\n\n\t\t<\/div>\n\n\t\t\n\n\t\t<div class=\"section-content relative\">\n\t\t\t\n\n<div class=\"slider-wrapper relative\" id=\"slider-1876666933\" >\n    <div class=\"slider slider-nav-circle slider-nav-large slider-nav-light slider-style-normal\"\n        data-flickity-options='{\n            \"cellAlign\": \"center\",\n            \"imagesLoaded\": true,\n            \"lazyLoad\": 1,\n            \"freeScroll\": false,\n            \"wrapAround\": true,\n            \"autoPlay\": 6000,\n            \"pauseAutoPlayOnHover\" : true,\n            \"prevNextButtons\": true,\n            \"contain\" : true,\n            \"adaptiveHeight\" : true,\n            \"dragThreshold\" : 10,\n            \"percentPosition\": true,\n            \"pageDots\": true,\n            \"rightToLeft\": false,\n            \"draggable\": true,\n            \"selectedAttraction\": 0.1,\n            \"parallax\" : 0,\n            \"friction\": 0.6        }'\n        >\n        \n\n\n  <div class=\"banner has-hover\" id=\"banner-697547659\">\n          <div class=\"banner-inner fill\">\n        <div class=\"banner-bg fill\" >\n            <div class=\"bg fill bg-fill \"><\/div>\n                                    \n                    <\/div>\n\t\t\n        <div class=\"banner-layers container\">\n            <div class=\"fill banner-link\"><\/div>            \n\n   <div id=\"text-box-1210259485\" class=\"text-box banner-layer hide-for-small x50 md-x50 lg-x50 y90 md-y90 lg-y50 res-text\">\n                     <div data-animate=\"flipInY\">           <div class=\"text-box-content text dark\">\n              \n              <div class=\"text-inner text-center\">\n                  \n\n<h3 class=\"alt-font\">Breakfast, amenities&#8230;<\/h3>\n<div class=\"is-divider divider clearfix\" ><\/div>\n\n<h1 class=\"h-large uppercase\"><strong><span style=\"font-size: 120%;\">OUR SERVICES<\/span><\/strong><\/h1>\n<div class=\"is-divider divider clearfix\" ><\/div>\n\n<a rel=\"noopener noreferrer\" href=\"https:\/\/www.secure-hotel-booking.com\/hotel-harvey\/2969\/dateselection?language=en\" target=\"_blank\" class=\"button success\"  >\n    <span>Book a room<\/span>\n  <\/a>\n\n\n\n              <\/div>\n           <\/div>\n       <\/div>                     \n<style>\n#text-box-1210259485 {\n  width: 67%;\n}\n#text-box-1210259485 .text-box-content {\n  font-size: 100%;\n}\n<\/style>\n    <\/div>\n \n\n        <\/div>\n      <\/div>\n\n            \n<style>\n#banner-697547659 {\n  padding-top: 56.25%;\n}\n#banner-697547659 .bg.bg-loaded {\n  background-image: url(https:\/\/www.hotel-harvey.com\/wp-content\/uploads\/2022\/09\/hotel-harvey-paris-salle-pdj-6.jpg);\n}\n#banner-697547659 .ux-shape-divider--top svg {\n  height: 150px;\n  --divider-top-width: 100%;\n}\n#banner-697547659 .ux-shape-divider--bottom svg {\n  height: 150px;\n  --divider-width: 100%;\n}\n<\/style>\n  <\/div>\n\n\n\n  <div class=\"banner has-hover\" id=\"banner-643485791\">\n          <div class=\"banner-inner fill\">\n        <div class=\"banner-bg fill\" >\n            <div class=\"bg fill bg-fill \"><\/div>\n                                    \n                    <\/div>\n\t\t\n        <div class=\"banner-layers container\">\n            <div class=\"fill banner-link\"><\/div>            \n\n   <div id=\"text-box-276645998\" class=\"text-box banner-layer hide-for-small x50 md-x50 lg-x50 y90 md-y90 lg-y50 res-text\">\n                     <div data-animate=\"flipInY\">           <div class=\"text-box-content text dark\">\n              \n              <div class=\"text-inner text-center\">\n                  \n\n<h3 class=\"alt-font\">Breakfast, amenities&#8230;<\/h3>\n<div class=\"is-divider divider clearfix\" ><\/div>\n\n<h1 class=\"h-large uppercase\"><strong><span style=\"font-size: 120%;\">OUR SERVICES<\/span><\/strong><\/h1>\n<div class=\"is-divider divider clearfix\" ><\/div>\n\n<a rel=\"noopener noreferrer\" href=\"https:\/\/www.secure-hotel-booking.com\/hotel-harvey\/2969\/dateselection?language=en\" target=\"_blank\" class=\"button success\"  >\n    <span>Book a room<\/span>\n  <\/a>\n\n\n\n              <\/div>\n           <\/div>\n       <\/div>                     \n<style>\n#text-box-276645998 {\n  width: 67%;\n}\n#text-box-276645998 .text-box-content {\n  font-size: 100%;\n}\n<\/style>\n    <\/div>\n \n\n        <\/div>\n      <\/div>\n\n            \n<style>\n#banner-643485791 {\n  padding-top: 56.25%;\n}\n#banner-643485791 .bg.bg-loaded {\n  background-image: url(https:\/\/www.hotel-harvey.com\/wp-content\/uploads\/2023\/01\/Harvey_3_HD.jpg);\n}\n#banner-643485791 .ux-shape-divider--top svg {\n  height: 150px;\n  --divider-top-width: 100%;\n}\n#banner-643485791 .ux-shape-divider--bottom svg {\n  height: 150px;\n  --divider-width: 100%;\n}\n<\/style>\n  <\/div>\n\n\n\n  <div class=\"banner has-hover\" id=\"banner-1868577115\">\n          <div class=\"banner-inner fill\">\n        <div class=\"banner-bg fill\" >\n            <div class=\"bg fill bg-fill \"><\/div>\n                                    \n                    <\/div>\n\t\t\n        <div class=\"banner-layers container\">\n            <div class=\"fill banner-link\"><\/div>            \n\n   <div id=\"text-box-892284000\" class=\"text-box banner-layer hide-for-small x50 md-x50 lg-x50 y90 md-y90 lg-y50 res-text\">\n                     <div data-animate=\"flipInY\">           <div class=\"text-box-content text dark\">\n              \n              <div class=\"text-inner text-center\">\n                  \n\n<h3 class=\"alt-font\">Breakfast, amenities&#8230;<\/h3>\n<div class=\"is-divider divider clearfix\" ><\/div>\n\n<h1 class=\"h-large uppercase\"><strong><span style=\"font-size: 120%;\">OUR SERVICES<\/span><\/strong><\/h1>\n<div class=\"is-divider divider clearfix\" ><\/div>\n\n<a rel=\"noopener noreferrer\" href=\"https:\/\/www.secure-hotel-booking.com\/hotel-harvey\/2969\/dateselection?language=en\" target=\"_blank\" class=\"button success\"  >\n    <span>Book a room<\/span>\n  <\/a>\n\n\n\n              <\/div>\n           <\/div>\n       <\/div>                     \n<style>\n#text-box-892284000 {\n  width: 67%;\n}\n#text-box-892284000 .text-box-content {\n  font-size: 100%;\n}\n<\/style>\n    <\/div>\n \n\n        <\/div>\n      <\/div>\n\n            \n<style>\n#banner-1868577115 {\n  padding-top: 56.25%;\n}\n#banner-1868577115 .bg.bg-loaded {\n  background-image: url(https:\/\/www.hotel-harvey.com\/wp-content\/uploads\/2023\/01\/Harvey_1_HD.jpg);\n}\n#banner-1868577115 .ux-shape-divider--top svg {\n  height: 150px;\n  --divider-top-width: 100%;\n}\n#banner-1868577115 .ux-shape-divider--bottom svg {\n  height: 150px;\n  --divider-width: 100%;\n}\n<\/style>\n  <\/div>\n\n\n\n     <\/div>\n\n     <div class=\"loading-spin dark large centered\"><\/div>\n\n     \t<\/div>\n\n\n\n\t\t<\/div>\n\n\t\t\n<style>\n#section_1487789993 {\n  padding-top: 0px;\n  padding-bottom: 0px;\n}\n#section_1487789993 .ux-shape-divider--top svg {\n  height: 150px;\n  --divider-top-width: 100%;\n}\n#section_1487789993 .ux-shape-divider--bottom svg {\n  height: 150px;\n  --divider-width: 100%;\n}\n<\/style>\n\t<\/section>\n\t\n\t<section class=\"section\" id=\"section_41459382\">\n\t\t<div class=\"bg section-bg fill bg-fill  bg-loaded\" >\n\n\t\t\t\n\t\t\t\n\t\t\t\n\n\t\t<\/div>\n\n\t\t\n\n\t\t<div class=\"section-content relative\">\n\t\t\t\n\n<div class=\"row align-middle align-center\"  id=\"row-1871643097\">\n\n\n\t<div id=\"col-1326869368\" class=\"col medium-10 small-12 large-10\"  data-animate=\"fadeInUp\">\n\t\t\t\t<div class=\"col-inner\"  >\n\t\t\t\n\t\t\t\n\n\t<div id=\"gap-2093308362\" class=\"gap-element clearfix\" style=\"display:block; height:auto;\">\n\t\t\n<style>\n#gap-2093308362 {\n  padding-top: 30px;\n}\n<\/style>\n\t<\/div>\n\t\n\n<h1 class=\"uppercase\" style=\"text-align: center;\">Facilities and services:<\/h1>\n<div class=\"text-center\"><div class=\"is-divider divider clearfix\" style=\"max-width:150px;\"><\/div><\/div>\n\n\n\t\t<\/div>\n\t\t\t\t\n<style>\n#col-1326869368 > .col-inner {\n  padding: 0px 0px 0px 0px;\n}\n<\/style>\n\t<\/div>\n\n\t\n\n<\/div>\n<div class=\"row row-collapse row-full-width\"  id=\"row-194546605\">\n\n\n\t<div id=\"col-18446101\" class=\"col medium-12 small-12 large-5\"  data-animate=\"fadeInLeft\">\n\t\t\t\t<div class=\"col-inner box-shadow-3\"  >\n\t\t\t\n\t\t\t\n\n\n  <div class=\"banner has-hover\" id=\"banner-2084893546\">\n          <div class=\"banner-inner fill\">\n        <div class=\"banner-bg fill\" >\n            <div class=\"bg fill bg-fill \"><\/div>\n                                    \n                    <\/div>\n\t\t\n        <div class=\"banner-layers container\">\n            <div class=\"fill banner-link\"><\/div>            \n\n   <div id=\"text-box-173152026\" class=\"text-box banner-layer x50 md-x50 lg-x50 y50 md-y50 lg-y50 res-text\">\n                                <div class=\"text-box-content text dark\">\n              \n              <div class=\"text-inner text-center\">\n                  \n\n\n              <\/div>\n           <\/div>\n                            \n<style>\n#text-box-173152026 {\n  width: 60%;\n}\n#text-box-173152026 .text-box-content {\n  font-size: 100%;\n}\n<\/style>\n    <\/div>\n \n\n        <\/div>\n      <\/div>\n\n            \n<style>\n#banner-2084893546 {\n  padding-top: 65%;\n}\n#banner-2084893546 .bg.bg-loaded {\n  background-image: url(https:\/\/www.hotel-harvey.com\/wp-content\/uploads\/2022\/09\/hotel-harvey-paris-salle-pdj-4-1024x683.jpg);\n}\n#banner-2084893546 .ux-shape-divider--top svg {\n  height: 150px;\n  --divider-top-width: 100%;\n}\n#banner-2084893546 .ux-shape-divider--bottom svg {\n  height: 150px;\n  --divider-width: 100%;\n}\n<\/style>\n  <\/div>\n\n\n\n\t\t<\/div>\n\t\t\t\t\t<\/div>\n\n\t\n\n\t<div id=\"col-396064769\" class=\"col medium-12 small-12 large-7\"  data-animate=\"fadeInRight\">\n\t\t\t\t<div class=\"col-inner\"  >\n\t\t\t\n\t\t\t\n\n<h2>Breakfast<\/h2>\n<div>Buffet breakfast on the ground floor overlooking the outside with green terrace.&nbsp;<\/div>\n<div>Price: \u20ac14 and -50% for children up to 12 years old.<\/div>\n<div>Served from 7 a.m. to 11 a.m.<\/div>\n<div>(Possibility of installation earlier in the morning in case of time constraints, and special diet without gluten \/ lactose &#8211; on request the day before)&nbsp;<\/div>\n<div>Composition: gourmet breakfast with sweet and savory buffet; wide choice of delicacies for all tastes:<\/div>\n<div>Hot drinks: coffee, made from coffee beans, cappuccino, latte macchiato, American coffee, \u2026 various quality teas, milk chocolate, herbal teas.<\/div>\n<div>Baguettes and various pastries: butter croissants, chocolate croissants, brioches, etc., cereals (corn flakes, chocolate flakes, mueslis, etc.), butter, jams, honey, Nutella, fruit juice, fruit salad fresh, assortment of farm yoghurts, French cheeses and charcuterie: dry ham, cooked ham, chicken&#8230;&nbsp;<\/div>\n\n\t\t<\/div>\n\t\t\t\t\n<style>\n#col-396064769 > .col-inner {\n  padding: 20px 50px 20px 50px;\n}\n<\/style>\n\t<\/div>\n\n\t\n\n<\/div>\n<div class=\"text-center\"><div class=\"is-divider divider clearfix\" style=\"max-width:150px;\"><\/div><\/div>\n\n\t<div id=\"gap-1629108041\" class=\"gap-element clearfix\" style=\"display:block; height:auto;\">\n\t\t\n<style>\n#gap-1629108041 {\n  padding-top: 30px;\n}\n<\/style>\n\t<\/div>\n\t\n\n<div class=\"row row-collapse row-full-width\"  id=\"row-900588965\">\n\n\n\t<div id=\"col-1608941422\" class=\"col medium-12 small-12 large-7\"  data-animate=\"fadeInRight\">\n\t\t\t\t<div class=\"col-inner\"  >\n\t\t\t\n\t\t\t\n\n<h2>Room services<\/h2>\n<ul>\n<li>Free Wi-Fi<\/li>\n<li>Desk with lamp<\/li>\n<li>Courtesy tray: kettle, cups, teas, herbal teas, coffee.<\/li>\n<li>Paraben-free amenities in the bathroom.<\/li>\n<li>Satellite TV with min 24 international channels \/ Radio \/ Alarm clock&nbsp; \u2013 size 28\u2019 in Etoile rooms.<\/li>\n<li>Direct Telephone<\/li>\n<li>Bedside tables with LED reading light<\/li>\n<li>Minibar<\/li>\n<li>Air conditioning with individual adjustment<\/li>\n<li>Wardrobe and individual safe<\/li>\n<\/ul>\n\n\t\t<\/div>\n\t\t\t\t\n<style>\n#col-1608941422 > .col-inner {\n  padding: 20px 50px 20px 50px;\n}\n<\/style>\n\t<\/div>\n\n\t\n\n\t<div id=\"col-982408031\" class=\"col medium-12 small-12 large-5 medium-col-first\"  data-animate=\"fadeInLeft\">\n\t\t\t\t<div class=\"col-inner box-shadow-3\"  >\n\t\t\t\n\t\t\t\n\n\n  <div class=\"banner has-hover\" id=\"banner-1033032921\">\n          <div class=\"banner-inner fill\">\n        <div class=\"banner-bg fill\" >\n            <div class=\"bg fill bg-fill \"><\/div>\n                                    \n                    <\/div>\n\t\t\n        <div class=\"banner-layers container\">\n            <div class=\"fill banner-link\"><\/div>            \n\n   <div id=\"text-box-1492546848\" class=\"text-box banner-layer x50 md-x50 lg-x50 y50 md-y50 lg-y50 res-text\">\n                                <div class=\"text-box-content text dark\">\n              \n              <div class=\"text-inner text-center\">\n                  \n\n\n              <\/div>\n           <\/div>\n                            \n<style>\n#text-box-1492546848 {\n  width: 60%;\n}\n#text-box-1492546848 .text-box-content {\n  font-size: 100%;\n}\n<\/style>\n    <\/div>\n \n\n        <\/div>\n      <\/div>\n\n            \n<style>\n#banner-1033032921 {\n  padding-top: 70%;\n}\n#banner-1033032921 .bg.bg-loaded {\n  background-image: url(https:\/\/www.hotel-harvey.com\/wp-content\/uploads\/2022\/09\/chambre-superieure-hotel-harvey-4-1024x683.jpg);\n}\n#banner-1033032921 .ux-shape-divider--top svg {\n  height: 150px;\n  --divider-top-width: 100%;\n}\n#banner-1033032921 .ux-shape-divider--bottom svg {\n  height: 150px;\n  --divider-width: 100%;\n}\n<\/style>\n  <\/div>\n\n\n\n\t\t<\/div>\n\t\t\t\t\t<\/div>\n\n\t\n\n<\/div>\n<div class=\"text-center\"><div class=\"is-divider divider clearfix\" style=\"max-width:150px;\"><\/div><\/div>\n\n\t<div id=\"gap-1493698471\" class=\"gap-element clearfix\" style=\"display:block; height:auto;\">\n\t\t\n<style>\n#gap-1493698471 {\n  padding-top: 30px;\n}\n<\/style>\n\t<\/div>\n\t\n\n<div class=\"row row-collapse row-full-width\"  id=\"row-1005323597\">\n\n\n\t<div id=\"col-79178169\" class=\"col medium-12 small-12 large-5 medium-col-first\"  data-animate=\"fadeInLeft\">\n\t\t\t\t<div class=\"col-inner box-shadow-3\"  >\n\t\t\t\n\t\t\t\n\n\n  <div class=\"banner has-hover\" id=\"banner-1719159287\">\n          <div class=\"banner-inner fill\">\n        <div class=\"banner-bg fill\" >\n            <div class=\"bg fill bg-fill \"><\/div>\n                                    \n                    <\/div>\n\t\t\n        <div class=\"banner-layers container\">\n            <div class=\"fill banner-link\"><\/div>            \n\n   <div id=\"text-box-229061476\" class=\"text-box banner-layer x50 md-x50 lg-x50 y50 md-y50 lg-y50 res-text\">\n                                <div class=\"text-box-content text dark\">\n              \n              <div class=\"text-inner text-center\">\n                  \n\n\n              <\/div>\n           <\/div>\n                            \n<style>\n#text-box-229061476 {\n  width: 60%;\n}\n#text-box-229061476 .text-box-content {\n  font-size: 100%;\n}\n<\/style>\n    <\/div>\n \n\n        <\/div>\n      <\/div>\n\n            \n<style>\n#banner-1719159287 {\n  padding-top: 96%;\n}\n#banner-1719159287 .bg.bg-loaded {\n  background-image: url(https:\/\/www.hotel-harvey.com\/wp-content\/uploads\/2022\/08\/reception-hotel-harvey-paris-1-1024x683.jpg);\n}\n#banner-1719159287 .ux-shape-divider--top svg {\n  height: 150px;\n  --divider-top-width: 100%;\n}\n#banner-1719159287 .ux-shape-divider--bottom svg {\n  height: 150px;\n  --divider-width: 100%;\n}\n<\/style>\n  <\/div>\n\n\n\n\t\t<\/div>\n\t\t\t\t\t<\/div>\n\n\t\n\n\t<div id=\"col-800582927\" class=\"col medium-12 small-12 large-7\"  data-animate=\"fadeInRight\">\n\t\t\t\t<div class=\"col-inner\"  >\n\t\t\t\n\t\t\t\n\n<h2>Hotel services<\/h2>\n<ul>\n<li>Provision of a microwave oven in the dining room \u2013 possibility to sit there in a friendly atmosphere in the evening for dinner.&nbsp;<\/li>\n<li>Wifi throughout the hotel (Fibre)<\/li>\n<li>Internet station with printer in the lounge\/bar. Fax, scanner and photocopies at reception.<\/li>\n<li>Bar license IV alcohols<\/li>\n<li>Lounge area \u2013 lounge with library of tourist guides and books;&nbsp;<\/li>\n<li>Press: Le Parisien, New York Times, Le Figaro.<\/li>\n<li>Outdoor terrace with green wall for taking a break or a quiet drink<\/li>\n<li>Laundry service (except Sundays and public holidays) for the same evening.<\/li>\n<li>Ironing room available (steam iron)<\/li>\n<li>Luggage: secure room near reception<\/li>\n<li>Concierge service: reservation of taxis, restaurants, theatres, babysitters\u2026)&nbsp;<\/li>\n<li>Elevator (serving mid-floor \u2013 6th floor accessible by a small staircase from the landing on the 5th floor)<\/li>\n<li>Family equipment available (specify when booking): cane stroller, bottle warmer, changing table, cot (free).<\/li>\n<\/ul>\n\n\t\t<\/div>\n\t\t\t\t\n<style>\n#col-800582927 > .col-inner {\n  padding: 20px 50px 20px 50px;\n}\n<\/style>\n\t<\/div>\n\n\t\n\n<\/div>\n\t<div id=\"gap-414035353\" class=\"gap-element clearfix\" style=\"display:block; height:auto;\">\n\t\t\n<style>\n#gap-414035353 {\n  padding-top: 53px;\n}\n<\/style>\n\t<\/div>\n\t\n\n\n\t\t<\/div>\n\n\t\t\n<style>\n#section_41459382 {\n  padding-top: 30px;\n  padding-bottom: 30px;\n}\n#section_41459382 .ux-shape-divider--top svg {\n  height: 150px;\n  --divider-top-width: 100%;\n}\n#section_41459382 .ux-shape-divider--bottom svg {\n  height: 150px;\n  --divider-width: 100%;\n}\n<\/style>\n\t<\/section>\n\t\n\n","protected":false},"excerpt":{"rendered":"","protected":false},"author":1,"featured_media":0,"parent":0,"menu_order":0,"comment_status":"closed","ping_status":"closed","template":"page-transparent-header.php","meta":{"footnotes":""},"class_list":["post-565","page","type-page","status-publish","hentry"],"yoast_head":"<!-- This site is optimized with the Yoast SEO plugin v24.3 - https:\/\/yoast.com\/wordpress\/plugins\/seo\/ -->\n<title>services - H\u00f4tel Harvey Paris<\/title>\n<meta name=\"description\" content=\"Laundry, business corner, co-working area, luggage room, micro-wave on disposal, conciergerie, ironing room, ....\" \/>\n<meta name=\"robots\" content=\"index, follow, max-snippet:-1, max-image-preview:large, max-video-preview:-1\" \/>\n<link rel=\"canonical\" href=\"https:\/\/www.hotel-harvey.com\/en\/services-hotel-harvey-paris\/\" \/>\n<meta property=\"og:locale\" content=\"en_US\" \/>\n<meta property=\"og:type\" content=\"article\" \/>\n<meta property=\"og:title\" content=\"services - H\u00f4tel Harvey Paris\" \/>\n<meta property=\"og:description\" content=\"Laundry, business corner, co-working area, luggage room, micro-wave on disposal, conciergerie, ironing room, ....\" \/>\n<meta property=\"og:url\" content=\"https:\/\/www.hotel-harvey.com\/en\/services-hotel-harvey-paris\/\" \/>\n<meta property=\"og:site_name\" content=\"H\u00f4tel Harvey Paris\" \/>\n<meta property=\"article:publisher\" content=\"https:\/\/www.facebook.com\/hotelharveyparis\/\" \/>\n<meta property=\"article:modified_time\" content=\"2024-09-22T20:41:50+00:00\" \/>\n<meta name=\"twitter:card\" content=\"summary_large_image\" \/>\n<meta name=\"twitter:label1\" content=\"Est. reading time\" \/>\n\t<meta name=\"twitter:data1\" content=\"3 minutes\" \/>\n<script type=\"application\/ld+json\" class=\"yoast-schema-graph\">{\"@context\":\"https:\/\/schema.org\",\"@graph\":[{\"@type\":\"WebPage\",\"@id\":\"https:\/\/www.hotel-harvey.com\/en\/services-hotel-harvey-paris\/\",\"url\":\"https:\/\/www.hotel-harvey.com\/en\/services-hotel-harvey-paris\/\",\"name\":\"services - H\u00f4tel Harvey Paris\",\"isPartOf\":{\"@id\":\"https:\/\/www.hotel-harvey.com\/#website\"},\"datePublished\":\"2022-09-13T06:50:45+00:00\",\"dateModified\":\"2024-09-22T20:41:50+00:00\",\"description\":\"Laundry, business corner, co-working area, luggage room, micro-wave on disposal, conciergerie, ironing room, ....\",\"breadcrumb\":{\"@id\":\"https:\/\/www.hotel-harvey.com\/en\/services-hotel-harvey-paris\/#breadcrumb\"},\"inLanguage\":\"en-US\",\"potentialAction\":[{\"@type\":\"ReadAction\",\"target\":[\"https:\/\/www.hotel-harvey.com\/en\/services-hotel-harvey-paris\/\"]}]},{\"@type\":\"BreadcrumbList\",\"@id\":\"https:\/\/www.hotel-harvey.com\/en\/services-hotel-harvey-paris\/#breadcrumb\",\"itemListElement\":[{\"@type\":\"ListItem\",\"position\":1,\"name\":\"Accueil\",\"item\":\"https:\/\/www.hotel-harvey.com\/en\/\"},{\"@type\":\"ListItem\",\"position\":2,\"name\":\"Equipements et services\"}]},{\"@type\":\"WebSite\",\"@id\":\"https:\/\/www.hotel-harvey.com\/#website\",\"url\":\"https:\/\/www.hotel-harvey.com\/\",\"name\":\"H\u00f4tel Harvey Paris\",\"description\":\"H\u00f4tel de charme \u00e0 Porte Maillot\",\"publisher\":{\"@id\":\"https:\/\/www.hotel-harvey.com\/#organization\"},\"potentialAction\":[{\"@type\":\"SearchAction\",\"target\":{\"@type\":\"EntryPoint\",\"urlTemplate\":\"https:\/\/www.hotel-harvey.com\/?s={search_term_string}\"},\"query-input\":{\"@type\":\"PropertyValueSpecification\",\"valueRequired\":true,\"valueName\":\"search_term_string\"}}],\"inLanguage\":\"en-US\"},{\"@type\":\"Organization\",\"@id\":\"https:\/\/www.hotel-harvey.com\/#organization\",\"name\":\"H\u00f4tel Harvey Paris\",\"url\":\"https:\/\/www.hotel-harvey.com\/\",\"logo\":{\"@type\":\"ImageObject\",\"inLanguage\":\"en-US\",\"@id\":\"https:\/\/www.hotel-harvey.com\/#\/schema\/logo\/image\/\",\"url\":\"https:\/\/www.hotel-harvey.com\/wp-content\/uploads\/2022\/10\/logo-hotel-harvey-paris-1.jpg\",\"contentUrl\":\"https:\/\/www.hotel-harvey.com\/wp-content\/uploads\/2022\/10\/logo-hotel-harvey-paris-1.jpg\",\"width\":295,\"height\":295,\"caption\":\"H\u00f4tel Harvey Paris\"},\"image\":{\"@id\":\"https:\/\/www.hotel-harvey.com\/#\/schema\/logo\/image\/\"},\"sameAs\":[\"https:\/\/www.facebook.com\/hotelharveyparis\/\",\"https:\/\/www.instagram.com\/hotelharveyparis\/\"]}]}<\/script>\n<!-- \/ Yoast SEO plugin. -->","yoast_head_json":{"title":"services - H\u00f4tel Harvey Paris","description":"Laundry, business corner, co-working area, luggage room, micro-wave on disposal, conciergerie, ironing room, ....","robots":{"index":"index","follow":"follow","max-snippet":"max-snippet:-1","max-image-preview":"max-image-preview:large","max-video-preview":"max-video-preview:-1"},"canonical":"https:\/\/www.hotel-harvey.com\/en\/services-hotel-harvey-paris\/","og_locale":"en_US","og_type":"article","og_title":"services - H\u00f4tel Harvey Paris","og_description":"Laundry, business corner, co-working area, luggage room, micro-wave on disposal, conciergerie, ironing room, ....","og_url":"https:\/\/www.hotel-harvey.com\/en\/services-hotel-harvey-paris\/","og_site_name":"H\u00f4tel Harvey Paris","article_publisher":"https:\/\/www.facebook.com\/hotelharveyparis\/","article_modified_time":"2024-09-22T20:41:50+00:00","twitter_card":"summary_large_image","twitter_misc":{"Est. reading time":"3 minutes"},"schema":{"@context":"https:\/\/schema.org","@graph":[{"@type":"WebPage","@id":"https:\/\/www.hotel-harvey.com\/en\/services-hotel-harvey-paris\/","url":"https:\/\/www.hotel-harvey.com\/en\/services-hotel-harvey-paris\/","name":"services - H\u00f4tel Harvey Paris","isPartOf":{"@id":"https:\/\/www.hotel-harvey.com\/#website"},"datePublished":"2022-09-13T06:50:45+00:00","dateModified":"2024-09-22T20:41:50+00:00","description":"Laundry, business corner, co-working area, luggage room, micro-wave on disposal, conciergerie, ironing room, ....","breadcrumb":{"@id":"https:\/\/www.hotel-harvey.com\/en\/services-hotel-harvey-paris\/#breadcrumb"},"inLanguage":"en-US","potentialAction":[{"@type":"ReadAction","target":["https:\/\/www.hotel-harvey.com\/en\/services-hotel-harvey-paris\/"]}]},{"@type":"BreadcrumbList","@id":"https:\/\/www.hotel-harvey.com\/en\/services-hotel-harvey-paris\/#breadcrumb","itemListElement":[{"@type":"ListItem","position":1,"name":"Accueil","item":"https:\/\/www.hotel-harvey.com\/en\/"},{"@type":"ListItem","position":2,"name":"Equipements et services"}]},{"@type":"WebSite","@id":"https:\/\/www.hotel-harvey.com\/#website","url":"https:\/\/www.hotel-harvey.com\/","name":"H\u00f4tel Harvey Paris","description":"H\u00f4tel de charme \u00e0 Porte Maillot","publisher":{"@id":"https:\/\/www.hotel-harvey.com\/#organization"},"potentialAction":[{"@type":"SearchAction","target":{"@type":"EntryPoint","urlTemplate":"https:\/\/www.hotel-harvey.com\/?s={search_term_string}"},"query-input":{"@type":"PropertyValueSpecification","valueRequired":true,"valueName":"search_term_string"}}],"inLanguage":"en-US"},{"@type":"Organization","@id":"https:\/\/www.hotel-harvey.com\/#organization","name":"H\u00f4tel Harvey Paris","url":"https:\/\/www.hotel-harvey.com\/","logo":{"@type":"ImageObject","inLanguage":"en-US","@id":"https:\/\/www.hotel-harvey.com\/#\/schema\/logo\/image\/","url":"https:\/\/www.hotel-harvey.com\/wp-content\/uploads\/2022\/10\/logo-hotel-harvey-paris-1.jpg","contentUrl":"https:\/\/www.hotel-harvey.com\/wp-content\/uploads\/2022\/10\/logo-hotel-harvey-paris-1.jpg","width":295,"height":295,"caption":"H\u00f4tel Harvey Paris"},"image":{"@id":"https:\/\/www.hotel-harvey.com\/#\/schema\/logo\/image\/"},"sameAs":["https:\/\/www.facebook.com\/hotelharveyparis\/","https:\/\/www.instagram.com\/hotelharveyparis\/"]}]}},"_links":{"self":[{"href":"https:\/\/www.hotel-harvey.com\/en\/wp-json\/wp\/v2\/pages\/565","targetHints":{"allow":["GET"]}}],"collection":[{"href":"https:\/\/www.hotel-harvey.com\/en\/wp-json\/wp\/v2\/pages"}],"about":[{"href":"https:\/\/www.hotel-harvey.com\/en\/wp-json\/wp\/v2\/types\/page"}],"author":[{"embeddable":true,"href":"https:\/\/www.hotel-harvey.com\/en\/wp-json\/wp\/v2\/users\/1"}],"replies":[{"embeddable":true,"href":"https:\/\/www.hotel-harvey.com\/en\/wp-json\/wp\/v2\/comments?post=565"}],"version-history":[{"count":4,"href":"https:\/\/www.hotel-harvey.com\/en\/wp-json\/wp\/v2\/pages\/565\/revisions"}],"predecessor-version":[{"id":945,"href":"https:\/\/www.hotel-harvey.com\/en\/wp-json\/wp\/v2\/pages\/565\/revisions\/945"}],"wp:attachment":[{"href":"https:\/\/www.hotel-harvey.com\/en\/wp-json\/wp\/v2\/media?parent=565"}],"curies":[{"name":"wp","href":"https:\/\/api.w.org\/{rel}","templated":true}]}}