{"id":559,"date":"2022-09-12T17:04:43","date_gmt":"2022-09-12T15:04:43","guid":{"rendered":"https:\/\/hotel-harvey.com\/new\/chambre-etoile-superieure\/"},"modified":"2024-09-27T16:27:29","modified_gmt":"2024-09-27T14:27:29","slug":"etoile-superior-room-minisuite-with-lobby-side-family-room-hotel-harvey-paris-17","status":"publish","type":"page","link":"https:\/\/www.hotel-harvey.com\/en\/etoile-superior-room-minisuite-with-lobby-side-family-room-hotel-harvey-paris-17\/","title":{"rendered":"Chambre Etoile sup\u00e9rieure"},"content":{"rendered":"\n\t<section class=\"section\" id=\"section_1347944565\">\n\t\t<div class=\"bg section-bg fill bg-fill  bg-loaded\" >\n\n\t\t\t\n\t\t\t\n\t\t\t\n\n\t\t<\/div>\n\n\t\t\n\n\t\t<div class=\"section-content relative\">\n\t\t\t\n\n<div class=\"slider-wrapper relative\" id=\"slider-1571358841\" >\n    <div class=\"slider slider-nav-circle slider-nav-large slider-nav-light slider-style-normal\"\n        data-flickity-options='{\n            \"cellAlign\": \"center\",\n            \"imagesLoaded\": true,\n            \"lazyLoad\": 1,\n            \"freeScroll\": false,\n            \"wrapAround\": true,\n            \"autoPlay\": 6000,\n            \"pauseAutoPlayOnHover\" : true,\n            \"prevNextButtons\": true,\n            \"contain\" : true,\n            \"adaptiveHeight\" : true,\n            \"dragThreshold\" : 10,\n            \"percentPosition\": true,\n            \"pageDots\": true,\n            \"rightToLeft\": false,\n            \"draggable\": true,\n            \"selectedAttraction\": 0.1,\n            \"parallax\" : 0,\n            \"friction\": 0.6        }'\n        >\n        \n\n\n  <div class=\"banner has-hover\" id=\"banner-1462078608\">\n          <div class=\"banner-inner fill\">\n        <div class=\"banner-bg fill\" >\n            <div class=\"bg fill bg-fill \"><\/div>\n                                    \n                    <\/div>\n\t\t\n        <div class=\"banner-layers container\">\n            <div class=\"fill banner-link\"><\/div>            \n\n   <div id=\"text-box-678167392\" class=\"text-box banner-layer x50 md-x50 lg-x50 y50 md-y50 lg-y50 res-text\">\n                                <div class=\"text-box-content text dark\">\n              \n              <div class=\"text-inner text-center\">\n                  \n\n\n              <\/div>\n           <\/div>\n                            \n<style>\n#text-box-678167392 {\n  width: 60%;\n}\n#text-box-678167392 .text-box-content {\n  font-size: 100%;\n}\n<\/style>\n    <\/div>\n \n\n        <\/div>\n      <\/div>\n\n            \n<style>\n#banner-1462078608 {\n  padding-top: 56.25%;\n}\n#banner-1462078608 .bg.bg-loaded {\n  background-image: url(https:\/\/www.hotel-harvey.com\/wp-content\/uploads\/2022\/09\/004_david_grimbert-1.jpg);\n}\n#banner-1462078608 .ux-shape-divider--top svg {\n  height: 150px;\n  --divider-top-width: 100%;\n}\n#banner-1462078608 .ux-shape-divider--bottom svg {\n  height: 150px;\n  --divider-width: 100%;\n}\n<\/style>\n  <\/div>\n\n\n\n  <div class=\"banner has-hover\" id=\"banner-1011703613\">\n          <div class=\"banner-inner fill\">\n        <div class=\"banner-bg fill\" >\n            <div class=\"bg fill bg-fill \"><\/div>\n                                    \n                    <\/div>\n\t\t\n        <div class=\"banner-layers container\">\n            <div class=\"fill banner-link\"><\/div>            \n\n   <div id=\"text-box-1661635157\" class=\"text-box banner-layer x50 md-x50 lg-x50 y50 md-y50 lg-y50 res-text\">\n                                <div class=\"text-box-content text dark\">\n              \n              <div class=\"text-inner text-center\">\n                  \n\n\n              <\/div>\n           <\/div>\n                            \n<style>\n#text-box-1661635157 {\n  width: 60%;\n}\n#text-box-1661635157 .text-box-content {\n  font-size: 100%;\n}\n<\/style>\n    <\/div>\n \n\n        <\/div>\n      <\/div>\n\n            \n<style>\n#banner-1011703613 {\n  padding-top: 56.25%;\n}\n#banner-1011703613 .bg.bg-loaded {\n  background-image: url(https:\/\/www.hotel-harvey.com\/wp-content\/uploads\/2022\/09\/005_david_grimbert-1.jpg);\n}\n#banner-1011703613 .ux-shape-divider--top svg {\n  height: 150px;\n  --divider-top-width: 100%;\n}\n#banner-1011703613 .ux-shape-divider--bottom svg {\n  height: 150px;\n  --divider-width: 100%;\n}\n<\/style>\n  <\/div>\n\n\n\n  <div class=\"banner has-hover\" id=\"banner-121387394\">\n          <div class=\"banner-inner fill\">\n        <div class=\"banner-bg fill\" >\n            <div class=\"bg fill bg-fill \"><\/div>\n                                    \n                    <\/div>\n\t\t\n        <div class=\"banner-layers container\">\n            <div class=\"fill banner-link\"><\/div>            \n\n   <div id=\"text-box-1753528425\" class=\"text-box banner-layer x50 md-x50 lg-x50 y50 md-y50 lg-y50 res-text\">\n                                <div class=\"text-box-content text dark\">\n              \n              <div class=\"text-inner text-center\">\n                  \n\n\n              <\/div>\n           <\/div>\n                            \n<style>\n#text-box-1753528425 {\n  width: 60%;\n}\n#text-box-1753528425 .text-box-content {\n  font-size: 100%;\n}\n<\/style>\n    <\/div>\n \n\n        <\/div>\n      <\/div>\n\n            \n<style>\n#banner-121387394 {\n  padding-top: 56.25%;\n}\n#banner-121387394 .bg.bg-loaded {\n  background-image: url(https:\/\/www.hotel-harvey.com\/wp-content\/uploads\/2022\/09\/006_david_grimbert-1.jpg);\n}\n#banner-121387394 .ux-shape-divider--top svg {\n  height: 150px;\n  --divider-top-width: 100%;\n}\n#banner-121387394 .ux-shape-divider--bottom svg {\n  height: 150px;\n  --divider-width: 100%;\n}\n<\/style>\n  <\/div>\n\n\n\n  <div class=\"banner has-hover\" id=\"banner-1732906646\">\n          <div class=\"banner-inner fill\">\n        <div class=\"banner-bg fill\" >\n            <div class=\"bg fill bg-fill \"><\/div>\n                                    \n                    <\/div>\n\t\t\n        <div class=\"banner-layers container\">\n            <div class=\"fill banner-link\"><\/div>            \n\n   <div id=\"text-box-2044325433\" class=\"text-box banner-layer x50 md-x50 lg-x50 y50 md-y50 lg-y50 res-text\">\n                                <div class=\"text-box-content text dark\">\n              \n              <div class=\"text-inner text-center\">\n                  \n\n\n              <\/div>\n           <\/div>\n                            \n<style>\n#text-box-2044325433 {\n  width: 60%;\n}\n#text-box-2044325433 .text-box-content {\n  font-size: 100%;\n}\n<\/style>\n    <\/div>\n \n\n        <\/div>\n      <\/div>\n\n            \n<style>\n#banner-1732906646 {\n  padding-top: 56.25%;\n}\n#banner-1732906646 .bg.bg-loaded {\n  background-image: url(https:\/\/www.hotel-harvey.com\/wp-content\/uploads\/2022\/09\/007_david_grimbert.jpg);\n}\n#banner-1732906646 .ux-shape-divider--top svg {\n  height: 150px;\n  --divider-top-width: 100%;\n}\n#banner-1732906646 .ux-shape-divider--bottom svg {\n  height: 150px;\n  --divider-width: 100%;\n}\n<\/style>\n  <\/div>\n\n\n\n  <div class=\"banner has-hover\" id=\"banner-2089911433\">\n          <div class=\"banner-inner fill\">\n        <div class=\"banner-bg fill\" >\n            <div class=\"bg fill bg-fill \"><\/div>\n                                    \n                    <\/div>\n\t\t\n        <div class=\"banner-layers container\">\n            <div class=\"fill banner-link\"><\/div>            \n\n   <div id=\"text-box-1560056360\" class=\"text-box banner-layer x50 md-x50 lg-x50 y50 md-y50 lg-y50 res-text\">\n                                <div class=\"text-box-content text dark\">\n              \n              <div class=\"text-inner text-center\">\n                  \n\n\n              <\/div>\n           <\/div>\n                            \n<style>\n#text-box-1560056360 {\n  width: 60%;\n}\n#text-box-1560056360 .text-box-content {\n  font-size: 100%;\n}\n<\/style>\n    <\/div>\n \n\n        <\/div>\n      <\/div>\n\n            \n<style>\n#banner-2089911433 {\n  padding-top: 56.25%;\n}\n#banner-2089911433 .bg.bg-loaded {\n  background-image: url(https:\/\/www.hotel-harvey.com\/wp-content\/uploads\/2022\/09\/chhambre-etoile-superieure-1.jpg);\n}\n#banner-2089911433 .ux-shape-divider--top svg {\n  height: 150px;\n  --divider-top-width: 100%;\n}\n#banner-2089911433 .ux-shape-divider--bottom svg {\n  height: 150px;\n  --divider-width: 100%;\n}\n<\/style>\n  <\/div>\n\n\n\n  <div class=\"banner has-hover\" id=\"banner-1865967866\">\n          <div class=\"banner-inner fill\">\n        <div class=\"banner-bg fill\" >\n            <div class=\"bg fill bg-fill \"><\/div>\n                                    \n                    <\/div>\n\t\t\n        <div class=\"banner-layers container\">\n            <div class=\"fill banner-link\"><\/div>            \n\n   <div id=\"text-box-671160110\" class=\"text-box banner-layer x50 md-x50 lg-x50 y50 md-y50 lg-y50 res-text\">\n                                <div class=\"text-box-content text dark\">\n              \n              <div class=\"text-inner text-center\">\n                  \n\n\n              <\/div>\n           <\/div>\n                            \n<style>\n#text-box-671160110 {\n  width: 60%;\n}\n#text-box-671160110 .text-box-content {\n  font-size: 100%;\n}\n<\/style>\n    <\/div>\n \n\n        <\/div>\n      <\/div>\n\n            \n<style>\n#banner-1865967866 {\n  padding-top: 56.25%;\n}\n#banner-1865967866 .bg.bg-loaded {\n  background-image: url(https:\/\/www.hotel-harvey.com\/wp-content\/uploads\/2022\/08\/chambre-famille-12-hotel-harvey-paris-1.jpg);\n}\n#banner-1865967866 .ux-shape-divider--top svg {\n  height: 150px;\n  --divider-top-width: 100%;\n}\n#banner-1865967866 .ux-shape-divider--bottom svg {\n  height: 150px;\n  --divider-width: 100%;\n}\n<\/style>\n  <\/div>\n\n\n\n     <\/div>\n\n     <div class=\"loading-spin dark large centered\"><\/div>\n\n     \t<\/div>\n\n\n\t<div id=\"gap-1938498364\" class=\"gap-element clearfix\" style=\"display:block; height:auto;\">\n\t\t\n<style>\n#gap-1938498364 {\n  padding-top: 41px;\n}\n<\/style>\n\t<\/div>\n\t\n\n<div class=\"text-center\"><div class=\"is-divider divider clearfix\" style=\"margin-top:0px;margin-bottom:0px;max-width:200px;\"><\/div><\/div>\n\n\n\t\t<\/div>\n\n\t\t\n<style>\n#section_1347944565 {\n  padding-top: 0px;\n  padding-bottom: 0px;\n}\n#section_1347944565 .ux-shape-divider--top svg {\n  height: 150px;\n  --divider-top-width: 100%;\n}\n#section_1347944565 .ux-shape-divider--bottom svg {\n  height: 150px;\n  --divider-width: 100%;\n}\n<\/style>\n\t<\/section>\n\t\n\t<div id=\"gap-807068918\" class=\"gap-element clearfix\" style=\"display:block; height:auto;\">\n\t\t\n<style>\n#gap-807068918 {\n  padding-top: 41px;\n}\n<\/style>\n\t<\/div>\n\t\n\n\t<section class=\"section\" id=\"section_1983889156\">\n\t\t<div class=\"bg section-bg fill bg-fill  bg-loaded\" >\n\n\t\t\t\n\t\t\t\n\t\t\t\n\n\t\t<\/div>\n\n\t\t\n\n\t\t<div class=\"section-content relative\">\n\t\t\t\n\n<div class=\"row align-center\"  id=\"row-525985012\">\n\n\n\t<div id=\"col-2100062494\" class=\"col medium-10 small-12 large-10\"  data-animate=\"fadeInUp\">\n\t\t\t\t<div class=\"col-inner text-center\"  >\n\t\t\t\n\t\t\t\n\n<h1 class=\"uppercase\" style=\"text-align: center;\">Etoile superior room<\/h1>\n<div style=\"text-align: left;\">\n<p>Double, triple or quadruple room \u2013 2 to 4 people<\/p>\n<p>The rooms of the Superior Etoile category are particularly spacious: 28 to 30 m2 with their \u201cLiving room\u201d part, comfortable, and bright with 2 large soundproofed French windows overlooking a quiet street. Some have a balcony or terrace (2nd and 5th floor)\u00a0<br \/>The bathroom has a bathtub\/shower or walk-in shower and toilet, hair dryer, clothes line.<\/p>\n<p>We offer these rooms in the following versions, depending on your needs:<\/p>\n<p>\u2013 Double (maximum 2 persons)<br \/>with two single beds of 0.90m or one queen size bed (1.60m)<br \/>\u2013 Triple (3 persons maximum)<br \/>with 1 double bed (queen) + 1 single bed or 3 single beds\u00a0<br \/>\u2013 Quadruple (4 persons maximum)<br \/>in the version with 1 double bed (queen) + 2 single beds or 4 single beds<br \/>In the double or triple version, a baby bed can be added (till 2 years).<\/p>\n<p>\u00a0<\/p>\n<\/div>\n<a href=\"https:\/\/www.hotel-harvey.com\/en\/book-a-room\/\" target=\"_self\" class=\"button success\"  >\n    <span>Book your room<\/span>\n  <\/a>\n\n\n\n\t\t<\/div>\n\t\t\t\t\n<style>\n#col-2100062494 > .col-inner {\n  padding: 0px 0px 0px 0px;\n}\n<\/style>\n\t<\/div>\n\n\t\n\n<\/div>\n\n\t\t<\/div>\n\n\t\t\n<style>\n#section_1983889156 {\n  padding-top: 30px;\n  padding-bottom: 30px;\n}\n#section_1983889156 .ux-shape-divider--top svg {\n  height: 150px;\n  --divider-top-width: 100%;\n}\n#section_1983889156 .ux-shape-divider--bottom svg {\n  height: 150px;\n  --divider-width: 100%;\n}\n<\/style>\n\t<\/section>\n\t\n\n","protected":false},"excerpt":{"rendered":"","protected":false},"author":1,"featured_media":0,"parent":0,"menu_order":0,"comment_status":"closed","ping_status":"closed","template":"page-transparent-header.php","meta":{"footnotes":""},"class_list":["post-559","page","type-page","status-publish","hentry"],"yoast_head":"<!-- This site is optimized with the Yoast SEO plugin v24.3 - https:\/\/yoast.com\/wordpress\/plugins\/seo\/ -->\n<title>Etoile superior room - H\u00f4tel Harvey Paris<\/title>\n<meta name=\"description\" content=\"Etoile superior room - juniorsuite with lobby or family room for 3 or 4 persons - bright and spacious - Hotel Harvey Paris near Porte Maillot\" \/>\n<meta name=\"robots\" content=\"index, follow, max-snippet:-1, max-image-preview:large, max-video-preview:-1\" \/>\n<link rel=\"canonical\" href=\"https:\/\/www.hotel-harvey.com\/en\/etoile-superior-room-minisuite-with-lobby-side-family-room-hotel-harvey-paris-17\/\" \/>\n<meta property=\"og:locale\" content=\"en_US\" \/>\n<meta property=\"og:type\" content=\"article\" \/>\n<meta property=\"og:title\" content=\"Etoile superior room - H\u00f4tel Harvey Paris\" \/>\n<meta property=\"og:description\" content=\"Etoile superior room - juniorsuite with lobby or family room for 3 or 4 persons - bright and spacious - Hotel Harvey Paris near Porte Maillot\" \/>\n<meta property=\"og:url\" content=\"https:\/\/www.hotel-harvey.com\/en\/etoile-superior-room-minisuite-with-lobby-side-family-room-hotel-harvey-paris-17\/\" \/>\n<meta property=\"og:site_name\" content=\"H\u00f4tel Harvey Paris\" \/>\n<meta property=\"article:publisher\" content=\"https:\/\/www.facebook.com\/hotelharveyparis\/\" \/>\n<meta property=\"article:modified_time\" content=\"2024-09-27T14:27:29+00:00\" \/>\n<meta name=\"twitter:card\" content=\"summary_large_image\" \/>\n<meta name=\"twitter:label1\" content=\"Est. reading time\" \/>\n\t<meta name=\"twitter:data1\" content=\"2 minutes\" \/>\n<script type=\"application\/ld+json\" class=\"yoast-schema-graph\">{\"@context\":\"https:\/\/schema.org\",\"@graph\":[{\"@type\":\"WebPage\",\"@id\":\"https:\/\/www.hotel-harvey.com\/en\/etoile-superior-room-minisuite-with-lobby-side-family-room-hotel-harvey-paris-17\/\",\"url\":\"https:\/\/www.hotel-harvey.com\/en\/etoile-superior-room-minisuite-with-lobby-side-family-room-hotel-harvey-paris-17\/\",\"name\":\"Etoile superior room - H\u00f4tel Harvey Paris\",\"isPartOf\":{\"@id\":\"https:\/\/www.hotel-harvey.com\/#website\"},\"datePublished\":\"2022-09-12T15:04:43+00:00\",\"dateModified\":\"2024-09-27T14:27:29+00:00\",\"description\":\"Etoile superior room - juniorsuite with lobby or family room for 3 or 4 persons - bright and spacious - Hotel Harvey Paris near Porte Maillot\",\"breadcrumb\":{\"@id\":\"https:\/\/www.hotel-harvey.com\/en\/etoile-superior-room-minisuite-with-lobby-side-family-room-hotel-harvey-paris-17\/#breadcrumb\"},\"inLanguage\":\"en-US\",\"potentialAction\":[{\"@type\":\"ReadAction\",\"target\":[\"https:\/\/www.hotel-harvey.com\/en\/etoile-superior-room-minisuite-with-lobby-side-family-room-hotel-harvey-paris-17\/\"]}]},{\"@type\":\"BreadcrumbList\",\"@id\":\"https:\/\/www.hotel-harvey.com\/en\/etoile-superior-room-minisuite-with-lobby-side-family-room-hotel-harvey-paris-17\/#breadcrumb\",\"itemListElement\":[{\"@type\":\"ListItem\",\"position\":1,\"name\":\"Accueil\",\"item\":\"https:\/\/www.hotel-harvey.com\/en\/\"},{\"@type\":\"ListItem\",\"position\":2,\"name\":\"Chambre Etoile sup\u00e9rieure\"}]},{\"@type\":\"WebSite\",\"@id\":\"https:\/\/www.hotel-harvey.com\/#website\",\"url\":\"https:\/\/www.hotel-harvey.com\/\",\"name\":\"H\u00f4tel Harvey Paris\",\"description\":\"H\u00f4tel de charme \u00e0 Porte Maillot\",\"publisher\":{\"@id\":\"https:\/\/www.hotel-harvey.com\/#organization\"},\"potentialAction\":[{\"@type\":\"SearchAction\",\"target\":{\"@type\":\"EntryPoint\",\"urlTemplate\":\"https:\/\/www.hotel-harvey.com\/?s={search_term_string}\"},\"query-input\":{\"@type\":\"PropertyValueSpecification\",\"valueRequired\":true,\"valueName\":\"search_term_string\"}}],\"inLanguage\":\"en-US\"},{\"@type\":\"Organization\",\"@id\":\"https:\/\/www.hotel-harvey.com\/#organization\",\"name\":\"H\u00f4tel Harvey Paris\",\"url\":\"https:\/\/www.hotel-harvey.com\/\",\"logo\":{\"@type\":\"ImageObject\",\"inLanguage\":\"en-US\",\"@id\":\"https:\/\/www.hotel-harvey.com\/#\/schema\/logo\/image\/\",\"url\":\"https:\/\/www.hotel-harvey.com\/wp-content\/uploads\/2022\/10\/logo-hotel-harvey-paris-1.jpg\",\"contentUrl\":\"https:\/\/www.hotel-harvey.com\/wp-content\/uploads\/2022\/10\/logo-hotel-harvey-paris-1.jpg\",\"width\":295,\"height\":295,\"caption\":\"H\u00f4tel Harvey Paris\"},\"image\":{\"@id\":\"https:\/\/www.hotel-harvey.com\/#\/schema\/logo\/image\/\"},\"sameAs\":[\"https:\/\/www.facebook.com\/hotelharveyparis\/\",\"https:\/\/www.instagram.com\/hotelharveyparis\/\"]}]}<\/script>\n<!-- \/ Yoast SEO plugin. -->","yoast_head_json":{"title":"Etoile superior room - H\u00f4tel Harvey Paris","description":"Etoile superior room - juniorsuite with lobby or family room for 3 or 4 persons - bright and spacious - Hotel Harvey Paris near Porte Maillot","robots":{"index":"index","follow":"follow","max-snippet":"max-snippet:-1","max-image-preview":"max-image-preview:large","max-video-preview":"max-video-preview:-1"},"canonical":"https:\/\/www.hotel-harvey.com\/en\/etoile-superior-room-minisuite-with-lobby-side-family-room-hotel-harvey-paris-17\/","og_locale":"en_US","og_type":"article","og_title":"Etoile superior room - H\u00f4tel Harvey Paris","og_description":"Etoile superior room - juniorsuite with lobby or family room for 3 or 4 persons - bright and spacious - Hotel Harvey Paris near Porte Maillot","og_url":"https:\/\/www.hotel-harvey.com\/en\/etoile-superior-room-minisuite-with-lobby-side-family-room-hotel-harvey-paris-17\/","og_site_name":"H\u00f4tel Harvey Paris","article_publisher":"https:\/\/www.facebook.com\/hotelharveyparis\/","article_modified_time":"2024-09-27T14:27:29+00:00","twitter_card":"summary_large_image","twitter_misc":{"Est. reading time":"2 minutes"},"schema":{"@context":"https:\/\/schema.org","@graph":[{"@type":"WebPage","@id":"https:\/\/www.hotel-harvey.com\/en\/etoile-superior-room-minisuite-with-lobby-side-family-room-hotel-harvey-paris-17\/","url":"https:\/\/www.hotel-harvey.com\/en\/etoile-superior-room-minisuite-with-lobby-side-family-room-hotel-harvey-paris-17\/","name":"Etoile superior room - H\u00f4tel Harvey Paris","isPartOf":{"@id":"https:\/\/www.hotel-harvey.com\/#website"},"datePublished":"2022-09-12T15:04:43+00:00","dateModified":"2024-09-27T14:27:29+00:00","description":"Etoile superior room - juniorsuite with lobby or family room for 3 or 4 persons - bright and spacious - Hotel Harvey Paris near Porte Maillot","breadcrumb":{"@id":"https:\/\/www.hotel-harvey.com\/en\/etoile-superior-room-minisuite-with-lobby-side-family-room-hotel-harvey-paris-17\/#breadcrumb"},"inLanguage":"en-US","potentialAction":[{"@type":"ReadAction","target":["https:\/\/www.hotel-harvey.com\/en\/etoile-superior-room-minisuite-with-lobby-side-family-room-hotel-harvey-paris-17\/"]}]},{"@type":"BreadcrumbList","@id":"https:\/\/www.hotel-harvey.com\/en\/etoile-superior-room-minisuite-with-lobby-side-family-room-hotel-harvey-paris-17\/#breadcrumb","itemListElement":[{"@type":"ListItem","position":1,"name":"Accueil","item":"https:\/\/www.hotel-harvey.com\/en\/"},{"@type":"ListItem","position":2,"name":"Chambre Etoile sup\u00e9rieure"}]},{"@type":"WebSite","@id":"https:\/\/www.hotel-harvey.com\/#website","url":"https:\/\/www.hotel-harvey.com\/","name":"H\u00f4tel Harvey Paris","description":"H\u00f4tel de charme \u00e0 Porte Maillot","publisher":{"@id":"https:\/\/www.hotel-harvey.com\/#organization"},"potentialAction":[{"@type":"SearchAction","target":{"@type":"EntryPoint","urlTemplate":"https:\/\/www.hotel-harvey.com\/?s={search_term_string}"},"query-input":{"@type":"PropertyValueSpecification","valueRequired":true,"valueName":"search_term_string"}}],"inLanguage":"en-US"},{"@type":"Organization","@id":"https:\/\/www.hotel-harvey.com\/#organization","name":"H\u00f4tel Harvey Paris","url":"https:\/\/www.hotel-harvey.com\/","logo":{"@type":"ImageObject","inLanguage":"en-US","@id":"https:\/\/www.hotel-harvey.com\/#\/schema\/logo\/image\/","url":"https:\/\/www.hotel-harvey.com\/wp-content\/uploads\/2022\/10\/logo-hotel-harvey-paris-1.jpg","contentUrl":"https:\/\/www.hotel-harvey.com\/wp-content\/uploads\/2022\/10\/logo-hotel-harvey-paris-1.jpg","width":295,"height":295,"caption":"H\u00f4tel Harvey Paris"},"image":{"@id":"https:\/\/www.hotel-harvey.com\/#\/schema\/logo\/image\/"},"sameAs":["https:\/\/www.facebook.com\/hotelharveyparis\/","https:\/\/www.instagram.com\/hotelharveyparis\/"]}]}},"_links":{"self":[{"href":"https:\/\/www.hotel-harvey.com\/en\/wp-json\/wp\/v2\/pages\/559","targetHints":{"allow":["GET"]}}],"collection":[{"href":"https:\/\/www.hotel-harvey.com\/en\/wp-json\/wp\/v2\/pages"}],"about":[{"href":"https:\/\/www.hotel-harvey.com\/en\/wp-json\/wp\/v2\/types\/page"}],"author":[{"embeddable":true,"href":"https:\/\/www.hotel-harvey.com\/en\/wp-json\/wp\/v2\/users\/1"}],"replies":[{"embeddable":true,"href":"https:\/\/www.hotel-harvey.com\/en\/wp-json\/wp\/v2\/comments?post=559"}],"version-history":[{"count":5,"href":"https:\/\/www.hotel-harvey.com\/en\/wp-json\/wp\/v2\/pages\/559\/revisions"}],"predecessor-version":[{"id":1002,"href":"https:\/\/www.hotel-harvey.com\/en\/wp-json\/wp\/v2\/pages\/559\/revisions\/1002"}],"wp:attachment":[{"href":"https:\/\/www.hotel-harvey.com\/en\/wp-json\/wp\/v2\/media?parent=559"}],"curies":[{"name":"wp","href":"https:\/\/api.w.org\/{rel}","templated":true}]}}