{"id":556,"date":"2022-09-14T05:30:14","date_gmt":"2022-09-14T03:30:14","guid":{"rendered":"https:\/\/hotel-harvey.com\/new\/avis-clients\/"},"modified":"2023-03-30T16:04:32","modified_gmt":"2023-03-30T14:04:32","slug":"client-reviews","status":"publish","type":"page","link":"https:\/\/www.hotel-harvey.com\/en\/client-reviews\/","title":{"rendered":"Reviews"},"content":{"rendered":"\n<div class=\"row\"  id=\"row-716572813\">\n\n\n\t<div id=\"col-1905045408\" class=\"col small-12 large-12\"  >\n\t\t\t\t<div class=\"col-inner\"  >\n\t\t\t\n\t\t\t\n\n<h1 style=\"text-align: center;\">REVIEWS<\/h1>\n\n<div class=\"text-center\"><div class=\"is-divider divider clearfix\" style=\"max-width:150px;\"><\/div><\/div>\n\n<div class=\"accordion\" rel=\"1\">\n\n<div class=\"accordion-item\"><a href=\"#\" class=\"accordion-title plain\"><button class=\"toggle\" aria-label=\"Toggle\"><i class=\"icon-angle-down\"><\/i><\/button><span>Near metro station, palias congress<\/span><\/a><div class=\"accordion-inner\">\n\n<p>\u201cNear metro station, palias congress, McDonald\u2019s . Also INDIAN RESTAURANT IS JUST ACROSS STREET &amp; Good food THERE. Staff of hotel is very helping .<br \/>Taxi arranged by hotel to airport costed only 57 EUROES fixed rate. So better to book from hotel.\u201d<\/p>\n\n\n<\/div><\/div>\n<div class=\"accordion-item\"><a href=\"#\" class=\"accordion-title plain\"><button class=\"toggle\" aria-label=\"Toggle\"><i class=\"icon-angle-down\"><\/i><\/button><span>Un accueil de qualit\u00e9,<\/span><\/a><div class=\"accordion-inner\">\n\n<p>\u201cUn accueil de qualit\u00e9, le personnel tr\u00e8s agr\u00e9able, disponible et de confiance, des chambres tr\u00e8s propres et calmes, \u00e0 proximit\u00e9 des stations de m\u00e9tro.<br \/>Trop court mais vous avez contribuer \u00e0 passer un tr\u00e8s bon s\u00e9jour pour notre convention !\u201d<\/p>\n\n\n<\/div><\/div>\n<div class=\"accordion-item\"><a href=\"#\" class=\"accordion-title plain\"><button class=\"toggle\" aria-label=\"Toggle\"><i class=\"icon-angle-down\"><\/i><\/button><span>Due fratelli a spasso per Parigi! (Source Booking)<\/span><\/a><div class=\"accordion-inner\">\n\n<p>Staff cordiale e disponibile. Camera piccola, ma accogliente e pulita. Ottima la posizione per visitare Parigi. Vicino alla metro e ben servito dai mezzi pubblici.<br \/>Comodissimo da raggiungere dall\u2019aeroporto di Beauvais poich\u00e9 vicinissimo al terminal degli autobus!<\/p>\n\n<\/div><\/div>\n<div class=\"accordion-item\"><a href=\"#\" class=\"accordion-title plain\"><button class=\"toggle\" aria-label=\"Toggle\"><i class=\"icon-angle-down\"><\/i><\/button><span>Great place for family stay<\/span><\/a><div class=\"accordion-inner\">\n\n<p>Great place for family stay and good for conferences at palias des congress. Indian restuarant was just opposite to hotel.<br \/>All sight seeing places were nearby. A great pastry shop and even MACDONALD was near by. Metro station was few step away\u2013port malliot. staff of hotel is very helpful.<br \/>Also hotel to airport airport costed only 57 euroes ;arranged by hotel.<\/p>\n\n<\/div><\/div>\n<div class=\"accordion-item\"><a href=\"#\" class=\"accordion-title plain\"><button class=\"toggle\" aria-label=\"Toggle\"><i class=\"icon-angle-down\"><\/i><\/button><span>\u201cAmbiance chaleureuse\u201d<\/span><\/a><div class=\"accordion-inner\">\n\n<p>Etablissement tr\u00e8s bien plac\u00e9, au calme \u00e0 proximit\u00e9 des Champs ! Situation id\u00e9ale pour sortir le soir sans prendre le m\u00e9tro. Accueil tr\u00e8s chaleureux, personnel aimable et disponible. Tarifs tr\u00e8s raisonnables, chambres confortables, fonctionnelles et petit salon tr\u00e8s cosy \u00e0 la r\u00e9ception. Nous avons pass\u00e9 un excellent weekend.<\/p>\n\n<\/div><\/div>\n<div class=\"accordion-item\"><a href=\"#\" class=\"accordion-title plain\"><button class=\"toggle\" aria-label=\"Toggle\"><i class=\"icon-angle-down\"><\/i><\/button><span>The hotel that feels like home!  (Source Tripadvisor)<\/span><\/a><div class=\"accordion-inner\">\n\n<p>The location is perfect, near to the metro and 10 minute walk to the arc du trimph, near by you can find decent restaurant and the walking area of the neighbourhood is good. The reciptionist are very helpful all the time available providing help in directions and safety info, madam Martin feels like a mother of the place, she is great, I am definitly staying here again!<\/p>\n\n<\/div><\/div>\n<div class=\"accordion-item\"><a href=\"#\" class=\"accordion-title plain\"><button class=\"toggle\" aria-label=\"Toggle\"><i class=\"icon-angle-down\"><\/i><\/button><span>Hotel acogedor y muy bien comunicado. Adri\u00e1n S 18 mars 2018 \u2013 Source Tripadvisor<\/span><\/a><div class=\"accordion-inner\">\n\n<p>Visit\u00e9 Par\u00eds con mi novia en marzo para una visita expr\u00e9s a Disneyland y escog\u00ed este hotel por su cercan\u00eda a la parada de autobuses Beauvais-Par\u00eds, escasos 5 minutos andando, y una boca de metro de l\u00ednea amarilla casi en la puerta. La habitaci\u00f3n es tal cual las fotos, moderna, limpia y con un ba\u00f1o amplio. Tienes un mont\u00f3n de restaurantes en la zona, y por la noche es un barrio bueno y tranquilo y si quieres hacer compras tienes el centro comercial del palacio de congresos. Si como nosotros vas a Disney a 15 min andando tienes la estaci\u00f3n Charles de Gaulle en arco del triunfo donde puedes coger el RER que te lleva all\u00ed. Muy satisfecho con la experiencia.<\/p>\n\n<\/div><\/div>\n\n<\/div>\n\t<div class=\"img has-hover x md-x lg-x y md-y lg-y\" id=\"image_782884618\">\n\t\t\t\t\t\t\t\t<div class=\"img-inner image-cover dark\" style=\"padding-top:50%;\">\n\t\t\t<img decoding=\"async\" width=\"1020\" height=\"680\" src=\"https:\/\/www.hotel-harvey.com\/wp-content\/uploads\/2022\/08\/situation-hotel-harvey-paris-1-1024x683.jpg\" class=\"attachment-large size-large\" alt=\"H\u00f4tel Harvey Paris orte Maillot\" srcset=\"https:\/\/www.hotel-harvey.com\/wp-content\/uploads\/2022\/08\/situation-hotel-harvey-paris-1-1024x683.jpg 1024w, https:\/\/www.hotel-harvey.com\/wp-content\/uploads\/2022\/08\/situation-hotel-harvey-paris-1-300x200.jpg 300w, https:\/\/www.hotel-harvey.com\/wp-content\/uploads\/2022\/08\/situation-hotel-harvey-paris-1-768x512.jpg 768w, https:\/\/www.hotel-harvey.com\/wp-content\/uploads\/2022\/08\/situation-hotel-harvey-paris-1.jpg 1500w\" sizes=\"(max-width: 1020px) 100vw, 1020px\" \/>\t\t\t\t\t\t\n\t\t\t\t\t<\/div>\n\t\t\t\t\t\t\t\t\n<style>\n#image_782884618 {\n  width: 100%;\n}\n<\/style>\n\t<\/div>\n\t\n\n\n\t\t<\/div>\n\t\t\t\t\t<\/div>\n\n\t\n\n<\/div>\n\n","protected":false},"excerpt":{"rendered":"","protected":false},"author":1,"featured_media":0,"parent":0,"menu_order":0,"comment_status":"closed","ping_status":"closed","template":"","meta":{"footnotes":""},"class_list":["post-556","page","type-page","status-publish","hentry"],"yoast_head":"<!-- This site is optimized with the Yoast SEO plugin v24.3 - https:\/\/yoast.com\/wordpress\/plugins\/seo\/ -->\n<title>Hotel reviews - Hotel Harvey Paris - Near Palais des Congr\u00e8s<\/title>\n<meta name=\"description\" content=\"The opinions of our guests having stayed at the hotel Harvey, Paris 17. Best rate guaranteed official website - Ideal location in Paris\" \/>\n<meta name=\"robots\" content=\"index, follow, max-snippet:-1, max-image-preview:large, max-video-preview:-1\" \/>\n<link rel=\"canonical\" href=\"https:\/\/www.hotel-harvey.com\/en\/client-reviews\/\" \/>\n<meta property=\"og:locale\" content=\"en_US\" \/>\n<meta property=\"og:type\" content=\"article\" \/>\n<meta property=\"og:title\" content=\"Hotel reviews - Hotel Harvey Paris - Near Palais des Congr\u00e8s\" \/>\n<meta property=\"og:description\" content=\"The opinions of our guests having stayed at the hotel Harvey, Paris 17. Best rate guaranteed official website - Ideal location in Paris\" \/>\n<meta property=\"og:url\" content=\"https:\/\/www.hotel-harvey.com\/en\/client-reviews\/\" \/>\n<meta property=\"og:site_name\" content=\"H\u00f4tel Harvey Paris\" \/>\n<meta property=\"article:publisher\" content=\"https:\/\/www.facebook.com\/hotelharveyparis\/\" \/>\n<meta property=\"article:modified_time\" content=\"2023-03-30T14:04:32+00:00\" \/>\n<meta name=\"twitter:card\" content=\"summary_large_image\" \/>\n<meta name=\"twitter:label1\" content=\"Est. reading time\" \/>\n\t<meta name=\"twitter:data1\" content=\"3 minutes\" \/>\n<script type=\"application\/ld+json\" class=\"yoast-schema-graph\">{\"@context\":\"https:\/\/schema.org\",\"@graph\":[{\"@type\":\"WebPage\",\"@id\":\"https:\/\/www.hotel-harvey.com\/en\/client-reviews\/\",\"url\":\"https:\/\/www.hotel-harvey.com\/en\/client-reviews\/\",\"name\":\"Hotel reviews - Hotel Harvey Paris - Near Palais des Congr\u00e8s\",\"isPartOf\":{\"@id\":\"https:\/\/www.hotel-harvey.com\/#website\"},\"datePublished\":\"2022-09-14T03:30:14+00:00\",\"dateModified\":\"2023-03-30T14:04:32+00:00\",\"description\":\"The opinions of our guests having stayed at the hotel Harvey, Paris 17. Best rate guaranteed official website - Ideal location in Paris\",\"breadcrumb\":{\"@id\":\"https:\/\/www.hotel-harvey.com\/en\/client-reviews\/#breadcrumb\"},\"inLanguage\":\"en-US\",\"potentialAction\":[{\"@type\":\"ReadAction\",\"target\":[\"https:\/\/www.hotel-harvey.com\/en\/client-reviews\/\"]}]},{\"@type\":\"BreadcrumbList\",\"@id\":\"https:\/\/www.hotel-harvey.com\/en\/client-reviews\/#breadcrumb\",\"itemListElement\":[{\"@type\":\"ListItem\",\"position\":1,\"name\":\"Accueil\",\"item\":\"https:\/\/www.hotel-harvey.com\/en\/\"},{\"@type\":\"ListItem\",\"position\":2,\"name\":\"Reviews\"}]},{\"@type\":\"WebSite\",\"@id\":\"https:\/\/www.hotel-harvey.com\/#website\",\"url\":\"https:\/\/www.hotel-harvey.com\/\",\"name\":\"H\u00f4tel Harvey Paris\",\"description\":\"H\u00f4tel de charme \u00e0 Porte Maillot\",\"publisher\":{\"@id\":\"https:\/\/www.hotel-harvey.com\/#organization\"},\"potentialAction\":[{\"@type\":\"SearchAction\",\"target\":{\"@type\":\"EntryPoint\",\"urlTemplate\":\"https:\/\/www.hotel-harvey.com\/?s={search_term_string}\"},\"query-input\":{\"@type\":\"PropertyValueSpecification\",\"valueRequired\":true,\"valueName\":\"search_term_string\"}}],\"inLanguage\":\"en-US\"},{\"@type\":\"Organization\",\"@id\":\"https:\/\/www.hotel-harvey.com\/#organization\",\"name\":\"H\u00f4tel Harvey Paris\",\"url\":\"https:\/\/www.hotel-harvey.com\/\",\"logo\":{\"@type\":\"ImageObject\",\"inLanguage\":\"en-US\",\"@id\":\"https:\/\/www.hotel-harvey.com\/#\/schema\/logo\/image\/\",\"url\":\"https:\/\/www.hotel-harvey.com\/wp-content\/uploads\/2022\/10\/logo-hotel-harvey-paris-1.jpg\",\"contentUrl\":\"https:\/\/www.hotel-harvey.com\/wp-content\/uploads\/2022\/10\/logo-hotel-harvey-paris-1.jpg\",\"width\":295,\"height\":295,\"caption\":\"H\u00f4tel Harvey Paris\"},\"image\":{\"@id\":\"https:\/\/www.hotel-harvey.com\/#\/schema\/logo\/image\/\"},\"sameAs\":[\"https:\/\/www.facebook.com\/hotelharveyparis\/\",\"https:\/\/www.instagram.com\/hotelharveyparis\/\"]}]}<\/script>\n<!-- \/ Yoast SEO plugin. -->","yoast_head_json":{"title":"Hotel reviews - Hotel Harvey Paris - Near Palais des Congr\u00e8s","description":"The opinions of our guests having stayed at the hotel Harvey, Paris 17. Best rate guaranteed official website - Ideal location in Paris","robots":{"index":"index","follow":"follow","max-snippet":"max-snippet:-1","max-image-preview":"max-image-preview:large","max-video-preview":"max-video-preview:-1"},"canonical":"https:\/\/www.hotel-harvey.com\/en\/client-reviews\/","og_locale":"en_US","og_type":"article","og_title":"Hotel reviews - Hotel Harvey Paris - Near Palais des Congr\u00e8s","og_description":"The opinions of our guests having stayed at the hotel Harvey, Paris 17. Best rate guaranteed official website - Ideal location in Paris","og_url":"https:\/\/www.hotel-harvey.com\/en\/client-reviews\/","og_site_name":"H\u00f4tel Harvey Paris","article_publisher":"https:\/\/www.facebook.com\/hotelharveyparis\/","article_modified_time":"2023-03-30T14:04:32+00:00","twitter_card":"summary_large_image","twitter_misc":{"Est. reading time":"3 minutes"},"schema":{"@context":"https:\/\/schema.org","@graph":[{"@type":"WebPage","@id":"https:\/\/www.hotel-harvey.com\/en\/client-reviews\/","url":"https:\/\/www.hotel-harvey.com\/en\/client-reviews\/","name":"Hotel reviews - Hotel Harvey Paris - Near Palais des Congr\u00e8s","isPartOf":{"@id":"https:\/\/www.hotel-harvey.com\/#website"},"datePublished":"2022-09-14T03:30:14+00:00","dateModified":"2023-03-30T14:04:32+00:00","description":"The opinions of our guests having stayed at the hotel Harvey, Paris 17. Best rate guaranteed official website - Ideal location in Paris","breadcrumb":{"@id":"https:\/\/www.hotel-harvey.com\/en\/client-reviews\/#breadcrumb"},"inLanguage":"en-US","potentialAction":[{"@type":"ReadAction","target":["https:\/\/www.hotel-harvey.com\/en\/client-reviews\/"]}]},{"@type":"BreadcrumbList","@id":"https:\/\/www.hotel-harvey.com\/en\/client-reviews\/#breadcrumb","itemListElement":[{"@type":"ListItem","position":1,"name":"Accueil","item":"https:\/\/www.hotel-harvey.com\/en\/"},{"@type":"ListItem","position":2,"name":"Reviews"}]},{"@type":"WebSite","@id":"https:\/\/www.hotel-harvey.com\/#website","url":"https:\/\/www.hotel-harvey.com\/","name":"H\u00f4tel Harvey Paris","description":"H\u00f4tel de charme \u00e0 Porte Maillot","publisher":{"@id":"https:\/\/www.hotel-harvey.com\/#organization"},"potentialAction":[{"@type":"SearchAction","target":{"@type":"EntryPoint","urlTemplate":"https:\/\/www.hotel-harvey.com\/?s={search_term_string}"},"query-input":{"@type":"PropertyValueSpecification","valueRequired":true,"valueName":"search_term_string"}}],"inLanguage":"en-US"},{"@type":"Organization","@id":"https:\/\/www.hotel-harvey.com\/#organization","name":"H\u00f4tel Harvey Paris","url":"https:\/\/www.hotel-harvey.com\/","logo":{"@type":"ImageObject","inLanguage":"en-US","@id":"https:\/\/www.hotel-harvey.com\/#\/schema\/logo\/image\/","url":"https:\/\/www.hotel-harvey.com\/wp-content\/uploads\/2022\/10\/logo-hotel-harvey-paris-1.jpg","contentUrl":"https:\/\/www.hotel-harvey.com\/wp-content\/uploads\/2022\/10\/logo-hotel-harvey-paris-1.jpg","width":295,"height":295,"caption":"H\u00f4tel Harvey Paris"},"image":{"@id":"https:\/\/www.hotel-harvey.com\/#\/schema\/logo\/image\/"},"sameAs":["https:\/\/www.facebook.com\/hotelharveyparis\/","https:\/\/www.instagram.com\/hotelharveyparis\/"]}]}},"_links":{"self":[{"href":"https:\/\/www.hotel-harvey.com\/en\/wp-json\/wp\/v2\/pages\/556","targetHints":{"allow":["GET"]}}],"collection":[{"href":"https:\/\/www.hotel-harvey.com\/en\/wp-json\/wp\/v2\/pages"}],"about":[{"href":"https:\/\/www.hotel-harvey.com\/en\/wp-json\/wp\/v2\/types\/page"}],"author":[{"embeddable":true,"href":"https:\/\/www.hotel-harvey.com\/en\/wp-json\/wp\/v2\/users\/1"}],"replies":[{"embeddable":true,"href":"https:\/\/www.hotel-harvey.com\/en\/wp-json\/wp\/v2\/comments?post=556"}],"version-history":[{"count":2,"href":"https:\/\/www.hotel-harvey.com\/en\/wp-json\/wp\/v2\/pages\/556\/revisions"}],"predecessor-version":[{"id":629,"href":"https:\/\/www.hotel-harvey.com\/en\/wp-json\/wp\/v2\/pages\/556\/revisions\/629"}],"wp:attachment":[{"href":"https:\/\/www.hotel-harvey.com\/en\/wp-json\/wp\/v2\/media?parent=556"}],"curies":[{"name":"wp","href":"https:\/\/api.w.org\/{rel}","templated":true}]}}